{"id":763149,"date":"2025-08-28T10:32:04","date_gmt":"2025-08-28T07:32:04","guid":{"rendered":"https:\/\/roveyayinevi.com.tr\/index.php\/urun\/medya-ve-kultur-calismalari-nasil-yapilir\/"},"modified":"2026-04-15T03:28:35","modified_gmt":"2026-04-15T00:28:35","slug":"medya-ve-kultur-calismalari-nasil-yapilir","status":"publish","type":"product","link":"https:\/\/roveyayinevi.com.tr\/index.php\/urun\/medya-ve-kultur-calismalari-nasil-yapilir\/","title":{"rendered":"Medya ve K\u00fclt\u00fcr \u00c7al\u0131\u015fmalar\u0131 Nas\u0131l Yap\u0131l\u0131r?"},"content":{"rendered":"<p>Jane Stokes\u2019un T\u00fcrk\u00e7e\u2019ye kazand\u0131r\u0131lan ve g\u00fcncellenmi\u015f Medya ve K\u00fclt\u00fcr \u00c7al\u0131\u015fmalar\u0131 Nas\u0131l Yap\u0131l\u0131r? adl\u0131 bu \u00e7al\u0131\u015fmas\u0131 ileti\u015fim, medya, k\u00fclt\u00fcrel \u00e7al\u0131\u015fmalar, sosyoloji, iktisat, siyaset bilimi ve kamu y\u00f6netimi gibi sosyal bilimlerin farkl\u0131 disiplinlerinde \u00e7al\u0131\u015fmalar yapacak ara\u015ft\u0131rmac\u0131lar i\u00e7in temel bir ba\u015fucu kitab\u0131 niteli\u011fini ta\u015f\u0131makta. Stokes\u2019un \u00e7al\u0131\u015fmas\u0131, bilimsel soru sorma, sorular\u0131 kuramsal ve kavramsal bir bak\u0131\u015f a\u00e7\u0131s\u0131yla epistemolojik ve ontolojik tutarl\u0131l\u0131kla geli\u015ftirme konular\u0131n\u0131 ve ara\u015ft\u0131rma y\u00f6ntem ve tekniklerini nas\u0131l kullanaca\u011f\u0131m\u0131z\u0131 \u00f6rnekler ile a\u00e7\u0131klamakta. Bir ara\u015ft\u0131rma s\u00fcrecinde dikkat edilmesi gereken ara\u015ft\u0131rma eti\u011fi ve s\u00fcreci de kitapta serimlenmekte. Kitab\u0131n en \u00f6nemli y\u00f6n\u00fc medya ve k\u00fclt\u00fcr ara\u015ft\u0131rmas\u0131 yapman\u0131n \u00f6nemini g\u00f6stermesi. G\u00fcndelik ya\u015fam\u0131m\u0131z\u0131 \u00e7evreleyen medya ve yeni dolay\u0131ml\u0131 temsil pratikleri, medya ve yeni medya t\u00fcketimlerimiz birey olarak bizi, toplumu, k\u00fclt\u00fcr\u00fc, siyaseti ve ekonomiyi etkilemekte, pandemi s\u00fcrecinin keskinle\u015ftirdi\u011fi \u00fczere alt yap\u0131 ve hizmet platformlar\u0131na s\u00fcrekli ba\u011flant\u0131l\u0131 bir ya\u015fam s\u00fcrmekteyiz. Medya ve k\u00fclt\u00fcr \u00e7al\u0131\u015fmas\u0131 yapmak tam da bu nedenle i\u00e7inde bulundu\u011fumuz \u00e7a\u011f\u0131n ruhunu anlamak ve m\u00fcdahil olmak i\u00e7in gereklidir. Hakikat \u00f6tesi kurgular\u0131 ve infodemiyi, platform kapitalizmini ve yeni e\u015fik bek\u00e7ileri olarak algoritmalar\u0131, dijital e\u015fitsizlikleri, medyada ve yeni medya ortamlar\u0131nda dola\u015f\u0131ma sokulan a\u015f\u0131r\u0131, eksik veya yanl\u0131\u015f temsilleri, nefret s\u00f6yleminin farkl\u0131 t\u00fcrlerini \u00fcreten dilsel ve g\u00f6stergebilimsel pratikleri, kamunun g\u00f6rsel-i\u015fitsel k\u00fclt\u00fcr politikalar\u0131n\u0131 \u00e7al\u0131\u015fmak i\u00e7in elimizde tuttu\u011fumuz bu kitap ufuk a\u00e7\u0131c\u0131. Stokes\u2019un \u00e7al\u0131\u015fmas\u0131 medya ve k\u00fclt\u00fcre, daha geni\u015f bir ifadeyle toplumsal ya\u015fama m\u00fcdahale i\u00e7in gerekli yollar\u0131 temel olarak sunarken, ileri okuma ve d\u00fc\u015f\u00fcnd\u00fcr\u00fcc\u00fc ara\u015ft\u0131rma \u00f6nerileriyle okuruna, medya ve k\u00fclt\u00fcr ara\u015ft\u0131rmac\u0131lar\u0131na yeni ara\u015ft\u0131rma konular\u0131 i\u00e7in patikalar a\u00e7maktad\u0131r. Okuru ve esin verdi\u011fi ara\u015ft\u0131rma sorular\u0131 bol olsun\u2026 Prof. Dr. Mutlu Binark Hacettepe \u00dcniversitesi \u0130leti\u015fim Fak\u00fcltesi Radyo, TV ve Sinema B\u00f6l\u00fcm\u00fc <\/p>\n","protected":false},"excerpt":{"rendered":"<p>Jane Stokes\u2019un T\u00fcrk\u00e7e\u2019ye kazand\u0131r\u0131lan ve g\u00fcncellenmi\u015f Medya ve K\u00fclt\u00fcr \u00c7al\u0131\u015fmalar\u0131 Nas\u0131l Yap\u0131l\u0131r? adl\u0131 bu \u00e7al\u0131\u015fmas\u0131 ileti\u015fim, medya, k\u00fclt\u00fcrel \u00e7al\u0131\u015fmalar, sosyoloji, iktisat, siyaset bilimi ve kamu y\u00f6netimi<span class=\"excerpt-hellip\"> [\u2026]<\/span><\/p>\n","protected":false},"featured_media":0,"template":"","meta":{"_monsterinsights_skip_tracking":false,"_monsterinsights_sitenote_active":false,"_monsterinsights_sitenote_note":"","_monsterinsights_sitenote_category":0},"product_brand":[],"product_cat":[12573,12566],"product_tag":[],"class_list":{"0":"post-763149","1":"product","2":"type-product","3":"status-publish","5":"product_cat-akademik-kitaplar","6":"product_cat-egitim","7":"pa_cilt-ciltsiz","8":"pa_tur-kitap","9":"pa_yayinevi-kapadokya-universitesi-yayinlari","10":"pa_yazar-jane-stokes","12":"first","13":"instock","14":"sale","15":"shipping-taxable","16":"purchasable","17":"product-type-simple"},"_links":{"self":[{"href":"https:\/\/roveyayinevi.com.tr\/index.php\/wp-json\/wp\/v2\/product\/763149","targetHints":{"allow":["GET"]}}],"collection":[{"href":"https:\/\/roveyayinevi.com.tr\/index.php\/wp-json\/wp\/v2\/product"}],"about":[{"href":"https:\/\/roveyayinevi.com.tr\/index.php\/wp-json\/wp\/v2\/types\/product"}],"wp:attachment":[{"href":"https:\/\/roveyayinevi.com.tr\/index.php\/wp-json\/wp\/v2\/media?parent=763149"}],"wp:term":[{"taxonomy":"product_brand","embeddable":true,"href":"https:\/\/roveyayinevi.com.tr\/index.php\/wp-json\/wp\/v2\/product_brand?post=763149"},{"taxonomy":"product_cat","embeddable":true,"href":"https:\/\/roveyayinevi.com.tr\/index.php\/wp-json\/wp\/v2\/product_cat?post=763149"},{"taxonomy":"product_tag","embeddable":true,"href":"https:\/\/roveyayinevi.com.tr\/index.php\/wp-json\/wp\/v2\/product_tag?post=763149"}],"curies":[{"name":"wp","href":"https:\/\/api.w.org\/{rel}","templated":true}]}}