{"id":763147,"date":"2025-08-28T10:32:01","date_gmt":"2025-08-28T07:32:01","guid":{"rendered":"https:\/\/roveyayinevi.com.tr\/index.php\/urun\/klinik-mikrobiyoloji-uygulama-kitabi\/"},"modified":"2026-04-15T03:28:35","modified_gmt":"2026-04-15T00:28:35","slug":"klinik-mikrobiyoloji-uygulama-kitabi","status":"publish","type":"product","link":"https:\/\/roveyayinevi.com.tr\/index.php\/urun\/klinik-mikrobiyoloji-uygulama-kitabi\/","title":{"rendered":"Klinik Mikrobiyoloji Uygulama Kitab\u0131"},"content":{"rendered":"<p>Klinik Mikrobiyoloji Uygulama Kitab\u0131, \u00f6nlisans \u00f6\u011frencilerinin uygulamal\u0131 mikrobiyoloji derslerinde okutulabilecek bir nitelikle haz\u0131rlanm\u0131\u015ft\u0131r. Kitab\u0131n teorik k\u0131s\u0131mlar\u0131 bilhassa k\u0131sa tutulmu\u015f ve en temel uygulamalara a\u011f\u0131rl\u0131k verilmi\u015ftir. S\u00f6z konusu uygulamalar ise laboratuvar \u00e7al\u0131\u015fmalar\u0131nda \u00f6\u011frencilere kolayl\u0131k sa\u011flayabilmesi ad\u0131na kademe kademe anlat\u0131lm\u0131\u015ft\u0131r. \u00d6nlisans d\u00fczeyindeki T\u0131bbi Laboratuvar Teknikleri ile Patoloji Laboratuvar Teknikleri programlar\u0131n\u0131n Mikrobiyoloji ve Klinik Mikrobiyoloji derslerinin i\u00e7erikleriyle uyumlu olarak d\u00fczenlenen bu kitap, Bakteriyoloji, Mikoloji ve Temel Parazitoloji konular\u0131n\u0131 i\u00e7ermektedir. Mikrobiyolojinin di\u011fer uygulama alanlar\u0131 olan Viroloji, Molek\u00fcler Mikrobiyoloji ve \u0130mmunoloji-Seroloji konular\u0131, genel olarak ayr\u0131 dersler olarak okutuldu\u011fundan bu kitaba d\u00e2hil edilmemi\u015ftir. Kitab\u0131n, T\u0131bbi Laboratuvar Teknikleri program\u0131 \u00f6\u011frencilerine ve mikrobiyoloji alan\u0131na ilgi duyanlara faydal\u0131 olmas\u0131 ama\u00e7lanmaktad\u0131r. <\/p>\n","protected":false},"excerpt":{"rendered":"<p>Klinik Mikrobiyoloji Uygulama Kitab\u0131, \u00f6nlisans \u00f6\u011frencilerinin uygulamal\u0131 mikrobiyoloji derslerinde okutulabilecek bir nitelikle haz\u0131rlanm\u0131\u015ft\u0131r. Kitab\u0131n teorik k\u0131s\u0131mlar\u0131 bilhassa k\u0131sa tutulmu\u015f ve en temel uygulamalara a\u011f\u0131rl\u0131k verilmi\u015ftir. S\u00f6z<span class=\"excerpt-hellip\"> [\u2026]<\/span><\/p>\n","protected":false},"featured_media":0,"template":"","meta":{"_monsterinsights_skip_tracking":false,"_monsterinsights_sitenote_active":false,"_monsterinsights_sitenote_note":"","_monsterinsights_sitenote_category":0},"product_brand":[],"product_cat":[13365],"product_tag":[],"class_list":{"0":"post-763147","1":"product","2":"type-product","3":"status-publish","5":"product_cat-saglik","6":"pa_cilt-ciltsiz","7":"pa_tur-kitap","8":"pa_yayinevi-kapadokya-universitesi-yayinlari","9":"pa_yazar-pelin-ozmen","11":"first","12":"instock","13":"sale","14":"shipping-taxable","15":"purchasable","16":"product-type-simple"},"_links":{"self":[{"href":"https:\/\/roveyayinevi.com.tr\/index.php\/wp-json\/wp\/v2\/product\/763147","targetHints":{"allow":["GET"]}}],"collection":[{"href":"https:\/\/roveyayinevi.com.tr\/index.php\/wp-json\/wp\/v2\/product"}],"about":[{"href":"https:\/\/roveyayinevi.com.tr\/index.php\/wp-json\/wp\/v2\/types\/product"}],"wp:attachment":[{"href":"https:\/\/roveyayinevi.com.tr\/index.php\/wp-json\/wp\/v2\/media?parent=763147"}],"wp:term":[{"taxonomy":"product_brand","embeddable":true,"href":"https:\/\/roveyayinevi.com.tr\/index.php\/wp-json\/wp\/v2\/product_brand?post=763147"},{"taxonomy":"product_cat","embeddable":true,"href":"https:\/\/roveyayinevi.com.tr\/index.php\/wp-json\/wp\/v2\/product_cat?post=763147"},{"taxonomy":"product_tag","embeddable":true,"href":"https:\/\/roveyayinevi.com.tr\/index.php\/wp-json\/wp\/v2\/product_tag?post=763147"}],"curies":[{"name":"wp","href":"https:\/\/api.w.org\/{rel}","templated":true}]}}