{"id":763146,"date":"2025-08-28T10:32:00","date_gmt":"2025-08-28T07:32:00","guid":{"rendered":"https:\/\/roveyayinevi.com.tr\/index.php\/urun\/klinik-biyokimya-uygulama-kitabi\/"},"modified":"2026-04-15T03:28:35","modified_gmt":"2026-04-15T00:28:35","slug":"klinik-biyokimya-uygulama-kitabi","status":"publish","type":"product","link":"https:\/\/roveyayinevi.com.tr\/index.php\/urun\/klinik-biyokimya-uygulama-kitabi\/","title":{"rendered":"Klinik Biyokimya Uygulama Kitab\u0131"},"content":{"rendered":"<p>Klinik Biyokimya Uygulama Kitab\u0131, sa\u011fl\u0131k bilimlerinde uygulamal\u0131 derslerde kullan\u0131labilecek kaynak kitaplar\u0131n s\u0131n\u0131rl\u0131 say\u0131da olmas\u0131 nedeniyle haz\u0131rlanm\u0131\u015ft\u0131r. Alana y\u00f6nelik en g\u00fcncel bilgi ve y\u00f6ntemleri i\u00e7eren bu kitap ile teorik bilgilerden sonu\u00e7lar\u0131n al\u0131nmas\u0131na kadar devam eden a\u015famalar\u0131n tamam\u0131nda s\u0131ral\u0131 i\u015flem basamaklar\u0131n\u0131 izleme imk\u00e2n\u0131 olu\u015fturulmu\u015ftur. Kitap i\u00e7erisinde, her testin ad\u0131yla belirtilmi\u015f 48 adet deney uygulamas\u0131n\u0131n yan\u0131 s\u0131ra \u00e7al\u0131\u015f\u0131lan \u00f6rnek t\u00fcr\u00fc, metot, gerekli malzemeler, uygulamadan elde edilecek sonu\u00e7lar ve verilerin yaz\u0131labilece\u011fi bo\u015f alanlar i\u015flem basamaklar\u0131yla birlikte verilmi\u015ftir. Bu sayede kontrol listeleri arac\u0131l\u0131\u011f\u0131yla i\u015flem yap\u0131l\u0131rken uygulama prosed\u00fcr\u00fcn\u00fcn hangi a\u015famas\u0131nda olundu\u011fu kolayl\u0131kla takip edilebilecektir. Mevcut ders kitaplar\u0131ndaki eksikler dikkate al\u0131narak geli\u015ftiren bu y\u00f6ntemle, g\u00f6zlem a\u015famas\u0131ndan beceri edinme s\u00fcrecinin ba\u015far\u0131yla tamamlanmas\u0131na kadar gerekli olan teorik bilginin prati\u011fe d\u00f6k\u00fclmesi kolayla\u015ft\u0131r\u0131lm\u0131\u015ft\u0131r. Gerek zengin teorik i\u00e7eri\u011fi gerekse deneylerin takibinde izlenecek y\u00f6ntemlerin yal\u0131n anlat\u0131m\u0131, y\u00fcksek\u00f6\u011fretim \u00f6\u011frencileri ile de\u011ferli meslekta\u015flar\u0131m\u0131z\u0131n yan\u0131 s\u0131ra alana ilgili duyan okurlar\u0131n da titiz bir \u00e7al\u0131\u015fman\u0131n verimi olan bu kaynak kitaptan azami derecede faydalanmalar\u0131n\u0131 sa\u011flayacakt\u0131r. <\/p>\n","protected":false},"excerpt":{"rendered":"<p>Klinik Biyokimya Uygulama Kitab\u0131, sa\u011fl\u0131k bilimlerinde uygulamal\u0131 derslerde kullan\u0131labilecek kaynak kitaplar\u0131n s\u0131n\u0131rl\u0131 say\u0131da olmas\u0131 nedeniyle haz\u0131rlanm\u0131\u015ft\u0131r. Alana y\u00f6nelik en g\u00fcncel bilgi ve y\u00f6ntemleri i\u00e7eren bu kitap<span class=\"excerpt-hellip\"> [\u2026]<\/span><\/p>\n","protected":false},"featured_media":0,"template":"","meta":{"_monsterinsights_skip_tracking":false,"_monsterinsights_sitenote_active":false,"_monsterinsights_sitenote_note":"","_monsterinsights_sitenote_category":0},"product_brand":[],"product_cat":[13365],"product_tag":[],"class_list":{"0":"post-763146","1":"product","2":"type-product","3":"status-publish","5":"product_cat-saglik","6":"pa_cilt-ciltsiz","7":"pa_tur-kitap","8":"pa_yayinevi-kapadokya-universitesi-yayinlari","9":"pa_yazar-elif-gezer-aslan","11":"first","12":"instock","13":"sale","14":"shipping-taxable","15":"purchasable","16":"product-type-simple"},"_links":{"self":[{"href":"https:\/\/roveyayinevi.com.tr\/index.php\/wp-json\/wp\/v2\/product\/763146","targetHints":{"allow":["GET"]}}],"collection":[{"href":"https:\/\/roveyayinevi.com.tr\/index.php\/wp-json\/wp\/v2\/product"}],"about":[{"href":"https:\/\/roveyayinevi.com.tr\/index.php\/wp-json\/wp\/v2\/types\/product"}],"wp:attachment":[{"href":"https:\/\/roveyayinevi.com.tr\/index.php\/wp-json\/wp\/v2\/media?parent=763146"}],"wp:term":[{"taxonomy":"product_brand","embeddable":true,"href":"https:\/\/roveyayinevi.com.tr\/index.php\/wp-json\/wp\/v2\/product_brand?post=763146"},{"taxonomy":"product_cat","embeddable":true,"href":"https:\/\/roveyayinevi.com.tr\/index.php\/wp-json\/wp\/v2\/product_cat?post=763146"},{"taxonomy":"product_tag","embeddable":true,"href":"https:\/\/roveyayinevi.com.tr\/index.php\/wp-json\/wp\/v2\/product_tag?post=763146"}],"curies":[{"name":"wp","href":"https:\/\/api.w.org\/{rel}","templated":true}]}}