{"id":763145,"date":"2025-08-28T10:31:59","date_gmt":"2025-08-28T07:31:59","guid":{"rendered":"https:\/\/roveyayinevi.com.tr\/index.php\/urun\/kapadokya-ekonomi-toplantilari-iii\/"},"modified":"2026-04-15T03:28:35","modified_gmt":"2026-04-15T00:28:35","slug":"kapadokya-ekonomi-toplantilari-iii","status":"publish","type":"product","link":"https:\/\/roveyayinevi.com.tr\/index.php\/urun\/kapadokya-ekonomi-toplantilari-iii\/","title":{"rendered":"Kapadokya Ekonomi Toplant\u0131lar\u0131 III"},"content":{"rendered":"<p>Kapadokya \u00dcniversitesi \u0130\u0130BF olarak d\u00fczenledi\u011fimiz \u201cKapadokya Turizminde Pazar ve \u00dcr\u00fcn \u00c7e\u015fitlendirmesi Sorunlar\u0131\u201d konulu toplant\u0131m\u0131zda da g\u00f6r\u00fcld\u00fc\u011f\u00fc gibi, \u00fcniversite-end\u00fcstri i\u015fbirli\u011finin olu\u015fturulmas\u0131n\u0131 engelleyen nedenler, taraflar aras\u0131ndaki ileti\u015fim zay\u0131fl\u0131\u011f\u0131, kar\u015f\u0131l\u0131kl\u0131 g\u00fcven eksikli\u011fi ve uygulanan yanl\u0131\u015f y\u00f6ntemlerdir. Bu konuda ilgili bakanl\u0131\u011f\u0131n ayr\u0131nt\u0131l\u0131 \u00e7al\u0131\u015fmalar yapt\u0131rd\u0131\u011f\u0131n\u0131 biliyoruz. Art\u0131k i\u015fbirli\u011finin kurumsal olarak ger\u00e7ekle\u015ftirilemeyece\u011fi varsay\u0131m\u0131yla, \u00fcniversitelerin teknoparklar\u0131nda taraflar aras\u0131nda ekonomik ortakl\u0131k esasl\u0131 turizm dan\u0131\u015fmanl\u0131\u011f\u0131 ve ara\u015ft\u0131rmac\u0131l\u0131\u011f\u0131 \u015firketlerinin kurulmas\u0131n\u0131n tercih edilece\u011fi anla\u015f\u0131lmaktad\u0131r. Uzun vadede s\u00fcrd\u00fcr\u00fclebilirli\u011fini sa\u011flamak isteyen i\u015fletmeler, bu \u00f6zel sekt\u00f6r firmalar\u0131ndan ulusal ve uluslararas\u0131 nitelikte hizmet sat\u0131n alma yoluna gideceklerdir. <\/p>\n","protected":false},"excerpt":{"rendered":"<p>Kapadokya \u00dcniversitesi \u0130\u0130BF olarak d\u00fczenledi\u011fimiz \u201cKapadokya Turizminde Pazar ve \u00dcr\u00fcn \u00c7e\u015fitlendirmesi Sorunlar\u0131\u201d konulu toplant\u0131m\u0131zda da g\u00f6r\u00fcld\u00fc\u011f\u00fc gibi, \u00fcniversite-end\u00fcstri i\u015fbirli\u011finin olu\u015fturulmas\u0131n\u0131 engelleyen nedenler, taraflar aras\u0131ndaki ileti\u015fim zay\u0131fl\u0131\u011f\u0131,<span class=\"excerpt-hellip\"> [\u2026]<\/span><\/p>\n","protected":false},"featured_media":0,"template":"","meta":{"_monsterinsights_skip_tracking":false,"_monsterinsights_sitenote_active":false,"_monsterinsights_sitenote_note":"","_monsterinsights_sitenote_category":0},"product_brand":[],"product_cat":[13043],"product_tag":[],"class_list":{"0":"post-763145","1":"product","2":"type-product","3":"status-publish","5":"product_cat-ekonomi","6":"pa_cilt-ciltsiz","7":"pa_tur-kitap","8":"pa_yayinevi-kapadokya-universitesi-yayinlari","9":"pa_yazar-kolektif","11":"first","12":"instock","13":"sale","14":"shipping-taxable","15":"purchasable","16":"product-type-simple"},"_links":{"self":[{"href":"https:\/\/roveyayinevi.com.tr\/index.php\/wp-json\/wp\/v2\/product\/763145","targetHints":{"allow":["GET"]}}],"collection":[{"href":"https:\/\/roveyayinevi.com.tr\/index.php\/wp-json\/wp\/v2\/product"}],"about":[{"href":"https:\/\/roveyayinevi.com.tr\/index.php\/wp-json\/wp\/v2\/types\/product"}],"wp:attachment":[{"href":"https:\/\/roveyayinevi.com.tr\/index.php\/wp-json\/wp\/v2\/media?parent=763145"}],"wp:term":[{"taxonomy":"product_brand","embeddable":true,"href":"https:\/\/roveyayinevi.com.tr\/index.php\/wp-json\/wp\/v2\/product_brand?post=763145"},{"taxonomy":"product_cat","embeddable":true,"href":"https:\/\/roveyayinevi.com.tr\/index.php\/wp-json\/wp\/v2\/product_cat?post=763145"},{"taxonomy":"product_tag","embeddable":true,"href":"https:\/\/roveyayinevi.com.tr\/index.php\/wp-json\/wp\/v2\/product_tag?post=763145"}],"curies":[{"name":"wp","href":"https:\/\/api.w.org\/{rel}","templated":true}]}}