{"id":763144,"date":"2025-08-28T10:31:57","date_gmt":"2025-08-28T07:31:57","guid":{"rendered":"https:\/\/roveyayinevi.com.tr\/index.php\/urun\/kapadokya-ekonomi-toplantilari-ii\/"},"modified":"2026-04-15T03:28:35","modified_gmt":"2026-04-15T00:28:35","slug":"kapadokya-ekonomi-toplantilari-ii","status":"publish","type":"product","link":"https:\/\/roveyayinevi.com.tr\/index.php\/urun\/kapadokya-ekonomi-toplantilari-ii\/","title":{"rendered":"Kapadokya Ekonomi Toplant\u0131lar\u0131 II"},"content":{"rendered":"<p>Kapadokya Ekonomi Toplant\u0131lar\u0131 ismi alt\u0131nda gelenekselle\u015ftirdi\u011fimiz panellerin bu ikincisinde \u201cNev\u015fehir\u2019de kamu-\u00fcniversite-sanayi i\u015fbirli\u011fi\u201d konusunun tart\u0131\u015f\u0131lmas\u0131n\u0131 istedik. Toplant\u0131m\u0131za Bilim, Sanayi ve Teknoloji Bakanl\u0131\u011f\u0131, Nev\u015fehir Ticaret ve Sanayi Odas\u0131, Nev\u015fehir Hac\u0131 Bekta\u015f Veli \u00dcniversitesi, i\u015f alemi ve Kapadokya \u00dcniversitesinden konu\u015fmac\u0131lar kat\u0131ld\u0131lar. Bu toplant\u0131m\u0131zda bilim-teknoloji-yenilik ili\u015fkisinin anlam\u0131n\u0131n bilincinde olan payda\u015flar olarak kamu-\u00fcniversite-sanayi i\u015fbirli\u011finin i\u015fletmelerimizde verimlilik ve rekabet yeteneklerinin y\u00fckselmesinde etkili oldu\u011funa, konunun \u00f6nemine binaen yeniden i\u015faret etmek istedik. Bu y\u00f6nde kurumsal yeni yap\u0131lanmalar\u0131n gerekli oldu\u011funu somut \u00f6nerilerle g\u00f6stermeye \u00e7al\u0131\u015ft\u0131k. <\/p>\n","protected":false},"excerpt":{"rendered":"<p>Kapadokya Ekonomi Toplant\u0131lar\u0131 ismi alt\u0131nda gelenekselle\u015ftirdi\u011fimiz panellerin bu ikincisinde \u201cNev\u015fehir\u2019de kamu-\u00fcniversite-sanayi i\u015fbirli\u011fi\u201d konusunun tart\u0131\u015f\u0131lmas\u0131n\u0131 istedik. Toplant\u0131m\u0131za Bilim, Sanayi ve Teknoloji Bakanl\u0131\u011f\u0131, Nev\u015fehir Ticaret ve Sanayi Odas\u0131,<span class=\"excerpt-hellip\"> [\u2026]<\/span><\/p>\n","protected":false},"featured_media":0,"template":"","meta":{"_monsterinsights_skip_tracking":false,"_monsterinsights_sitenote_active":false,"_monsterinsights_sitenote_note":"","_monsterinsights_sitenote_category":0},"product_brand":[],"product_cat":[13043],"product_tag":[],"class_list":{"0":"post-763144","1":"product","2":"type-product","3":"status-publish","5":"product_cat-ekonomi","6":"pa_cilt-ciltsiz","7":"pa_tur-kitap","8":"pa_yayinevi-kapadokya-universitesi-yayinlari","9":"pa_yazar-kolektif","11":"first","12":"instock","13":"sale","14":"shipping-taxable","15":"purchasable","16":"product-type-simple"},"_links":{"self":[{"href":"https:\/\/roveyayinevi.com.tr\/index.php\/wp-json\/wp\/v2\/product\/763144","targetHints":{"allow":["GET"]}}],"collection":[{"href":"https:\/\/roveyayinevi.com.tr\/index.php\/wp-json\/wp\/v2\/product"}],"about":[{"href":"https:\/\/roveyayinevi.com.tr\/index.php\/wp-json\/wp\/v2\/types\/product"}],"wp:attachment":[{"href":"https:\/\/roveyayinevi.com.tr\/index.php\/wp-json\/wp\/v2\/media?parent=763144"}],"wp:term":[{"taxonomy":"product_brand","embeddable":true,"href":"https:\/\/roveyayinevi.com.tr\/index.php\/wp-json\/wp\/v2\/product_brand?post=763144"},{"taxonomy":"product_cat","embeddable":true,"href":"https:\/\/roveyayinevi.com.tr\/index.php\/wp-json\/wp\/v2\/product_cat?post=763144"},{"taxonomy":"product_tag","embeddable":true,"href":"https:\/\/roveyayinevi.com.tr\/index.php\/wp-json\/wp\/v2\/product_tag?post=763144"}],"curies":[{"name":"wp","href":"https:\/\/api.w.org\/{rel}","templated":true}]}}