{"id":763142,"date":"2025-08-28T10:31:54","date_gmt":"2025-08-28T07:31:54","guid":{"rendered":"https:\/\/roveyayinevi.com.tr\/index.php\/urun\/kapadokya-ekonomi-toplantilari-i\/"},"modified":"2026-04-15T03:28:35","modified_gmt":"2026-04-15T00:28:35","slug":"kapadokya-ekonomi-toplantilari-i","status":"publish","type":"product","link":"https:\/\/roveyayinevi.com.tr\/index.php\/urun\/kapadokya-ekonomi-toplantilari-i\/","title":{"rendered":"Kapadokya Ekonomi Toplant\u0131lar\u0131 I"},"content":{"rendered":"<p>\u00dcniversitelerin \u00fcretti\u011fi bilginin bir boyutu, reel sekt\u00f6r\u00fcn kar\u015f\u0131 kar\u015f\u0131ya kald\u0131\u011f\u0131 ve \u00e7o\u011funlukla uygulamaya y\u00f6nelik sorunlara katk\u0131 sunmaya y\u00f6neliktir. Bu anlamda iktisadi ve idari bilimler fak\u00fclteleri, reel sekt\u00f6r\u00fcn \u00e7e\u015fitli i\u015flevlerine y\u00f6nelik bilimsel bilgiye dayal\u0131 yeni yakla\u015f\u0131mlar ve y\u00f6ntemler sunan \u00f6nemli kurumlard\u0131r. Bu kitap 27 Kas\u0131m 2018 tarihinde d\u00fczenlenen \u201cKapadokya Ekonomi Toplant\u0131lar\u0131-I: Ya\u015fanan Uluslararas\u0131 Finansal K\u0131r\u0131lganl\u0131klar, T\u00fcrkiye D\u0131\u015f Ticaret Firmalar\u0131n\u0131n A\u00e7\u0131k D\u00f6viz Pozisyonlar\u0131 ve Bunlara Kar\u015f\u0131 Korunma \u0130\u015flemleri\u201d toplant\u0131s\u0131n\u0131n \u00e7\u0131kt\u0131lar\u0131ndan olu\u015fturulmu\u015ftur. Kur riskinin nas\u0131l ve neden ortaya \u00e7\u0131kt\u0131\u011f\u0131n\u0131n tarih\u00e7esinin sunuldu\u011fu bu kitapta; T\u00fcrk d\u0131\u015f ticaret firmalar\u0131n\u0131n d\u00f6viz kuru riskine kar\u015f\u0131 k\u0131sa ve uzun vadede nas\u0131l korunabilecekleri konu edilmi\u015ftir. Bu itibarla, finansal stratejilerden yap\u0131sal d\u00fczenlemelere dek bir dizi \u00f6nlem ve politika \u00f6nerileri kitapta konu edilmektedir.   Akademisyenlerin yan\u0131 s\u0131ra sekt\u00f6r temsilcilerinin de haz\u0131r bulundu\u011fu bu tart\u0131\u015fma ortam\u0131nda; \u00fcniversite-end\u00fcstri i\u015fbirli\u011finin g\u00fc\u00e7lendirilmesi gere\u011fi bir kez daha g\u00fcndeme gelmi\u015ftir. Bu y\u00fczden kitap sadece akademik \u00e7evrelere ve ilgili \u00f6\u011frencilere de\u011fil reel sekt\u00f6r temsilcilerine de hitap etmektedir. <\/p>\n","protected":false},"excerpt":{"rendered":"<p>\u00dcniversitelerin \u00fcretti\u011fi bilginin bir boyutu, reel sekt\u00f6r\u00fcn kar\u015f\u0131 kar\u015f\u0131ya kald\u0131\u011f\u0131 ve \u00e7o\u011funlukla uygulamaya y\u00f6nelik sorunlara katk\u0131 sunmaya y\u00f6neliktir. Bu anlamda iktisadi ve idari bilimler fak\u00fclteleri, reel<span class=\"excerpt-hellip\"> [\u2026]<\/span><\/p>\n","protected":false},"featured_media":0,"template":"","meta":{"_monsterinsights_skip_tracking":false,"_monsterinsights_sitenote_active":false,"_monsterinsights_sitenote_note":"","_monsterinsights_sitenote_category":0},"product_brand":[],"product_cat":[13043],"product_tag":[],"class_list":{"0":"post-763142","1":"product","2":"type-product","3":"status-publish","5":"product_cat-ekonomi","6":"pa_cilt-ciltsiz","7":"pa_tur-kitap","8":"pa_yayinevi-kapadokya-universitesi-yayinlari","9":"pa_yazar-kolektif","11":"first","12":"instock","13":"sale","14":"shipping-taxable","15":"purchasable","16":"product-type-simple"},"_links":{"self":[{"href":"https:\/\/roveyayinevi.com.tr\/index.php\/wp-json\/wp\/v2\/product\/763142","targetHints":{"allow":["GET"]}}],"collection":[{"href":"https:\/\/roveyayinevi.com.tr\/index.php\/wp-json\/wp\/v2\/product"}],"about":[{"href":"https:\/\/roveyayinevi.com.tr\/index.php\/wp-json\/wp\/v2\/types\/product"}],"wp:attachment":[{"href":"https:\/\/roveyayinevi.com.tr\/index.php\/wp-json\/wp\/v2\/media?parent=763142"}],"wp:term":[{"taxonomy":"product_brand","embeddable":true,"href":"https:\/\/roveyayinevi.com.tr\/index.php\/wp-json\/wp\/v2\/product_brand?post=763142"},{"taxonomy":"product_cat","embeddable":true,"href":"https:\/\/roveyayinevi.com.tr\/index.php\/wp-json\/wp\/v2\/product_cat?post=763142"},{"taxonomy":"product_tag","embeddable":true,"href":"https:\/\/roveyayinevi.com.tr\/index.php\/wp-json\/wp\/v2\/product_tag?post=763142"}],"curies":[{"name":"wp","href":"https:\/\/api.w.org\/{rel}","templated":true}]}}