{"id":763141,"date":"2025-08-28T10:31:53","date_gmt":"2025-08-28T07:31:53","guid":{"rendered":"https:\/\/roveyayinevi.com.tr\/index.php\/urun\/insanlik-ve-gezegen-icin-ortak-ufuk-tasavvuru\/"},"modified":"2026-04-15T03:28:35","modified_gmt":"2026-04-15T00:28:35","slug":"insanlik-ve-gezegen-icin-ortak-ufuk-tasavvuru","status":"publish","type":"product","link":"https:\/\/roveyayinevi.com.tr\/index.php\/urun\/insanlik-ve-gezegen-icin-ortak-ufuk-tasavvuru\/","title":{"rendered":"\u0130nsanl\u0131k ve Gezegen \u0130\u00e7in Ortak Ufuk Tasavvuru"},"content":{"rendered":"<p>&#8220;\u0130klim De\u011fi\u015fikli\u011fi, ge\u00e7mi\u015f ve muhtemel salg\u0131nlar ve benzeri k\u00fcresel krizler, insanl\u0131\u011f\u0131 ve gezegenimizi tehdit ediyor. T\u00fcm disiplinlerden bilim insanlar\u0131 ve d\u00fc\u015f\u00fcn\u00fcrler bu krizlerden \u00e7\u0131k\u0131\u015f yollar\u0131 aramak ve bulmak i\u00e7in i\u015f birli\u011fi yapmal\u0131d\u0131r. T\u00fcrkiye b\u00f6yle bir i\u015f birli\u011fini sa\u011flamak a\u00e7\u0131s\u0131ndan merkezi ve \u00f6nemli bir konumda. \u00c7\u00fcnk\u00fc, Bat\u0131&#8217;n\u0131n en do\u011fusunda, Do\u011fu&#8217;nun en bat\u0131s\u0131nda ve Kuzey ile G\u00fcney&#8217;in ortas\u0131nda yer al\u0131yor. Bu kitap, Kapadokya \u00dcniversitesi&#8217;nin ger\u00e7ekle\u015ftirdi\u011fi \u0130nsanl\u0131k ve Gezegen i\u00e7in Ortak Ufuk Tasavvuru projesinin bir \u00fcr\u00fcn\u00fc. Kitab\u0131n b\u00f6l\u00fcmlerinde, farkl\u0131 \u00fclkelerden, farkl\u0131 k\u00fclt\u00fcrlerden ve disiplinlerden \u00f6nemli bilim insanlar\u0131 ve d\u00fc\u015f\u00fcn\u00fcrlerin tespitlerini bulacaks\u0131n\u0131z. Bu proje kapsam\u0131nda ortaya konulan ve kitaba yans\u0131t\u0131lan bilgi ve tecr\u00fcbelerin uygulanabilir ortak bir ufka ula\u015fmaya ve \u00e7ocuklar\u0131m\u0131z i\u00e7in daha g\u00fcvenilir ve g\u00fczel bir d\u00fcnyaya kavu\u015fmaya katk\u0131 sa\u011flamas\u0131n\u0131 umut ediyoruz.&#8221;   Prof. Dr. \u0130skender \u00d6ks\u00fcz, Kapadokya \u00dcniversitesi   <\/p>\n","protected":false},"excerpt":{"rendered":"<p>&#8220;\u0130klim De\u011fi\u015fikli\u011fi, ge\u00e7mi\u015f ve muhtemel salg\u0131nlar ve benzeri k\u00fcresel krizler, insanl\u0131\u011f\u0131 ve gezegenimizi tehdit ediyor. T\u00fcm disiplinlerden bilim insanlar\u0131 ve d\u00fc\u015f\u00fcn\u00fcrler bu krizlerden \u00e7\u0131k\u0131\u015f yollar\u0131 aramak<span class=\"excerpt-hellip\"> [\u2026]<\/span><\/p>\n","protected":false},"featured_media":0,"template":"","meta":{"_monsterinsights_skip_tracking":false,"_monsterinsights_sitenote_active":false,"_monsterinsights_sitenote_note":"","_monsterinsights_sitenote_category":0},"product_brand":[],"product_cat":[13590,12337],"product_tag":[],"class_list":{"0":"post-763141","1":"product","2":"type-product","3":"status-publish","5":"product_cat-arastirma-inceleme-politika-siyaset","6":"product_cat-politika-siyaset","7":"pa_cilt-ciltsiz","8":"pa_tur-kitap","9":"pa_yayinevi-kapadokya-universitesi-yayinlari","10":"pa_yazar-kolektif","12":"first","13":"instock","14":"sale","15":"shipping-taxable","16":"purchasable","17":"product-type-simple"},"_links":{"self":[{"href":"https:\/\/roveyayinevi.com.tr\/index.php\/wp-json\/wp\/v2\/product\/763141","targetHints":{"allow":["GET"]}}],"collection":[{"href":"https:\/\/roveyayinevi.com.tr\/index.php\/wp-json\/wp\/v2\/product"}],"about":[{"href":"https:\/\/roveyayinevi.com.tr\/index.php\/wp-json\/wp\/v2\/types\/product"}],"wp:attachment":[{"href":"https:\/\/roveyayinevi.com.tr\/index.php\/wp-json\/wp\/v2\/media?parent=763141"}],"wp:term":[{"taxonomy":"product_brand","embeddable":true,"href":"https:\/\/roveyayinevi.com.tr\/index.php\/wp-json\/wp\/v2\/product_brand?post=763141"},{"taxonomy":"product_cat","embeddable":true,"href":"https:\/\/roveyayinevi.com.tr\/index.php\/wp-json\/wp\/v2\/product_cat?post=763141"},{"taxonomy":"product_tag","embeddable":true,"href":"https:\/\/roveyayinevi.com.tr\/index.php\/wp-json\/wp\/v2\/product_tag?post=763141"}],"curies":[{"name":"wp","href":"https:\/\/api.w.org\/{rel}","templated":true}]}}