{"id":763139,"date":"2025-08-28T10:31:51","date_gmt":"2025-08-28T07:31:51","guid":{"rendered":"https:\/\/roveyayinevi.com.tr\/index.php\/urun\/ilm-i-servet\/"},"modified":"2026-04-15T03:28:35","modified_gmt":"2026-04-15T00:28:35","slug":"ilm-i-servet","status":"publish","type":"product","link":"https:\/\/roveyayinevi.com.tr\/index.php\/urun\/ilm-i-servet\/","title":{"rendered":"\u0130lm-i Servet"},"content":{"rendered":"<p>\u0130lm-i Servet, bilim ve felsefe tarihimizde m\u00fcstesna bir yere sahip olan M\u00fcnif Pa\u015fa\u2019n\u0131n iktisat kitab\u0131d\u0131r. Eser, Mekteb-i Hukuk\u2019ta ders kitab\u0131 olarak okutulmu\u015f, modern iktisadi bilgiyi Osmanl\u0131 d\u00fc\u015f\u00fcnce d\u00fcnyas\u0131na ta\u015f\u0131yan kitaplar aras\u0131nda yerini alm\u0131\u015ft\u0131r. 19. y\u00fczy\u0131l\u0131n ikinci yar\u0131s\u0131ndan itibaren Cumhuriyet\u2019in kurulu\u015funa kadar olan d\u00f6nemde dikkate de\u011fer bir iktisat literat\u00fcr\u00fc olu\u015fmu\u015ftur. \u0130lm-i Servet\u2019in bu literat\u00fcr\u00fcn \u00f6nemli bir par\u00e7as\u0131 olmas\u0131, d\u00f6nemin iktisadi bilgi ve tart\u0131\u015fmalar\u0131n\u0131 yans\u0131tmas\u0131 elinizdeki \u00e7al\u0131\u015fman\u0131n haz\u0131rlanmas\u0131na da dayanak olu\u015fturmu\u015ftur.   \u0130lm-i Servet\u2019te M\u00fcnif Pa\u015fa liberal iktisat d\u00fc\u015f\u00fcncesini savunmu\u015ftur. Bununla birlikte Adam Smith ve Malthus\u2019un baz\u0131 g\u00f6r\u00fc\u015flerine getirdi\u011fi ele\u015ftiriler, eseri d\u00f6nemin di\u011fer iktisat kitaplar\u0131ndan farkl\u0131 k\u0131lmaktad\u0131r. Ba\u015fta iktisadi olmak \u00fczere siyasi, idari, hukuki, dini ve toplumsal yap\u0131da liberal bir d\u00f6n\u00fc\u015f\u00fcm\u00fcn ger\u00e7ekle\u015febilmesi a\u00e7\u0131s\u0131ndan olduk\u00e7a \u00f6nem ta\u015f\u0131yan \u00f6zel m\u00fclkiyet, i\u015f b\u00f6l\u00fcm\u00fc, sanayi ve ticaret serbestisi, narh, g\u00fcmr\u00fck ve faiz gibi konular, \u0130lm-i Servet\u2019te yer alan ba\u015fl\u0131klardan baz\u0131lar\u0131d\u0131r.   Eserin geni\u015f bir okuyucu kitlesine ula\u015fabilmesi ama\u00e7lanarak orijinal metin, \u00e7eviriyaz\u0131 ve sadele\u015ftirilmi\u015f metin bir arada sunulmu\u015ftur. \u00c7al\u0131\u015fman\u0131n iktisat ve bilim tarihi literat\u00fcr\u00fcm\u00fcze duyulan ilgiyi art\u0131rmas\u0131 umulmaktad\u0131r. <\/p>\n","protected":false},"excerpt":{"rendered":"<p>\u0130lm-i Servet, bilim ve felsefe tarihimizde m\u00fcstesna bir yere sahip olan M\u00fcnif Pa\u015fa\u2019n\u0131n iktisat kitab\u0131d\u0131r. Eser, Mekteb-i Hukuk\u2019ta ders kitab\u0131 olarak okutulmu\u015f, modern iktisadi bilgiyi Osmanl\u0131<span class=\"excerpt-hellip\"> [\u2026]<\/span><\/p>\n","protected":false},"featured_media":0,"template":"","meta":{"_monsterinsights_skip_tracking":false,"_monsterinsights_sitenote_active":false,"_monsterinsights_sitenote_note":"","_monsterinsights_sitenote_category":0},"product_brand":[],"product_cat":[12304],"product_tag":[],"class_list":{"0":"post-763139","1":"product","2":"type-product","3":"status-publish","5":"product_cat-tarih","6":"pa_cilt-ciltsiz","7":"pa_tur-kitap","8":"pa_yayinevi-kapadokya-universitesi-yayinlari","9":"pa_yazar-munif-pasa","11":"first","12":"instock","13":"sale","14":"shipping-taxable","15":"purchasable","16":"product-type-simple"},"_links":{"self":[{"href":"https:\/\/roveyayinevi.com.tr\/index.php\/wp-json\/wp\/v2\/product\/763139","targetHints":{"allow":["GET"]}}],"collection":[{"href":"https:\/\/roveyayinevi.com.tr\/index.php\/wp-json\/wp\/v2\/product"}],"about":[{"href":"https:\/\/roveyayinevi.com.tr\/index.php\/wp-json\/wp\/v2\/types\/product"}],"wp:attachment":[{"href":"https:\/\/roveyayinevi.com.tr\/index.php\/wp-json\/wp\/v2\/media?parent=763139"}],"wp:term":[{"taxonomy":"product_brand","embeddable":true,"href":"https:\/\/roveyayinevi.com.tr\/index.php\/wp-json\/wp\/v2\/product_brand?post=763139"},{"taxonomy":"product_cat","embeddable":true,"href":"https:\/\/roveyayinevi.com.tr\/index.php\/wp-json\/wp\/v2\/product_cat?post=763139"},{"taxonomy":"product_tag","embeddable":true,"href":"https:\/\/roveyayinevi.com.tr\/index.php\/wp-json\/wp\/v2\/product_tag?post=763139"}],"curies":[{"name":"wp","href":"https:\/\/api.w.org\/{rel}","templated":true}]}}