{"id":763138,"date":"2025-08-28T10:31:50","date_gmt":"2025-08-28T07:31:50","guid":{"rendered":"https:\/\/roveyayinevi.com.tr\/index.php\/urun\/hematoloji-laboratuvari-uygulama-kitabi\/"},"modified":"2026-04-15T03:28:35","modified_gmt":"2026-04-15T00:28:35","slug":"hematoloji-laboratuvari-uygulama-kitabi","status":"publish","type":"product","link":"https:\/\/roveyayinevi.com.tr\/index.php\/urun\/hematoloji-laboratuvari-uygulama-kitabi\/","title":{"rendered":"Hematoloji Laboratuvar\u0131 Uygulama Kitab\u0131"},"content":{"rendered":"<p>Hematoloji Laboratuvar\u0131 Uygulama Kitab\u0131, sa\u011fl\u0131k alan\u0131nda laboratuvar teknikerlerine ve hematoloji alan\u0131ndaki klinisyenlere hitap eden bir kaynakt\u0131r. Kitapta, hematoloji laboratuvar\u0131nda uygulanan rutin testler hakk\u0131nda \u00f6n bilgilerle birlikte testlerin nas\u0131l yap\u0131ld\u0131klar\u0131n\u0131 g\u00f6steren protokoller yer almaktad\u0131r. Ayr\u0131ca bu kitap, alandaki di\u011fer kaynaklardan farkl\u0131 olarak sa\u011fl\u0131k meslek y\u00fcksekokullar\u0131nda \u00f6\u011frenim g\u00f6ren t\u0131bbi laboratuvar \u00f6\u011frencilerinin hematoloji laboratuvar derslerinde takip edebilece\u011fi, yapt\u0131klar\u0131 testleri rapor halinde yazabilecekleri bir formatta haz\u0131rlanm\u0131\u015ft\u0131r. Kitapta yer alan hematoloji testlerinin protokolleri, ad\u0131m ad\u0131m ve a\u00e7\u0131k bir \u015fekilde ifade edildi\u011finden \u00f6\u011frenciler bu testlerin nas\u0131l yap\u0131ld\u0131\u011f\u0131n\u0131 \u00f6\u011frenerek meslek hayatlar\u0131nda kolayca uygulayabileceklerdir. Bunun yan\u0131 s\u0131ra, bu kitab\u0131n hematoloji laboratuvarlar\u0131nda \u00e7al\u0131\u015facak t\u00fcm sa\u011fl\u0131k personeli i\u00e7in k\u0131lavuz olmas\u0131 ama\u00e7lanm\u0131\u015ft\u0131r. T\u0131bbi laborantlara ek olarak, t\u0131p fak\u00fcltelerinde \u00f6\u011frenim g\u00f6ren \u00f6\u011frencilerin hematoloji uygulama derslerinde kullanabilecekleri Hematoloji Laboratuvar\u0131 Uygulama Kitab\u0131 ile bu alandaki kaynak eksikli\u011finin giderilmesi hedeflenmi\u015ftir.<\/p>\n","protected":false},"excerpt":{"rendered":"<p>Hematoloji Laboratuvar\u0131 Uygulama Kitab\u0131, sa\u011fl\u0131k alan\u0131nda laboratuvar teknikerlerine ve hematoloji alan\u0131ndaki klinisyenlere hitap eden bir kaynakt\u0131r. Kitapta, hematoloji laboratuvar\u0131nda uygulanan rutin testler hakk\u0131nda \u00f6n bilgilerle birlikte<span class=\"excerpt-hellip\"> [\u2026]<\/span><\/p>\n","protected":false},"featured_media":0,"template":"","meta":{"_monsterinsights_skip_tracking":false,"_monsterinsights_sitenote_active":false,"_monsterinsights_sitenote_note":"","_monsterinsights_sitenote_category":0},"product_brand":[],"product_cat":[13365],"product_tag":[],"class_list":{"0":"post-763138","1":"product","2":"type-product","3":"status-publish","5":"product_cat-saglik","6":"pa_cilt-ciltsiz","7":"pa_tur-kitap","8":"pa_yayinevi-kapadokya-universitesi-yayinlari","9":"pa_yazar-zeynep-akidagi","11":"first","12":"instock","13":"sale","14":"shipping-taxable","15":"purchasable","16":"product-type-simple"},"_links":{"self":[{"href":"https:\/\/roveyayinevi.com.tr\/index.php\/wp-json\/wp\/v2\/product\/763138","targetHints":{"allow":["GET"]}}],"collection":[{"href":"https:\/\/roveyayinevi.com.tr\/index.php\/wp-json\/wp\/v2\/product"}],"about":[{"href":"https:\/\/roveyayinevi.com.tr\/index.php\/wp-json\/wp\/v2\/types\/product"}],"wp:attachment":[{"href":"https:\/\/roveyayinevi.com.tr\/index.php\/wp-json\/wp\/v2\/media?parent=763138"}],"wp:term":[{"taxonomy":"product_brand","embeddable":true,"href":"https:\/\/roveyayinevi.com.tr\/index.php\/wp-json\/wp\/v2\/product_brand?post=763138"},{"taxonomy":"product_cat","embeddable":true,"href":"https:\/\/roveyayinevi.com.tr\/index.php\/wp-json\/wp\/v2\/product_cat?post=763138"},{"taxonomy":"product_tag","embeddable":true,"href":"https:\/\/roveyayinevi.com.tr\/index.php\/wp-json\/wp\/v2\/product_tag?post=763138"}],"curies":[{"name":"wp","href":"https:\/\/api.w.org\/{rel}","templated":true}]}}