{"id":763137,"date":"2025-08-28T10:31:49","date_gmt":"2025-08-28T07:31:49","guid":{"rendered":"https:\/\/roveyayinevi.com.tr\/index.php\/urun\/ekofobi-hipotezi\/"},"modified":"2026-04-15T03:28:35","modified_gmt":"2026-04-15T00:28:35","slug":"ekofobi-hipotezi","status":"publish","type":"product","link":"https:\/\/roveyayinevi.com.tr\/index.php\/urun\/ekofobi-hipotezi\/","title":{"rendered":"Ekofobi Hipotezi"},"content":{"rendered":"<p>Do\u011fal ya\u015fama ili\u015fkin varl\u0131k ve nesnelere kar\u015f\u0131 duyulan mant\u0131k d\u0131\u015f\u0131 korku, Simon Estok\u2019un Ekofobi Hipotezi\u2019nde en g\u00fczel kavramsal kar\u015f\u0131l\u0131klar\u0131n\u0131 buluyor. Estok\u2019un ekofobi \u00fczerine g\u00fc\u00e7l\u00fc \u00f6nermeleri, hem kuramsal olarak sa\u011flam temellere dayal\u0131d\u0131r, hem de Estok\u2019un \u201csahte ekoloji\u201d olarak adland\u0131rd\u0131\u011f\u0131, insan reflekslerinin karanl\u0131k y\u00f6n\u00fcn\u00fcn ortaya \u00e7\u0131kard\u0131\u011f\u0131 \u015feyi duygulan\u0131msal ve bili\u015fsel olarak idrak etmemize olanak tan\u0131maktad\u0131r. Estok, genetik materyalizmin, hayvan \u00e7al\u0131\u015fmalar\u0131n\u0131n, ekomedyan\u0131n ve ekopsikolojinin kesi\u015fen yans\u0131malar\u0131 arac\u0131l\u0131\u011f\u0131yla, okuru ekofobi durumunun ekopsikolojik ve ekok\u00fclt\u00fcrel sal\u0131n\u0131mlar\u0131 i\u00e7erisine dahil ediyor. Bu kitap, insanl\u0131\u011f\u0131n kayg\u0131 veren ekolojik bilin\u00e7sizli\u011fi ger\u00e7ekli\u011fine bir\u00e7ok insan\u0131n g\u00f6zlerini a\u00e7acak ve okuyucuyu bu bilin\u00e7sizli\u011fin temsil etti\u011fi varolu\u015fsal problemati\u011finden kurtaracakt\u0131r.   \u2015Serpil Oppermann, Avrupa Edebiyat, K\u00fclt\u00fcr ve \u00c7evre Ara\u015ft\u0131rmalar\u0131 Birli\u011fi (EASLCE) Eski Ba\u015fkan\u0131, \u00c7evreci Be\u015fer\u00ee Bilimler Merkezi M\u00fcd\u00fcr\u00fc, Kapadokya \u00dcniversitesi, T\u00fcrkiye.   M\u00fckemmel bir ara\u015ft\u0131rman\u0131n kapsaml\u0131 bir arg\u00fcman \u00e7er\u00e7evesinde savunuldu\u011fu bilimsel bir \u00e7al\u0131\u015fma olan Ekofobi Hipotezi, Simon Estok\u2019un, g\u00fcn\u00fcm\u00fcz \u00e7evresel felaketlerinin insan\u0131n do\u011fal \u00e7evresine kar\u015f\u0131 geli\u015ftirdi\u011fi korkuyla yak\u0131ndan ilintili oldu\u011funa dair y\u0131llard\u0131r s\u00fcrd\u00fcrd\u00fc\u011f\u00fc dikkatli \u00e7al\u0131\u015fma ve ara\u015ft\u0131rmalar\u0131n\u0131n \u00fcr\u00fcn\u00fcd\u00fcr. Bu korku, \u00e7evreci yaz\u0131n\u0131n tescilli ana temas\u0131 olan do\u011fay\u0131 ve canl\u0131lar\u0131 sevmek konusuyla birlikte ele al\u0131nmal\u0131d\u0131r. Bu kitap, okuyucular\u0131 derinden sarsacak nitelikte bir eserdir. Ayn\u0131 zamanda bu sonu gelmeyen \u00e7evresel kriz ortam\u0131na nas\u0131l gelindi\u011finin tarihsel, psikolojik ve maddesel bir anlat\u0131m\u0131 olmas\u0131n\u0131n yan\u0131 s\u0131ra, art\u0131k neden \u015fimdi eko-epistemolojik yap\u0131m\u0131z\u0131n ya da rahat\u0131m\u0131z\u0131n bozulmas\u0131 zaman\u0131 geldi\u011finin de a\u00e7\u0131klamas\u0131d\u0131r.   \u2015Jeffrey J. Cohen, Edebiyat ve \u00c7evre \u00c7al\u0131\u015fmalar\u0131 Derne\u011fi (ASLE) Eski E\u015f-Ba\u015fkan\u0131, Be\u015fer\u00ee Bilimler Fak\u00fcltesi Dekan\u0131, Arizona State \u00dcniversitesi, ABD.   Simon Estok bu \u00e7ok beklenen, ustal\u0131kla kaleme al\u0131nm\u0131\u015f, heyecan verici, dopdolu ve son derece ikna edici sav\u0131yla biyofili kavram\u0131na kar\u015f\u0131 \u00e7\u0131k\u0131yor ve bu kavram\u0131n hatal\u0131 noktalar\u0131n\u0131 d\u00fczeltiyor. Burada Estok\u2019un ba\u015far\u0131s\u0131n\u0131 g\u00f6r\u00fcyoruz. Kuram\u0131n dik yoku\u015funda emin ad\u0131mlarla ilerleyen ve tart\u0131\u015fmal\u0131 alanlar\u0131n g\u00f6klerinde kanat \u00e7\u0131rparken, Estok ikna sanat\u0131n\u0131 ustal\u0131kla konu\u015fturuyor ve genetik materyalizmin tehlikeli sular\u0131ndan ekomedyan\u0131n, hayvan \u00e7al\u0131\u015fmalar\u0131n\u0131n ve evrimsel psikolojinin nispeten sakin k\u0131y\u0131lar\u0131na uzanan u\u00e7suz bucaks\u0131z ekofobi tart\u0131\u015fmalar\u0131nda ba\u015f d\u00f6nd\u00fcr\u00fcc\u00fc ifadeleriyle okuyucu \u00e7arp\u0131yor. \u201cSahte ekoloji\u201d ve \u201c\u00e7\u00f6p\u00fcn eyleyicili\u011fi\u201d gibi kavramlar \u00fczerine sundu\u011fu ba\u015f d\u00f6nd\u00fcr\u00fcc\u00fc g\u00f6r\u00fc\u015flerden, insan\u0131n do\u011faya kar\u015f\u0131 verdi\u011fi toplu tepkilerin geneline h\u00e2kim olan karanl\u0131k, \u00e7at\u0131\u015fmac\u0131, s\u00f6m\u00fcrgeci tutumlar ile yans\u0131tma psikolojisine dayal\u0131 korkulara uzanan bir yelpazedeki tart\u0131\u015fmalarla dolu olan Ekofobi Hipotezi, \u00e7evreci be\u015fer\u00ee bilimler alan\u0131nda \u00e7al\u0131\u015fan herkesin okumas\u0131 gereken bir \u00e7al\u0131\u015fma.   \u2015Dr. Jonggab Kim, Beden \u00c7al\u0131\u015fmalar\u0131 Enstit\u00fcs\u00fc M\u00fcd\u00fcr\u00fc, Konkuk \u00dcniversitesi, Seul, G\u00fcney Kore.   \u0130nsanlar\u0131n, insan-d\u0131\u015f\u0131 do\u011fa ile olan ili\u015fkileri yak\u0131nl\u0131k, \u00e7at\u0131\u015fma ve iki u\u00e7ta seyreden karma\u015f\u0131k duygulara ili\u015fkin geni\u015f bir yelpazeden olu\u015fur. \u0130nsan\u0131n do\u011faya kar\u015f\u0131 tutum ve davran\u0131\u015flar\u0131n\u0131n psikolojisi, hem ilgi \u00e7ekici hem de a\u00e7\u0131klamas\u0131 g\u00fc\u00e7 bir \u00e7al\u0131\u015fma alan\u0131d\u0131r. \u00c7ok \u00e7e\u015fitli k\u00fclt\u00fcrel metinlerden derledi\u011fi kan\u0131tlara dayanarak, Simon Estok bu k\u0131\u015fk\u0131rt\u0131c\u0131 \u201cekofobi\u201d \u00e7al\u0131\u015fmas\u0131nda duygu yelpazemizin karanl\u0131k ve korku dolu yan\u0131yla bizi y\u00fczle\u015ftiriyor. Bu \u00e7al\u0131\u015fma, medeniyetimizin gezegene neden bu kadar duygusuzca davrand\u0131\u011f\u0131n\u0131 a\u00e7\u0131klamam\u0131za yard\u0131mc\u0131olabilir.   \u2015Paul Slovic, Psikoloji Profes\u00f6r\u00fc, Oregon \u00dcniversitesi, ABD.   Bu heyecan verici ve geni\u015f kapsaml\u0131 kitap, Estok\u2019un ekofobi kavram\u0131n\u0131n yaln\u0131zca ekoele\u015ftiri ve ekomedya \u00e7al\u0131\u015fmalar\u0131 i\u00e7in de\u011fil, ayn\u0131 zamanda da at\u0131klar\u0131n yayg\u0131nla\u015f\u0131p artmas\u0131yla, insan-d\u0131\u015f\u0131 varl\u0131klara kar\u015f\u0131 uygulanan sistematik \u015fiddetle ve gezegendeki hayat\u0131n gittik\u00e7e yok olu\u015fuyla m\u00fccadele i\u00e7in \u00f6nemini g\u00f6steriyor.   \u2015Stacy Alaimo, Edebiyat ve \u00c7evre \u00c7al\u0131\u015fmalar\u0131 Derne\u011fi (ASLE) Eski E\u015f-Ba\u015fkan\u0131, Oregon \u00dcniversitesi, ABD. <\/p>\n","protected":false},"excerpt":{"rendered":"<p>Do\u011fal ya\u015fama ili\u015fkin varl\u0131k ve nesnelere kar\u015f\u0131 duyulan mant\u0131k d\u0131\u015f\u0131 korku, Simon Estok\u2019un Ekofobi Hipotezi\u2019nde en g\u00fczel kavramsal kar\u015f\u0131l\u0131klar\u0131n\u0131 buluyor. Estok\u2019un ekofobi \u00fczerine g\u00fc\u00e7l\u00fc \u00f6nermeleri, hem<span class=\"excerpt-hellip\"> [\u2026]<\/span><\/p>\n","protected":false},"featured_media":0,"template":"","meta":{"_monsterinsights_skip_tracking":false,"_monsterinsights_sitenote_active":false,"_monsterinsights_sitenote_note":"","_monsterinsights_sitenote_category":0},"product_brand":[],"product_cat":[23323,12364],"product_tag":[],"class_list":{"0":"post-763137","1":"product","2":"type-product","3":"status-publish","5":"product_cat-ekoloji","6":"product_cat-genel-konular","7":"pa_cilt-ciltsiz","8":"pa_tur-kitap","9":"pa_yayinevi-kapadokya-universitesi-yayinlari","10":"pa_yazar-simon-c-estok","12":"first","13":"instock","14":"sale","15":"shipping-taxable","16":"purchasable","17":"product-type-simple"},"_links":{"self":[{"href":"https:\/\/roveyayinevi.com.tr\/index.php\/wp-json\/wp\/v2\/product\/763137","targetHints":{"allow":["GET"]}}],"collection":[{"href":"https:\/\/roveyayinevi.com.tr\/index.php\/wp-json\/wp\/v2\/product"}],"about":[{"href":"https:\/\/roveyayinevi.com.tr\/index.php\/wp-json\/wp\/v2\/types\/product"}],"wp:attachment":[{"href":"https:\/\/roveyayinevi.com.tr\/index.php\/wp-json\/wp\/v2\/media?parent=763137"}],"wp:term":[{"taxonomy":"product_brand","embeddable":true,"href":"https:\/\/roveyayinevi.com.tr\/index.php\/wp-json\/wp\/v2\/product_brand?post=763137"},{"taxonomy":"product_cat","embeddable":true,"href":"https:\/\/roveyayinevi.com.tr\/index.php\/wp-json\/wp\/v2\/product_cat?post=763137"},{"taxonomy":"product_tag","embeddable":true,"href":"https:\/\/roveyayinevi.com.tr\/index.php\/wp-json\/wp\/v2\/product_tag?post=763137"}],"curies":[{"name":"wp","href":"https:\/\/api.w.org\/{rel}","templated":true}]}}