{"id":763136,"date":"2025-08-28T10:31:47","date_gmt":"2025-08-28T07:31:47","guid":{"rendered":"https:\/\/roveyayinevi.com.tr\/index.php\/urun\/dis-hekimleri-icin-biyokimya-ders-notlari\/"},"modified":"2026-04-15T03:28:35","modified_gmt":"2026-04-15T00:28:35","slug":"dis-hekimleri-icin-biyokimya-ders-notlari","status":"publish","type":"product","link":"https:\/\/roveyayinevi.com.tr\/index.php\/urun\/dis-hekimleri-icin-biyokimya-ders-notlari\/","title":{"rendered":"Di\u015f Hekimleri \u0130\u00e7in Biyokimya Ders Notlar\u0131"},"content":{"rendered":"<p>Biyokimya, insanda metabolik faaliyetlerin nas\u0131l ger\u00e7ekle\u015fti\u011fini ve hastal\u0131klar\u0131n i\u015fleyi\u015f mekanizmas\u0131n\u0131 anlatan temel bilim dallar\u0131ndan biridir. Di\u015f Hekimleri \u0130\u00e7in Biyokimya Ders Notlar\u0131, Di\u015f Hekimli\u011fi Fak\u00fcltesi ve Sa\u011fl\u0131k Bilimleri b\u00f6l\u00fcmlerinde okuyan \u00f6\u011frenciler i\u00e7in Biyokimya dersi konular\u0131n\u0131n daha kolay anla\u015f\u0131lmas\u0131n\u0131 sa\u011flamak amac\u0131yla haz\u0131rlanm\u0131\u015ft\u0131r. Kitapta yer alan bilgilerin peki\u015ftirilmesi ve daha kolay anla\u015f\u0131lmas\u0131 amac\u0131yla onlarca tablo ve 250\u2019den fazla \u015fekil kullan\u0131lm\u0131\u015f ve konular\u0131n aklda kal\u0131c\u0131\u011f\u0131n\u0131 art\u0131rmak hedeflenmi\u015ftir. Di\u015f Hekimli\u011finde Uzmanl\u0131k E\u011fitimi Giri\u015f S\u0131nav\u0131\u2019na (DUS) uygun bir kaynak olmas\u0131na ayr\u0131ca \u00f6zen g\u00f6sterilmi\u015ftir.   Kitap temel olarak; H\u00fccre, Metabolizman\u0131n Temel Kavramlar\u0131, Karbonhidratlar, Proteinler, Lipitler, Vitaminler, Hormonlar ve N\u00fckleik Asitler alt ba\u015fl\u0131klar\u0131ndan olu\u015fmaktad\u0131r. Bu s\u0131ralama klasik kitaplarda yer alan konu d\u00fczeninden biraz farkl\u0131 olup \u00f6\u011frencinin dikkatini da\u011f\u0131tmadan her konuyu kendi alt ba\u015fl\u0131\u011f\u0131 i\u00e7erisinde kavratmay\u0131 ama\u00e7lar. <\/p>\n","protected":false},"excerpt":{"rendered":"<p>Biyokimya, insanda metabolik faaliyetlerin nas\u0131l ger\u00e7ekle\u015fti\u011fini ve hastal\u0131klar\u0131n i\u015fleyi\u015f mekanizmas\u0131n\u0131 anlatan temel bilim dallar\u0131ndan biridir. Di\u015f Hekimleri \u0130\u00e7in Biyokimya Ders Notlar\u0131, Di\u015f Hekimli\u011fi Fak\u00fcltesi ve Sa\u011fl\u0131k<span class=\"excerpt-hellip\"> [\u2026]<\/span><\/p>\n","protected":false},"featured_media":0,"template":"","meta":{"_monsterinsights_skip_tracking":false,"_monsterinsights_sitenote_active":false,"_monsterinsights_sitenote_note":"","_monsterinsights_sitenote_category":0},"product_brand":[],"product_cat":[12573,12566],"product_tag":[],"class_list":{"0":"post-763136","1":"product","2":"type-product","3":"status-publish","5":"product_cat-akademik-kitaplar","6":"product_cat-egitim","7":"pa_cilt-ciltsiz","8":"pa_tur-kitap","9":"pa_yayinevi-kapadokya-universitesi-yayinlari","10":"pa_yazar-ercan-ozturk","12":"first","13":"instock","14":"sale","15":"shipping-taxable","16":"purchasable","17":"product-type-simple"},"_links":{"self":[{"href":"https:\/\/roveyayinevi.com.tr\/index.php\/wp-json\/wp\/v2\/product\/763136","targetHints":{"allow":["GET"]}}],"collection":[{"href":"https:\/\/roveyayinevi.com.tr\/index.php\/wp-json\/wp\/v2\/product"}],"about":[{"href":"https:\/\/roveyayinevi.com.tr\/index.php\/wp-json\/wp\/v2\/types\/product"}],"wp:attachment":[{"href":"https:\/\/roveyayinevi.com.tr\/index.php\/wp-json\/wp\/v2\/media?parent=763136"}],"wp:term":[{"taxonomy":"product_brand","embeddable":true,"href":"https:\/\/roveyayinevi.com.tr\/index.php\/wp-json\/wp\/v2\/product_brand?post=763136"},{"taxonomy":"product_cat","embeddable":true,"href":"https:\/\/roveyayinevi.com.tr\/index.php\/wp-json\/wp\/v2\/product_cat?post=763136"},{"taxonomy":"product_tag","embeddable":true,"href":"https:\/\/roveyayinevi.com.tr\/index.php\/wp-json\/wp\/v2\/product_tag?post=763136"}],"curies":[{"name":"wp","href":"https:\/\/api.w.org\/{rel}","templated":true}]}}