{"id":763135,"date":"2025-08-28T10:31:46","date_gmt":"2025-08-28T07:31:46","guid":{"rendered":"https:\/\/roveyayinevi.com.tr\/index.php\/urun\/bize-yon-veren-metinler-v\/"},"modified":"2026-04-15T03:28:35","modified_gmt":"2026-04-15T00:28:35","slug":"bize-yon-veren-metinler-v","status":"publish","type":"product","link":"https:\/\/roveyayinevi.com.tr\/index.php\/urun\/bize-yon-veren-metinler-v\/","title":{"rendered":"Bize Y\u00f6n Veren Metinler V"},"content":{"rendered":"<p>Aile hukuku, devletin ve toplumun gayrim\u00fcslimlerle ili\u015fkisi, kapit\u00fclasyonlar, \u0131slahat aray\u0131\u015flar\u0131, d\u00fcyun-\u0131 umumiyye, Osmanl\u0131c\u0131l\u0131k, \u0130slamc\u0131l\u0131k, T\u00fcrk\u00e7\u00fcl\u00fck, Pozitivizm, Sosyalizm, cemiyet, f\u0131rka ve ideolojik \u00f6rg\u00fctlenme k\u00fclt\u00fcr\u00fc, Milli M\u00fccadele, saltanat ve hilafetin kald\u0131r\u0131lmas\u0131 vb. hayati konularda, s\u0131\u011f televizyon tart\u0131\u015fmalar\u0131 ve kurgu dizi senaryolar\u0131ndan hareketle kanaat olu\u015fturmaya \u00e7al\u0131\u015fan \u201cg\u00fcn\u00fcm\u00fcz insan\u0131\u201d i\u00e7in resm\u00ee belgeleri ve ilgili eserleri \u201cg\u00fcn\u00fcm\u00fcz dili\u201dyle okuma imk\u00e2n\u0131\u2026   Medeniyet \u00e7\u0131nar\u0131m\u0131z\u0131n muhkem g\u00f6vdesi ve g\u00f6k kubbeyi ba\u015ftanba\u015fa kaplayan g\u00fc\u00e7l\u00fc dallar\u0131, onun geni\u015f g\u00f6lgesi alt\u0131nda ya\u015fayanlara b\u00fct\u00fcn zenginli\u011fi ve renklili\u011fi ile sunuluyor\u2026   Bir r\u00fcya daha ger\u00e7ek oluyor! \u2013Alev Alatl\u0131 <\/p>\n","protected":false},"excerpt":{"rendered":"<p>Aile hukuku, devletin ve toplumun gayrim\u00fcslimlerle ili\u015fkisi, kapit\u00fclasyonlar, \u0131slahat aray\u0131\u015flar\u0131, d\u00fcyun-\u0131 umumiyye, Osmanl\u0131c\u0131l\u0131k, \u0130slamc\u0131l\u0131k, T\u00fcrk\u00e7\u00fcl\u00fck, Pozitivizm, Sosyalizm, cemiyet, f\u0131rka ve ideolojik \u00f6rg\u00fctlenme k\u00fclt\u00fcr\u00fc, Milli M\u00fccadele, saltanat<span class=\"excerpt-hellip\"> [\u2026]<\/span><\/p>\n","protected":false},"featured_media":0,"template":"","meta":{"_monsterinsights_skip_tracking":false,"_monsterinsights_sitenote_active":false,"_monsterinsights_sitenote_note":"","_monsterinsights_sitenote_category":0},"product_brand":[],"product_cat":[12337],"product_tag":[],"class_list":{"0":"post-763135","1":"product","2":"type-product","3":"status-publish","5":"product_cat-politika-siyaset","6":"pa_cilt-ciltsiz","7":"pa_tur-kitap","8":"pa_yayinevi-kapadokya-universitesi-yayinlari","9":"pa_yazar-alev-alatli","11":"first","12":"instock","13":"sale","14":"shipping-taxable","15":"purchasable","16":"product-type-simple"},"_links":{"self":[{"href":"https:\/\/roveyayinevi.com.tr\/index.php\/wp-json\/wp\/v2\/product\/763135","targetHints":{"allow":["GET"]}}],"collection":[{"href":"https:\/\/roveyayinevi.com.tr\/index.php\/wp-json\/wp\/v2\/product"}],"about":[{"href":"https:\/\/roveyayinevi.com.tr\/index.php\/wp-json\/wp\/v2\/types\/product"}],"wp:attachment":[{"href":"https:\/\/roveyayinevi.com.tr\/index.php\/wp-json\/wp\/v2\/media?parent=763135"}],"wp:term":[{"taxonomy":"product_brand","embeddable":true,"href":"https:\/\/roveyayinevi.com.tr\/index.php\/wp-json\/wp\/v2\/product_brand?post=763135"},{"taxonomy":"product_cat","embeddable":true,"href":"https:\/\/roveyayinevi.com.tr\/index.php\/wp-json\/wp\/v2\/product_cat?post=763135"},{"taxonomy":"product_tag","embeddable":true,"href":"https:\/\/roveyayinevi.com.tr\/index.php\/wp-json\/wp\/v2\/product_tag?post=763135"}],"curies":[{"name":"wp","href":"https:\/\/api.w.org\/{rel}","templated":true}]}}