{"id":763134,"date":"2025-08-28T10:31:45","date_gmt":"2025-08-28T07:31:45","guid":{"rendered":"https:\/\/roveyayinevi.com.tr\/index.php\/urun\/bize-yon-veren-metinler-iii\/"},"modified":"2026-04-15T03:28:35","modified_gmt":"2026-04-15T00:28:35","slug":"bize-yon-veren-metinler-iii","status":"publish","type":"product","link":"https:\/\/roveyayinevi.com.tr\/index.php\/urun\/bize-yon-veren-metinler-iii\/","title":{"rendered":"Bize Y\u00f6n Veren Metinler III"},"content":{"rendered":"<p>D\u00fcnya co\u011frafyas\u0131n\u0131n en stratejik noktalar\u0131ndan birinde, art arda gelen kritik fetihlerle b\u00fcy\u00fcyen; y\u00f6netim, hukuk, maliye, bilim, k\u00fclt\u00fcr, sanat ve di\u011fer t\u00fcm alanlarda h\u0131zla kurumsalla\u015fan yerle\u015fik bir devletin sanca\u011f\u0131 alt\u0131nda, her ge\u00e7en g\u00fcnle birlikte tebar\u00fcz eden \u201cBiz\u201di g\u00f6rmek ve betimlemek\u2026Osmanl\u0131 devlet i\u015fleyi\u015fi, hukuk normlar\u0131 ve \u00f6nemli hadiseleriyle tarih\u00ee ak\u0131\u015f gibi her daim merak konusu olan alanlarda okuyucuyu yorumsuz, y\u00f6nlendirmesiz, \u00f6zg\u00fcn metinlerle ba\u015f ba\u015fa b\u0131rakmak\u2026Psikolojik bir enkaz\u0131n alt\u0131nda art\u0131k varl\u0131\u011f\u0131 unutulan yahut sorgulanan Osmanl\u0131 bilim, sanat, k\u00fclt\u00fcr ve toplum hayat\u0131n\u0131 en yetkili a\u011f\u0131zdan okuyucuya aktarmak\u2026Bir r\u00fcya daha ger\u00e7ek oluyor!\u2013Alev Alatl\u0131<\/p>\n","protected":false},"excerpt":{"rendered":"<p>D\u00fcnya co\u011frafyas\u0131n\u0131n en stratejik noktalar\u0131ndan birinde, art arda gelen kritik fetihlerle b\u00fcy\u00fcyen; y\u00f6netim, hukuk, maliye, bilim, k\u00fclt\u00fcr, sanat ve di\u011fer t\u00fcm alanlarda h\u0131zla kurumsalla\u015fan yerle\u015fik bir<span class=\"excerpt-hellip\"> [\u2026]<\/span><\/p>\n","protected":false},"featured_media":0,"template":"","meta":{"_monsterinsights_skip_tracking":false,"_monsterinsights_sitenote_active":false,"_monsterinsights_sitenote_note":"","_monsterinsights_sitenote_category":0},"product_brand":[],"product_cat":[12337],"product_tag":[],"class_list":{"0":"post-763134","1":"product","2":"type-product","3":"status-publish","5":"product_cat-politika-siyaset","6":"pa_cilt-ciltsiz","7":"pa_tur-kitap","8":"pa_yayinevi-kapadokya-universitesi-yayinlari","9":"pa_yazar-alev-alatli","11":"first","12":"instock","13":"sale","14":"shipping-taxable","15":"purchasable","16":"product-type-simple"},"_links":{"self":[{"href":"https:\/\/roveyayinevi.com.tr\/index.php\/wp-json\/wp\/v2\/product\/763134","targetHints":{"allow":["GET"]}}],"collection":[{"href":"https:\/\/roveyayinevi.com.tr\/index.php\/wp-json\/wp\/v2\/product"}],"about":[{"href":"https:\/\/roveyayinevi.com.tr\/index.php\/wp-json\/wp\/v2\/types\/product"}],"wp:attachment":[{"href":"https:\/\/roveyayinevi.com.tr\/index.php\/wp-json\/wp\/v2\/media?parent=763134"}],"wp:term":[{"taxonomy":"product_brand","embeddable":true,"href":"https:\/\/roveyayinevi.com.tr\/index.php\/wp-json\/wp\/v2\/product_brand?post=763134"},{"taxonomy":"product_cat","embeddable":true,"href":"https:\/\/roveyayinevi.com.tr\/index.php\/wp-json\/wp\/v2\/product_cat?post=763134"},{"taxonomy":"product_tag","embeddable":true,"href":"https:\/\/roveyayinevi.com.tr\/index.php\/wp-json\/wp\/v2\/product_tag?post=763134"}],"curies":[{"name":"wp","href":"https:\/\/api.w.org\/{rel}","templated":true}]}}