{"id":763133,"date":"2025-08-28T10:31:44","date_gmt":"2025-08-28T07:31:44","guid":{"rendered":"https:\/\/roveyayinevi.com.tr\/index.php\/urun\/beseri-bilimlerin-50-rengi\/"},"modified":"2026-04-15T03:28:35","modified_gmt":"2026-04-15T00:28:35","slug":"beseri-bilimlerin-50-rengi","status":"publish","type":"product","link":"https:\/\/roveyayinevi.com.tr\/index.php\/urun\/beseri-bilimlerin-50-rengi\/","title":{"rendered":"Be\u015feri Bilimlerin 50 Rengi"},"content":{"rendered":"<p>Akademik ve sanatsal kariyerlerinin farkl\u0131 basamaklar\u0131ndan, farkl\u0131 nesil ve co\u011frafyalardan 52 ki\u015finin kaleminden, f\u0131r\u00e7as\u0131ndan g\u00f6z\u00fcnden ve saz\u0131ndan \u00e7\u0131kan bu kitap, t\u00fcm d\u00fcnyada yayg\u0131nla\u015fan ve T\u00fcrkiye&#8217;de son d\u00f6nemde h\u0131zlanan \u00e7evreci, dijital, t\u0131bbi ve posth\u00fcman be\u015fer\u00ee bilimler alanlar\u0131n\u0131n temel kavramlar\u0131n\u0131 \u00f6zg\u00fcn makaleler yoluyla bir araya getiriyor. Bu d\u00f6rt alandan ve onlar\u0131n kesi\u015fim noktalar\u0131ndan se\u00e7ilmi\u015f terim ve kavramlar\u0131n 50 ba\u015fl\u0131kta tan\u0131t\u0131ld\u0131\u011f\u0131 bir el kitab\u0131 niteli\u011findeki Be\u015fer\u00ee Bilimlerin 50 Rengi\u2019nde, \u00e7a\u011fda\u015f d\u00fc\u015f\u00fcnce ak\u0131mlar\u0131 ve bilimlerin sanatla ve edebiyatla bulu\u015fmas\u0131 farkl\u0131 seslerle yorumlan\u0131yor. Felsefi, edeb\u00ee, biyolojik, t\u0131bbi, ekolojik, etik ve teknolojik disiplinlerin birbiri i\u00e7ine ge\u00e7en tarihsel ve d\u00fc\u015f\u00fcnsel s\u00fcre\u00e7lerini irdelerken, kitab\u0131n i\u00e7erisine yerle\u015ftirilmi\u015f karekodlarla g\u00f6rsel, i\u015fitsel ve performatif sanatlarda da bu s\u00fcre\u00e7lerin yans\u0131malar\u0131 sunuluyor. \u0130\u00e7eri\u011finde ele al\u0131nan terim, kavram ve kuramlar\u0131n \u00f6z\u00fcne de uygun olarak, t\u00fcm bu farkl\u0131 \u00f6gelerin \u00f6bekle\u015ferek b\u00fct\u00fcnc\u00fcl bir bi\u00e7imde sunuldu\u011fu bu eser, kapsad\u0131\u011f\u0131 alanlarda d\u00fcnyada ve T\u00fcrkiye&#8217;de s\u00fcregelen g\u00fcncel akademik \u00e7al\u0131\u015fmalar\u0131 takip eden herkese bir ba\u015fucu kayna\u011f\u0131 olma potansiyelini ta\u015f\u0131yor. Antroposen \u00c7a\u011f\u0131&#8217;nda ya\u015famakta oldu\u011fumuz iklimsel, ekolojik k\u00fclt\u00fcrel, ekonomik, toplumsal ve siyasal krizlere yan\u0131t vermek i\u00e7in i\u015f birli\u011fini g\u00fc\u00e7lendiren ve disiplinleraras\u0131l\u0131k kavram\u0131 alt\u0131nda h\u0131zla yak\u0131nsama i\u00e7erisine giren farkl\u0131 bilim sahalar\u0131n\u0131n ortak akl\u0131n\u0131 temsil eden \u00e7ok say\u0131da ara\u015ft\u0131rmac\u0131lara ve okurlara faydal\u0131 olmas\u0131n\u0131, yak\u0131n gelecekte yeni bilimsel ara\u015ft\u0131rmalara k\u0131lavuzluk etmesini temenni ederiz.Sinan Ak\u0131ll\u0131<\/p>\n","protected":false},"excerpt":{"rendered":"<p>Akademik ve sanatsal kariyerlerinin farkl\u0131 basamaklar\u0131ndan, farkl\u0131 nesil ve co\u011frafyalardan 52 ki\u015finin kaleminden, f\u0131r\u00e7as\u0131ndan g\u00f6z\u00fcnden ve saz\u0131ndan \u00e7\u0131kan bu kitap, t\u00fcm d\u00fcnyada yayg\u0131nla\u015fan ve T\u00fcrkiye&#8217;de son<span class=\"excerpt-hellip\"> [\u2026]<\/span><\/p>\n","protected":false},"featured_media":0,"template":"","meta":{"_monsterinsights_skip_tracking":false,"_monsterinsights_sitenote_active":false,"_monsterinsights_sitenote_note":"","_monsterinsights_sitenote_category":0},"product_brand":[],"product_cat":[13005],"product_tag":[],"class_list":{"0":"post-763133","1":"product","2":"type-product","3":"status-publish","5":"product_cat-bilim-muhendislik","6":"pa_cilt-ciltsiz","7":"pa_tur-kitap","8":"pa_yayinevi-kapadokya-universitesi-yayinlari","9":"pa_yazar-kolektif","11":"first","12":"instock","13":"sale","14":"shipping-taxable","15":"purchasable","16":"product-type-simple"},"_links":{"self":[{"href":"https:\/\/roveyayinevi.com.tr\/index.php\/wp-json\/wp\/v2\/product\/763133","targetHints":{"allow":["GET"]}}],"collection":[{"href":"https:\/\/roveyayinevi.com.tr\/index.php\/wp-json\/wp\/v2\/product"}],"about":[{"href":"https:\/\/roveyayinevi.com.tr\/index.php\/wp-json\/wp\/v2\/types\/product"}],"wp:attachment":[{"href":"https:\/\/roveyayinevi.com.tr\/index.php\/wp-json\/wp\/v2\/media?parent=763133"}],"wp:term":[{"taxonomy":"product_brand","embeddable":true,"href":"https:\/\/roveyayinevi.com.tr\/index.php\/wp-json\/wp\/v2\/product_brand?post=763133"},{"taxonomy":"product_cat","embeddable":true,"href":"https:\/\/roveyayinevi.com.tr\/index.php\/wp-json\/wp\/v2\/product_cat?post=763133"},{"taxonomy":"product_tag","embeddable":true,"href":"https:\/\/roveyayinevi.com.tr\/index.php\/wp-json\/wp\/v2\/product_tag?post=763133"}],"curies":[{"name":"wp","href":"https:\/\/api.w.org\/{rel}","templated":true}]}}