{"id":763130,"date":"2025-08-28T10:31:39","date_gmt":"2025-08-28T07:31:39","guid":{"rendered":"https:\/\/roveyayinevi.com.tr\/index.php\/urun\/kuduste-son-osmanli-nizami\/"},"modified":"2026-04-15T03:28:35","modified_gmt":"2026-04-15T00:28:35","slug":"kuduste-son-osmanli-nizami","status":"publish","type":"product","link":"https:\/\/roveyayinevi.com.tr\/index.php\/urun\/kuduste-son-osmanli-nizami\/","title":{"rendered":"Kud\u00fcs\u2019te Son Osmanl\u0131 Nizam\u0131"},"content":{"rendered":"<p>\u201c19. y\u00fczy\u0131la kadar b\u00fcy\u00fck \u00f6l\u00e7\u00fcde kutsiyetiyle \u00f6n plana \u00e7\u0131km\u0131\u015f olan Kud\u00fcs, Mehmed Ali Pa\u015fa isyan\u0131yla birlikte siyasi ve politik bir zemine \u00e7ekildi. Bu d\u00f6nemde Kud\u00fcs\u2019\u00fcn de i\u00e7inde bulundu\u011fu Filistin b\u00f6lgesi, Avrupal\u0131 g\u00fc\u00e7lerin n\u00fcfuz alan\u0131 h\u00e2line gelmeye ba\u015flad\u0131. Osmanl\u0131 b\u00fcrokrasisinin H\u0131div ailesine pek g\u00fcvenmemesi, M\u0131s\u0131r ile s\u0131n\u0131rda\u015f olan Kud\u00fcs mutasarr\u0131fl\u0131\u011f\u0131n\u0131n siyasi \u00f6nemini artt\u0131r\u0131yordu. 1882\u2019de \u0130ngilizlerin M\u0131s\u0131r\u2019a girmesiyle Osmanl\u0131 a\u00e7\u0131s\u0131ndan t\u00fcm Filistin b\u00f6lgesi ciddi bir tehditle de y\u00fczle\u015fti. 19. y\u00fczy\u0131lda ya\u015fanan bu geli\u015fmeler Kud\u00fcs\u2019\u00fc dini bir merkez olman\u0131n yan\u0131nda politik bir arenaya da d\u00f6n\u00fc\u015ft\u00fcrd\u00fc.\u201d D\u00f6rt as\u0131r Kud\u00fcs\u2019te kesintisiz devam eden Osmanl\u0131 idaresi \u00e7e\u015fitli merhalelerden ge\u00e7ti. 19. y\u00fczy\u0131lda Tanzimat\u2019la birlikte ba\u015flayan kapsaml\u0131 idari, siyasi ve iktisadi reformlar\u0131n tatbik edildi\u011fi sahalardan biri de bu kutsal \u015fehrin idaresi olmu\u015ftu. Bu eser, Tanzimat d\u00f6nemiyle ba\u015flayan ve II. Abd\u00fclhamid devrinde zirveye ula\u015fan Osmanl\u0131\u2019n\u0131n modernle\u015fme s\u00fcrecinin en belirgin \u00f6rneklerinden biri olan Kud\u00fcs mutasarr\u0131fl\u0131\u011f\u0131n\u0131n idari yap\u0131s\u0131n\u0131 ve bunlar\u0131n toplumsal etkilerini tarihsel belgelerle ele al\u0131yor. Kutsal \u015fehrin, 19. y\u00fczy\u0131l\u0131n son \u00e7eyre\u011finde nas\u0131l idari ve sosyal bir merkez h\u00e2line geldi\u011fini, Osmanl\u0131\u2019n\u0131n merkeziyet\u00e7i politikalar\u0131 do\u011frultusunda yeniden yap\u0131land\u0131\u011f\u0131n\u0131 vaka \u00f6rnekleriyle mercek alt\u0131na al\u0131yor. Kud\u00fcs\u2019\u00fcn idari stat\u00fcs\u00fcnden, adliye sisteminin modernle\u015fmesine, buradaki m\u00fclkiyet anlay\u0131\u015f\u0131n\u0131n ve hukukunun de\u011fi\u015fiminden, toplumsal ya\u015fam\u0131n \u00e7e\u015fitli dinamiklerine kadar geni\u015f bir yelpazede ufuk a\u00e7\u0131c\u0131 bilgi ve yorumlar sunuyor. <\/p>\n","protected":false},"excerpt":{"rendered":"<p>\u201c19. y\u00fczy\u0131la kadar b\u00fcy\u00fck \u00f6l\u00e7\u00fcde kutsiyetiyle \u00f6n plana \u00e7\u0131km\u0131\u015f olan Kud\u00fcs, Mehmed Ali Pa\u015fa isyan\u0131yla birlikte siyasi ve politik bir zemine \u00e7ekildi. Bu d\u00f6nemde Kud\u00fcs\u2019\u00fcn de<span class=\"excerpt-hellip\"> [\u2026]<\/span><\/p>\n","protected":false},"featured_media":0,"template":"","meta":{"_monsterinsights_skip_tracking":false,"_monsterinsights_sitenote_active":false,"_monsterinsights_sitenote_note":"","_monsterinsights_sitenote_category":0},"product_brand":[],"product_cat":[12304],"product_tag":[],"class_list":{"0":"post-763130","1":"product","2":"type-product","3":"status-publish","5":"product_cat-tarih","6":"pa_cilt-ciltsiz","7":"pa_tur-kitap","8":"pa_yayinevi-vakifbank-kultur-yayinlari","9":"pa_yazar-ali-ihsan-aydin","11":"first","12":"instock","13":"sale","14":"shipping-taxable","15":"purchasable","16":"product-type-simple"},"_links":{"self":[{"href":"https:\/\/roveyayinevi.com.tr\/index.php\/wp-json\/wp\/v2\/product\/763130","targetHints":{"allow":["GET"]}}],"collection":[{"href":"https:\/\/roveyayinevi.com.tr\/index.php\/wp-json\/wp\/v2\/product"}],"about":[{"href":"https:\/\/roveyayinevi.com.tr\/index.php\/wp-json\/wp\/v2\/types\/product"}],"wp:attachment":[{"href":"https:\/\/roveyayinevi.com.tr\/index.php\/wp-json\/wp\/v2\/media?parent=763130"}],"wp:term":[{"taxonomy":"product_brand","embeddable":true,"href":"https:\/\/roveyayinevi.com.tr\/index.php\/wp-json\/wp\/v2\/product_brand?post=763130"},{"taxonomy":"product_cat","embeddable":true,"href":"https:\/\/roveyayinevi.com.tr\/index.php\/wp-json\/wp\/v2\/product_cat?post=763130"},{"taxonomy":"product_tag","embeddable":true,"href":"https:\/\/roveyayinevi.com.tr\/index.php\/wp-json\/wp\/v2\/product_tag?post=763130"}],"curies":[{"name":"wp","href":"https:\/\/api.w.org\/{rel}","templated":true}]}}