{"id":763116,"date":"2025-08-28T10:31:11","date_gmt":"2025-08-28T07:31:11","guid":{"rendered":"https:\/\/roveyayinevi.com.tr\/index.php\/urun\/forsa-2\/"},"modified":"2025-09-21T19:35:31","modified_gmt":"2025-09-21T16:35:31","slug":"forsa-2","status":"publish","type":"product","link":"https:\/\/roveyayinevi.com.tr\/index.php\/urun\/forsa-2\/","title":{"rendered":"Forsa"},"content":{"rendered":"<p>\u201cB\u00fct\u00fcn umudu do\u011fdu\u011fu yere, Edremit\u2019e kavu\u015fmakt\u0131. Otuz y\u0131l i\u00e7inde bir an bile umudunu kesmedi. \u2018\u00d6ld\u00fckten sonra dirilece\u011fime nas\u0131l inan\u0131yorsam, \u00f6yle inan\u0131yorum; elli y\u0131l tutsakl\u0131ktan sonra da \u00fclkeme kavu\u015faca\u011f\u0131ma \u00f6yle inan\u0131yorum!\u2019 derdi. En \u00fcnl\u00fc, en tan\u0131nm\u0131\u015f T\u00fcrk gemicilerdendi. Daha yirmi ya\u015f\u0131ndayken, Tar\u0131k Bo\u011faz\u0131\u2019n\u0131 ge\u00e7mi\u015f, poyraza do\u011fru haftalarca, aylarca, kenar k\u0131y\u0131 g\u00f6rmeden gitmi\u015f; rast geldi\u011fi \u0131ss\u0131z adalardan vergiler alm\u0131\u015f, irili ufakl\u0131 donanmalar\u0131 tek ba\u015f\u0131na hafif gemisiyle yenmi\u015fti. O zamanlar T\u00fcrkeli\u2019nde nam\u0131 dillere destand\u0131.\u201d ***** Forsa; tutsak olarak ya\u015fayan bir T\u00fcrk denizcisinin ya\u015fad\u0131klar\u0131 \u00fczerinden ne olursa olsun umudun yitirilmemesi gerekti\u011fini anlatan bir \u00d6mer Seyfettin hik\u00e2yesidir. <\/p>\n","protected":false},"excerpt":{"rendered":"<p>\u201cB\u00fct\u00fcn umudu do\u011fdu\u011fu yere, Edremit\u2019e kavu\u015fmakt\u0131. Otuz y\u0131l i\u00e7inde bir an bile umudunu kesmedi. \u2018\u00d6ld\u00fckten sonra dirilece\u011fime nas\u0131l inan\u0131yorsam, \u00f6yle inan\u0131yorum; elli y\u0131l tutsakl\u0131ktan sonra da<span class=\"excerpt-hellip\"> [\u2026]<\/span><\/p>\n","protected":false},"featured_media":0,"template":"","meta":{"_monsterinsights_skip_tracking":false,"_monsterinsights_sitenote_active":false,"_monsterinsights_sitenote_note":"","_monsterinsights_sitenote_category":0},"product_brand":[],"product_cat":[12274,12284],"product_tag":[],"class_list":{"0":"post-763116","1":"product","2":"type-product","3":"status-publish","5":"product_cat-cocuk-ve-genclik-kitaplari","6":"product_cat-hikayeler","7":"pa_cilt-ciltsiz","8":"pa_tur-kitap","9":"pa_yayinevi-cinaralti-yayinlari","10":"pa_yazar-omer-seyfettin","12":"first","13":"instock","14":"sale","15":"shipping-taxable","16":"purchasable","17":"product-type-simple"},"_links":{"self":[{"href":"https:\/\/roveyayinevi.com.tr\/index.php\/wp-json\/wp\/v2\/product\/763116","targetHints":{"allow":["GET"]}}],"collection":[{"href":"https:\/\/roveyayinevi.com.tr\/index.php\/wp-json\/wp\/v2\/product"}],"about":[{"href":"https:\/\/roveyayinevi.com.tr\/index.php\/wp-json\/wp\/v2\/types\/product"}],"wp:attachment":[{"href":"https:\/\/roveyayinevi.com.tr\/index.php\/wp-json\/wp\/v2\/media?parent=763116"}],"wp:term":[{"taxonomy":"product_brand","embeddable":true,"href":"https:\/\/roveyayinevi.com.tr\/index.php\/wp-json\/wp\/v2\/product_brand?post=763116"},{"taxonomy":"product_cat","embeddable":true,"href":"https:\/\/roveyayinevi.com.tr\/index.php\/wp-json\/wp\/v2\/product_cat?post=763116"},{"taxonomy":"product_tag","embeddable":true,"href":"https:\/\/roveyayinevi.com.tr\/index.php\/wp-json\/wp\/v2\/product_tag?post=763116"}],"curies":[{"name":"wp","href":"https:\/\/api.w.org\/{rel}","templated":true}]}}