{"id":763107,"date":"2025-08-28T10:30:53","date_gmt":"2025-08-28T07:30:53","guid":{"rendered":"https:\/\/roveyayinevi.com.tr\/index.php\/urun\/afacan-besler-adaya-donus\/"},"modified":"2026-04-15T03:28:34","modified_gmt":"2026-04-15T00:28:34","slug":"afacan-besler-adaya-donus","status":"publish","type":"product","link":"https:\/\/roveyayinevi.com.tr\/index.php\/urun\/afacan-besler-adaya-donus\/","title":{"rendered":"Afacan Be\u015fler Adaya D\u00f6n\u00fc\u015f"},"content":{"rendered":"<p>Quentin Amca, Kirrin Adas\u0131\u2019nda gizli deneyler yap\u0131yor ve yan\u0131na kimseyi yakla\u015ft\u0131rm\u0131yor. Ne yapt\u0131\u011f\u0131n\u0131 \u00e7ok merak eden Afacan Be\u015fler ekibini bile! Fakat adada istenmeyen misafirler var ve Quentin Amca\u2019n\u0131n \u00e7al\u0131\u015fmalar\u0131n\u0131 \u00e7al\u0131p adan\u0131n sonunu getirmeye kararl\u0131lar. Gizemi \u00e7\u00f6zmek ve aday\u0131 kurtarmak yine Afacan Be\u015fler ekibine d\u00fc\u015ft\u00fc! \u00c7ocuk edebiyat\u0131n\u0131n en \u00e7ok okunan yazarlar\u0131ndan Enid Blyton\u2019\u0131n unutulmaz serisi AFACAN BE\u015eLER devam ediyor! Serinin alt\u0131nc\u0131 kitab\u0131 Adaya D\u00f6n\u00fc\u015f 9  ya\u015f ve \u00fcst\u00fc t\u00fcm \u00e7ocuklar\u0131 macera dolu, keyifli bir okuma deneyimine davet ediyor. <\/p>\n","protected":false},"excerpt":{"rendered":"<p>Quentin Amca, Kirrin Adas\u0131\u2019nda gizli deneyler yap\u0131yor ve yan\u0131na kimseyi yakla\u015ft\u0131rm\u0131yor. Ne yapt\u0131\u011f\u0131n\u0131 \u00e7ok merak eden Afacan Be\u015fler ekibini bile! Fakat adada istenmeyen misafirler var ve<span class=\"excerpt-hellip\"> [\u2026]<\/span><\/p>\n","protected":false},"featured_media":0,"template":"","meta":{"_monsterinsights_skip_tracking":false,"_monsterinsights_sitenote_active":false,"_monsterinsights_sitenote_note":"","_monsterinsights_sitenote_category":0},"product_brand":[],"product_cat":[12275,12274],"product_tag":[],"class_list":{"0":"post-763107","1":"product","2":"type-product","3":"status-publish","5":"product_cat-6-12-yas-kitaplari","6":"product_cat-cocuk-ve-genclik-kitaplari","7":"pa_cilt-ciltsiz","8":"pa_tur-kitap","9":"pa_yayinevi-redhouse-kidz-yayinlari","10":"pa_yazar-enid-blyton","12":"first","13":"instock","14":"sale","15":"shipping-taxable","16":"purchasable","17":"product-type-simple"},"_links":{"self":[{"href":"https:\/\/roveyayinevi.com.tr\/index.php\/wp-json\/wp\/v2\/product\/763107","targetHints":{"allow":["GET"]}}],"collection":[{"href":"https:\/\/roveyayinevi.com.tr\/index.php\/wp-json\/wp\/v2\/product"}],"about":[{"href":"https:\/\/roveyayinevi.com.tr\/index.php\/wp-json\/wp\/v2\/types\/product"}],"wp:attachment":[{"href":"https:\/\/roveyayinevi.com.tr\/index.php\/wp-json\/wp\/v2\/media?parent=763107"}],"wp:term":[{"taxonomy":"product_brand","embeddable":true,"href":"https:\/\/roveyayinevi.com.tr\/index.php\/wp-json\/wp\/v2\/product_brand?post=763107"},{"taxonomy":"product_cat","embeddable":true,"href":"https:\/\/roveyayinevi.com.tr\/index.php\/wp-json\/wp\/v2\/product_cat?post=763107"},{"taxonomy":"product_tag","embeddable":true,"href":"https:\/\/roveyayinevi.com.tr\/index.php\/wp-json\/wp\/v2\/product_tag?post=763107"}],"curies":[{"name":"wp","href":"https:\/\/api.w.org\/{rel}","templated":true}]}}