{"id":763104,"date":"2025-08-28T10:30:46","date_gmt":"2025-08-28T07:30:46","guid":{"rendered":"https:\/\/roveyayinevi.com.tr\/index.php\/urun\/bir-orta-cag-imparatorlugunun-dogusu-gurlular\/"},"modified":"2026-04-15T03:28:34","modified_gmt":"2026-04-15T00:28:34","slug":"bir-orta-cag-imparatorlugunun-dogusu-gurlular","status":"publish","type":"product","link":"https:\/\/roveyayinevi.com.tr\/index.php\/urun\/bir-orta-cag-imparatorlugunun-dogusu-gurlular\/","title":{"rendered":"Bir Orta \u00c7a\u011f \u0130mparatorlu\u011funun Do\u011fu\u015fu Gurlular"},"content":{"rendered":"<p>\u201cG\u00fbrlular (1000-1215), Mo\u011fol istilas\u0131 \u00f6ncesinde \u0130sl\u00e2m d\u00fcnyas\u0131n\u0131n do\u011fusundaki siyas\u00ee geli\u015fmelere damga vurmu\u015f \u00f6nemli devletlerden biridir. T\u00fcrk-\u0130sl\u00e2m tarihinde kendi d\u00f6nemlerinin sonras\u0131na kadar uzanan \u00f6nemli izler b\u0131rakm\u0131\u015flar, ortaya koyduklar\u0131 g\u00fc\u00e7l\u00fc siyaset ve kazand\u0131klar\u0131 ba\u015far\u0131larla adlar\u0131n\u0131 duyurmu\u015flard\u0131r. Nitekim Gaznelilerin sonras\u0131nda Hindistan\u2019daki T\u00fcrk h\u00e2kimiyetinin devam\u0131n\u0131 sa\u011flayan Delhi T\u00fcrk sultanlar\u0131 bu hanedan\u0131n gulamlar\u0131ndan (Muizz\u00eeler) Kutbedd\u00een Aybek taraf\u0131ndan kurulmu\u015ftur. Okuyucular bu kitapta g\u00fcn\u00fcm\u00fczde \u00e7ok fazla bilinmeyen G\u00fbrlular Devleti\u2019nin k\u00f6keni ve siyas\u00ee tarihlerinin yan\u0131nda onlar\u0131n Orta \u00c7a\u011f \u0130sl\u00e2m d\u00fcnyas\u0131ndaki yerini anlamak f\u0131rsat\u0131n\u0131 bulacaklard\u0131r.\u201d   Prof. Dr. Ayd\u0131n Usta <\/p>\n","protected":false},"excerpt":{"rendered":"<p>\u201cG\u00fbrlular (1000-1215), Mo\u011fol istilas\u0131 \u00f6ncesinde \u0130sl\u00e2m d\u00fcnyas\u0131n\u0131n do\u011fusundaki siyas\u00ee geli\u015fmelere damga vurmu\u015f \u00f6nemli devletlerden biridir. T\u00fcrk-\u0130sl\u00e2m tarihinde kendi d\u00f6nemlerinin sonras\u0131na kadar uzanan \u00f6nemli izler b\u0131rakm\u0131\u015flar, ortaya<span class=\"excerpt-hellip\"> [\u2026]<\/span><\/p>\n","protected":false},"featured_media":0,"template":"","meta":{"_monsterinsights_skip_tracking":false,"_monsterinsights_sitenote_active":false,"_monsterinsights_sitenote_note":"","_monsterinsights_sitenote_category":0},"product_brand":[],"product_cat":[12370,12304],"product_tag":[],"class_list":{"0":"post-763104","1":"product","2":"type-product","3":"status-publish","5":"product_cat-arastirma-inceleme","6":"product_cat-tarih","7":"pa_cilt-ciltsiz","8":"pa_tur-kitap","9":"pa_yayinevi-ideal-kultur-yayincilik","10":"pa_yazar-sena-sarac","12":"first","13":"instock","14":"sale","15":"shipping-taxable","16":"purchasable","17":"product-type-simple"},"_links":{"self":[{"href":"https:\/\/roveyayinevi.com.tr\/index.php\/wp-json\/wp\/v2\/product\/763104","targetHints":{"allow":["GET"]}}],"collection":[{"href":"https:\/\/roveyayinevi.com.tr\/index.php\/wp-json\/wp\/v2\/product"}],"about":[{"href":"https:\/\/roveyayinevi.com.tr\/index.php\/wp-json\/wp\/v2\/types\/product"}],"wp:attachment":[{"href":"https:\/\/roveyayinevi.com.tr\/index.php\/wp-json\/wp\/v2\/media?parent=763104"}],"wp:term":[{"taxonomy":"product_brand","embeddable":true,"href":"https:\/\/roveyayinevi.com.tr\/index.php\/wp-json\/wp\/v2\/product_brand?post=763104"},{"taxonomy":"product_cat","embeddable":true,"href":"https:\/\/roveyayinevi.com.tr\/index.php\/wp-json\/wp\/v2\/product_cat?post=763104"},{"taxonomy":"product_tag","embeddable":true,"href":"https:\/\/roveyayinevi.com.tr\/index.php\/wp-json\/wp\/v2\/product_tag?post=763104"}],"curies":[{"name":"wp","href":"https:\/\/api.w.org\/{rel}","templated":true}]}}