{"id":763103,"date":"2025-08-28T10:30:44","date_gmt":"2025-08-28T07:30:44","guid":{"rendered":"https:\/\/roveyayinevi.com.tr\/index.php\/urun\/boo-ile-renkli-ruyalar-monet-ciltli\/"},"modified":"2026-03-12T03:25:52","modified_gmt":"2026-03-12T00:25:52","slug":"boo-ile-renkli-ruyalar-monet-ciltli","status":"publish","type":"product","link":"https:\/\/roveyayinevi.com.tr\/index.php\/urun\/boo-ile-renkli-ruyalar-monet-ciltli\/","title":{"rendered":"Boo \u0130le Renkli R\u00fcyalar Monet (Ciltli)"},"content":{"rendered":"<p>G\u00fcnd\u00fcz g\u00f6ky\u00fcz\u00fcnde uyur Boo, Geceleri \u00e7ocuklar\u0131n r\u00fcyalar\u0131na girer o;Gezerler birlikte e\u011flenip g\u00fclerek,Her r\u00fcyada ba\u015fka bir maceraya at\u0131l\u0131p ke\u015ffederek,Kim bu \u00e7i\u00e7eklere bakan, yoksa bir bah\u00e7\u0131van m\u0131?Bah\u00e7esinde resim yapan Bay Monet imi\u015f o, ne kadar \u015fa\u015f\u0131rt\u0131c\u0131!Haydi, sen de g\u00f6zlerini kapat \u015fimdi,Boo sana da gezdirsin masals\u0131 bu bah\u00e7eyi.<\/p>\n","protected":false},"excerpt":{"rendered":"<p>G\u00fcnd\u00fcz g\u00f6ky\u00fcz\u00fcnde uyur Boo, Geceleri \u00e7ocuklar\u0131n r\u00fcyalar\u0131na girer o;Gezerler birlikte e\u011flenip g\u00fclerek,Her r\u00fcyada ba\u015fka bir maceraya at\u0131l\u0131p ke\u015ffederek,Kim bu \u00e7i\u00e7eklere bakan, yoksa bir bah\u00e7\u0131van m\u0131?Bah\u00e7esinde resim<span class=\"excerpt-hellip\"> [\u2026]<\/span><\/p>\n","protected":false},"featured_media":0,"template":"","meta":{"_monsterinsights_skip_tracking":false,"_monsterinsights_sitenote_active":false,"_monsterinsights_sitenote_note":"","_monsterinsights_sitenote_category":0},"product_brand":[],"product_cat":[12274,12284],"product_tag":[],"class_list":{"0":"post-763103","1":"product","2":"type-product","3":"status-publish","5":"product_cat-cocuk-ve-genclik-kitaplari","6":"product_cat-hikayeler","7":"pa_cilt-ciltli","8":"pa_tur-kitap","9":"pa_yayinevi-hayalperest-yayinlari","10":"pa_yazar-sirin-dagtekin-yenen","12":"first","13":"instock","14":"sale","15":"shipping-taxable","16":"purchasable","17":"product-type-simple"},"_links":{"self":[{"href":"https:\/\/roveyayinevi.com.tr\/index.php\/wp-json\/wp\/v2\/product\/763103","targetHints":{"allow":["GET"]}}],"collection":[{"href":"https:\/\/roveyayinevi.com.tr\/index.php\/wp-json\/wp\/v2\/product"}],"about":[{"href":"https:\/\/roveyayinevi.com.tr\/index.php\/wp-json\/wp\/v2\/types\/product"}],"wp:attachment":[{"href":"https:\/\/roveyayinevi.com.tr\/index.php\/wp-json\/wp\/v2\/media?parent=763103"}],"wp:term":[{"taxonomy":"product_brand","embeddable":true,"href":"https:\/\/roveyayinevi.com.tr\/index.php\/wp-json\/wp\/v2\/product_brand?post=763103"},{"taxonomy":"product_cat","embeddable":true,"href":"https:\/\/roveyayinevi.com.tr\/index.php\/wp-json\/wp\/v2\/product_cat?post=763103"},{"taxonomy":"product_tag","embeddable":true,"href":"https:\/\/roveyayinevi.com.tr\/index.php\/wp-json\/wp\/v2\/product_tag?post=763103"}],"curies":[{"name":"wp","href":"https:\/\/api.w.org\/{rel}","templated":true}]}}