{"id":763102,"date":"2025-08-28T10:30:43","date_gmt":"2025-08-28T07:30:43","guid":{"rendered":"https:\/\/roveyayinevi.com.tr\/index.php\/urun\/hiper-kulturellik\/"},"modified":"2026-04-15T03:28:34","modified_gmt":"2026-04-15T00:28:34","slug":"hiper-kulturellik","status":"publish","type":"product","link":"https:\/\/roveyayinevi.com.tr\/index.php\/urun\/hiper-kulturellik\/","title":{"rendered":"Hiper &#8211; K\u00fclt\u00fcrellik"},"content":{"rendered":"<p>Modern \u00e7a\u011f\u0131n \u00f6nemli d\u00fc\u015f\u00fcn\u00fcrlerinden Byung-Chul Han, Hiperk\u00fclt\u00fcrellik\u2019te k\u00fclt\u00fcr\u00fcn global \u015fartlarda ne t\u00fcr bir de\u011fi\u015fim ge\u00e7irdi\u011fini tart\u0131\u015f\u0131yor. K\u00fcreselle\u015fmenin ard\u0131ndan k\u00fclt\u00fcrel ifade bi\u00e7imlerinin nas\u0131l yerinden oldu\u011funu; bunlar\u0131n, yerli ve yabanc\u0131, yak\u0131n ve uzak, tan\u0131d\u0131k ve egzotik aras\u0131nda art\u0131k ger\u00e7ek bir fark\u0131n olmad\u0131\u011f\u0131 bir hiperk\u00fclt\u00fcr alan\u0131nda dola\u015f\u0131ma girdi\u011fini ifade ediyor. Teknolojik geli\u015fmelerle birlikte bilgi ve d\u00fc\u015f\u00fcncenin de\u011fi\u015fim ve d\u00f6n\u00fc\u015f\u00fcm\u00fcn\u00fc ve bununla birlikte hiperk\u00fclt\u00fcr\u00fcn ortaya \u00e7\u0131k\u0131\u015f\u0131n\u0131 g\u00f6zler \u00f6n\u00fcne seren Chul Han; hiperk\u00fclt\u00fcr\u00fc, farkl\u0131 zamanlar\u0131 ve s\u00fcreklilikleri i\u00e7inde bar\u0131nd\u0131ran mozaik bir evren olarak tan\u0131ml\u0131yor. K\u0131s\u0131tlanmayan, \u00e7\u00f6z\u00fclmeyen ama gittik\u00e7e s\u0131n\u0131rs\u0131zla\u015fan bu yeni k\u00fclt\u00fcr alan\u0131nda hepimizin birer \u201chiperk\u00fclt\u00fcr turisti\u201d haline geldi\u011fini s\u00f6yl\u00fcyor.   Peki biz, t\u00fcm karma\u015f\u0131kl\u0131\u011f\u0131yla bizi bekleyen bu gelece\u011fi, hiperk\u00fclt\u00fcrel turistler olarak m\u0131 kar\u015f\u0131lamal\u0131 yoksa farkl\u0131 bir varolu\u015f bi\u00e7imini mi arzulamal\u0131y\u0131z? Chul Han Hiperk\u00fclt\u00fcrellik\u2019te, bir yandan Heidegger, Hegel, Kafka, Herder, Kant gibi d\u00fc\u015f\u00fcn\u00fcrlerin fikirleri etraf\u0131nda hiperk\u00fclt\u00fcr kavram\u0131n\u0131 incelerken, \u00f6te yandan da hiperk\u00fclt\u00fcr kar\u015f\u0131s\u0131ndaki konumumuzun ne olmas\u0131 gerekti\u011fine dair bu kritik sorunun pe\u015fine d\u00fc\u015f\u00fcyor. <\/p>\n","protected":false},"excerpt":{"rendered":"<p>Modern \u00e7a\u011f\u0131n \u00f6nemli d\u00fc\u015f\u00fcn\u00fcrlerinden Byung-Chul Han, Hiperk\u00fclt\u00fcrellik\u2019te k\u00fclt\u00fcr\u00fcn global \u015fartlarda ne t\u00fcr bir de\u011fi\u015fim ge\u00e7irdi\u011fini tart\u0131\u015f\u0131yor. K\u00fcreselle\u015fmenin ard\u0131ndan k\u00fclt\u00fcrel ifade bi\u00e7imlerinin nas\u0131l yerinden oldu\u011funu; bunlar\u0131n, yerli<span class=\"excerpt-hellip\"> [\u2026]<\/span><\/p>\n","protected":false},"featured_media":0,"template":"","meta":{"_monsterinsights_skip_tracking":false,"_monsterinsights_sitenote_active":false,"_monsterinsights_sitenote_note":"","_monsterinsights_sitenote_category":0},"product_brand":[],"product_cat":[13633,12324],"product_tag":[],"class_list":{"0":"post-763102","1":"product","2":"type-product","3":"status-publish","5":"product_cat-kultur-ve-bilim","6":"product_cat-sosyoloji","7":"pa_cilt-ciltsiz","8":"pa_tur-kitap","9":"pa_yayinevi-ketebe-yayinlari","10":"pa_yazar-byung-chul-han","12":"first","13":"instock","14":"sale","15":"shipping-taxable","16":"purchasable","17":"product-type-simple"},"_links":{"self":[{"href":"https:\/\/roveyayinevi.com.tr\/index.php\/wp-json\/wp\/v2\/product\/763102","targetHints":{"allow":["GET"]}}],"collection":[{"href":"https:\/\/roveyayinevi.com.tr\/index.php\/wp-json\/wp\/v2\/product"}],"about":[{"href":"https:\/\/roveyayinevi.com.tr\/index.php\/wp-json\/wp\/v2\/types\/product"}],"wp:attachment":[{"href":"https:\/\/roveyayinevi.com.tr\/index.php\/wp-json\/wp\/v2\/media?parent=763102"}],"wp:term":[{"taxonomy":"product_brand","embeddable":true,"href":"https:\/\/roveyayinevi.com.tr\/index.php\/wp-json\/wp\/v2\/product_brand?post=763102"},{"taxonomy":"product_cat","embeddable":true,"href":"https:\/\/roveyayinevi.com.tr\/index.php\/wp-json\/wp\/v2\/product_cat?post=763102"},{"taxonomy":"product_tag","embeddable":true,"href":"https:\/\/roveyayinevi.com.tr\/index.php\/wp-json\/wp\/v2\/product_tag?post=763102"}],"curies":[{"name":"wp","href":"https:\/\/api.w.org\/{rel}","templated":true}]}}