{"id":763101,"date":"2025-08-28T10:30:41","date_gmt":"2025-08-28T07:30:41","guid":{"rendered":"https:\/\/roveyayinevi.com.tr\/index.php\/urun\/ilk-100-hayvan-ciltli\/"},"modified":"2026-04-15T03:28:34","modified_gmt":"2026-04-15T00:28:34","slug":"ilk-100-hayvan-ciltli","status":"publish","type":"product","link":"https:\/\/roveyayinevi.com.tr\/index.php\/urun\/ilk-100-hayvan-ciltli\/","title":{"rendered":"\u0130lk 100 Hayvan (Ciltli)"},"content":{"rendered":"<p>\u00c7ocu\u011funuzu hayvanlarla tan\u0131\u015ft\u0131rmaya haz\u0131r m\u0131s\u0131n\u0131z? \u0130lk 100 Hayvan ile bebe\u011finizin g\u00f6rsel d\u00fcnyas\u0131 zenginle\u015firken kelime da\u011farc\u0131\u011f\u0131 artacak, haf\u0131zas\u0131 geli\u015fecek ve hayvan dostlar\u0131n\u0131 \u00f6\u011frenirken \u00e7ok e\u011flenecek.<\/p>\n","protected":false},"excerpt":{"rendered":"<p>\u00c7ocu\u011funuzu hayvanlarla tan\u0131\u015ft\u0131rmaya haz\u0131r m\u0131s\u0131n\u0131z? \u0130lk 100 Hayvan ile bebe\u011finizin g\u00f6rsel d\u00fcnyas\u0131 zenginle\u015firken kelime da\u011farc\u0131\u011f\u0131 artacak, haf\u0131zas\u0131 geli\u015fecek ve hayvan dostlar\u0131n\u0131 \u00f6\u011frenirken \u00e7ok e\u011flenecek.<\/p>\n","protected":false},"featured_media":0,"template":"","meta":{"_monsterinsights_skip_tracking":false,"_monsterinsights_sitenote_active":false,"_monsterinsights_sitenote_note":"","_monsterinsights_sitenote_category":0},"product_brand":[],"product_cat":[12274,15842],"product_tag":[],"class_list":{"0":"post-763101","1":"product","2":"type-product","3":"status-publish","5":"product_cat-cocuk-ve-genclik-kitaplari","6":"product_cat-egitici-kitaplar","7":"pa_cilt-ciltli","8":"pa_tur-kitap","9":"pa_yayinevi-masalperest","10":"pa_yazar-kolektif","12":"first","13":"instock","14":"sale","15":"shipping-taxable","16":"purchasable","17":"product-type-simple"},"_links":{"self":[{"href":"https:\/\/roveyayinevi.com.tr\/index.php\/wp-json\/wp\/v2\/product\/763101","targetHints":{"allow":["GET"]}}],"collection":[{"href":"https:\/\/roveyayinevi.com.tr\/index.php\/wp-json\/wp\/v2\/product"}],"about":[{"href":"https:\/\/roveyayinevi.com.tr\/index.php\/wp-json\/wp\/v2\/types\/product"}],"wp:attachment":[{"href":"https:\/\/roveyayinevi.com.tr\/index.php\/wp-json\/wp\/v2\/media?parent=763101"}],"wp:term":[{"taxonomy":"product_brand","embeddable":true,"href":"https:\/\/roveyayinevi.com.tr\/index.php\/wp-json\/wp\/v2\/product_brand?post=763101"},{"taxonomy":"product_cat","embeddable":true,"href":"https:\/\/roveyayinevi.com.tr\/index.php\/wp-json\/wp\/v2\/product_cat?post=763101"},{"taxonomy":"product_tag","embeddable":true,"href":"https:\/\/roveyayinevi.com.tr\/index.php\/wp-json\/wp\/v2\/product_tag?post=763101"}],"curies":[{"name":"wp","href":"https:\/\/api.w.org\/{rel}","templated":true}]}}