{"id":763097,"date":"2025-08-28T10:30:31","date_gmt":"2025-08-28T07:30:31","guid":{"rendered":"https:\/\/roveyayinevi.com.tr\/index.php\/urun\/kafamin-ici-kiyamet\/"},"modified":"2026-04-15T03:28:34","modified_gmt":"2026-04-15T00:28:34","slug":"kafamin-ici-kiyamet","status":"publish","type":"product","link":"https:\/\/roveyayinevi.com.tr\/index.php\/urun\/kafamin-ici-kiyamet\/","title":{"rendered":"Kafam\u0131n \u0130\u00e7i K\u0131yamet"},"content":{"rendered":"<p>\u00c7EVREN\u0130ZDEK\u0130 \u0130NSANLAR YEN\u0130 \u015eARKILAR KE\u015eFED\u0130YORKEN, S\u0130Z B\u0130R \u015eARKIYA TAKILI KALIYORSANIZ, KAYBETM\u0130\u015eS\u0130N\u0130ZD\u0130R.   Ben asl\u0131nda iyi biriyim!   Neden s\u00fcrekli d\u00fc\u015f\u00fcncelere kap\u0131ld\u0131\u011f\u0131m\u0131 bilmiyorum.   D\u00fc\u015f\u00fcnmekten yoruldu\u011fumu biliyorum sadece.   Beni y\u00fcz\u00fcst\u00fc b\u0131rakan insanlar\u0131 dahi k\u0131rmamak i\u00e7in, kelimelerimi se\u00e7erek konu\u015fmak zorunda oldu\u011fumdan k\u0131z\u0131yorum kendime.   Do\u011fru, insan giderken geride b\u0131rakam\u0131yor ge\u00e7mi\u015fini.   K\u0131rmamak i\u00e7in sustu\u011fum, \u00fczmemek i\u00e7in elimden geleni yapt\u0131\u011f\u0131m, kavga etmemek i\u00e7in uzakla\u015ft\u0131\u011f\u0131m ve hak etmedi\u011fi halde de\u011fer verdi\u011fim o insanlar\u0131n bana b\u0131rakt\u0131\u011f\u0131 tek \u015fey kafam\u0131n i\u00e7indeki d\u00fc\u015f\u00fcnce k\u0131yameti.       Onur Kankaya, kendi ya\u015fad\u0131\u011f\u0131 deneyimleri, kafas\u0131nda olu\u015fan sorunlar\u0131 ve sorular\u0131 bamba\u015fka bir bak\u0131\u015f a\u00e7\u0131s\u0131yla bizlere sunuyor. Belki de bu sorular hepimizin en derinimizdeki kendimize sordu\u011fu sorulard\u0131r&#8230; <\/p>\n","protected":false},"excerpt":{"rendered":"<p>\u00c7EVREN\u0130ZDEK\u0130 \u0130NSANLAR YEN\u0130 \u015eARKILAR KE\u015eFED\u0130YORKEN, S\u0130Z B\u0130R \u015eARKIYA TAKILI KALIYORSANIZ, KAYBETM\u0130\u015eS\u0130N\u0130ZD\u0130R. Ben asl\u0131nda iyi biriyim! Neden s\u00fcrekli d\u00fc\u015f\u00fcncelere kap\u0131ld\u0131\u011f\u0131m\u0131 bilmiyorum. D\u00fc\u015f\u00fcnmekten yoruldu\u011fumu biliyorum sadece. Beni y\u00fcz\u00fcst\u00fc<span class=\"excerpt-hellip\"> [\u2026]<\/span><\/p>\n","protected":false},"featured_media":0,"template":"","meta":{"_monsterinsights_skip_tracking":false,"_monsterinsights_sitenote_active":false,"_monsterinsights_sitenote_note":"","_monsterinsights_sitenote_category":0},"product_brand":[],"product_cat":[12777,12291],"product_tag":[],"class_list":{"0":"post-763097","1":"product","2":"type-product","3":"status-publish","5":"product_cat-deneme","6":"product_cat-edebiyat","7":"pa_cilt-ciltsiz","8":"pa_tur-kitap","9":"pa_yayinevi-destek-yayinlari","10":"pa_yazar-onur-kankaya","12":"first","13":"instock","14":"sale","15":"shipping-taxable","16":"purchasable","17":"product-type-simple"},"_links":{"self":[{"href":"https:\/\/roveyayinevi.com.tr\/index.php\/wp-json\/wp\/v2\/product\/763097","targetHints":{"allow":["GET"]}}],"collection":[{"href":"https:\/\/roveyayinevi.com.tr\/index.php\/wp-json\/wp\/v2\/product"}],"about":[{"href":"https:\/\/roveyayinevi.com.tr\/index.php\/wp-json\/wp\/v2\/types\/product"}],"wp:attachment":[{"href":"https:\/\/roveyayinevi.com.tr\/index.php\/wp-json\/wp\/v2\/media?parent=763097"}],"wp:term":[{"taxonomy":"product_brand","embeddable":true,"href":"https:\/\/roveyayinevi.com.tr\/index.php\/wp-json\/wp\/v2\/product_brand?post=763097"},{"taxonomy":"product_cat","embeddable":true,"href":"https:\/\/roveyayinevi.com.tr\/index.php\/wp-json\/wp\/v2\/product_cat?post=763097"},{"taxonomy":"product_tag","embeddable":true,"href":"https:\/\/roveyayinevi.com.tr\/index.php\/wp-json\/wp\/v2\/product_tag?post=763097"}],"curies":[{"name":"wp","href":"https:\/\/api.w.org\/{rel}","templated":true}]}}