{"id":763096,"date":"2025-08-28T10:30:28","date_gmt":"2025-08-28T07:30:28","guid":{"rendered":"https:\/\/roveyayinevi.com.tr\/index.php\/urun\/birakmak-kendini-bulmaktir\/"},"modified":"2026-04-15T03:28:34","modified_gmt":"2026-04-15T00:28:34","slug":"birakmak-kendini-bulmaktir","status":"publish","type":"product","link":"https:\/\/roveyayinevi.com.tr\/index.php\/urun\/birakmak-kendini-bulmaktir\/","title":{"rendered":"B\u0131rakmak Kendini Bulmakt\u0131r"},"content":{"rendered":"<p>Can\u0131n\u0131z\u0131 ac\u0131tan ipleri b\u0131rakman\u0131n zaman\u0131 gelmi\u015f olamaz m\u0131?   Bizim de hayat\u0131m\u0131zda fark\u0131nda   olmasak da tuttu\u011fumuz ipler var. Kendimizden taviz verdi\u011fimiz, kendimizi arka plana ald\u0131\u011f\u0131m\u0131z, aman buna bir \u015fey olmas\u0131n, aman bu incinmesin dedi\u011fimiz insanlar var iplerin ucunda.   Bu \u015fekilde hi\u00e7bir yere varamad\u0131\u011f\u0131m\u0131z\u0131 bilmemize ra\u011fmen d\u00fczenimiz alt\u00fcst olmas\u0131n diye durumumuzdan memnunmu\u015fuz gibi davran\u0131yoruz. Size \u00e7ok basit bir tavsiyede bulunmak istiyorum. Siz yokken, siz ipleri yeni yeni elinize al\u0131rken, ipin ucundakiler sizden \u00f6nce nas\u0131l ya\u015f\u0131yorlard\u0131ysa siz olmadan da ya\u015fayabilirler de\u011fil mi?     Onlar\u0131 sizsiz yapamayaca\u011f\u0131n\u0131za inand\u0131ran yine sizdiniz. Bu y\u00fczden ipleri b\u0131rakmaktan korkmay\u0131n. \u0130pin di\u011fer ucundakiler siz olmadan da hayatlar\u0131na devam edebilirler t\u0131pk\u0131 daha \u00f6nce devam ettikleri gibi. \u0130pleri b\u0131rak\u0131n. \u00d6nceli\u011finiz her zaman kendiniz olsun. \u0130\u015fte o zaman ipin ucundakilere daha faydal\u0131 olabilirsiniz. Bunu ipin ucundakiler de siz ipi b\u0131rakt\u0131ktan sonra fark edeceklerdir. B\u0131rakmak kendini bulmakt\u0131r \u00e7\u00fcnk\u00fc&#8230; <\/p>\n","protected":false},"excerpt":{"rendered":"<p>Can\u0131n\u0131z\u0131 ac\u0131tan ipleri b\u0131rakman\u0131n zaman\u0131 gelmi\u015f olamaz m\u0131? Bizim de hayat\u0131m\u0131zda fark\u0131nda olmasak da tuttu\u011fumuz ipler var. Kendimizden taviz verdi\u011fimiz, kendimizi arka plana ald\u0131\u011f\u0131m\u0131z, aman buna<span class=\"excerpt-hellip\"> [\u2026]<\/span><\/p>\n","protected":false},"featured_media":0,"template":"","meta":{"_monsterinsights_skip_tracking":false,"_monsterinsights_sitenote_active":false,"_monsterinsights_sitenote_note":"","_monsterinsights_sitenote_category":0},"product_brand":[],"product_cat":[12777,12291],"product_tag":[],"class_list":{"0":"post-763096","1":"product","2":"type-product","3":"status-publish","5":"product_cat-deneme","6":"product_cat-edebiyat","7":"pa_cilt-ciltsiz","8":"pa_tur-kitap","9":"pa_yayinevi-destek-yayinlari","10":"pa_yazar-suleyman-ibin","12":"first","13":"instock","14":"sale","15":"shipping-taxable","16":"purchasable","17":"product-type-simple"},"_links":{"self":[{"href":"https:\/\/roveyayinevi.com.tr\/index.php\/wp-json\/wp\/v2\/product\/763096","targetHints":{"allow":["GET"]}}],"collection":[{"href":"https:\/\/roveyayinevi.com.tr\/index.php\/wp-json\/wp\/v2\/product"}],"about":[{"href":"https:\/\/roveyayinevi.com.tr\/index.php\/wp-json\/wp\/v2\/types\/product"}],"wp:attachment":[{"href":"https:\/\/roveyayinevi.com.tr\/index.php\/wp-json\/wp\/v2\/media?parent=763096"}],"wp:term":[{"taxonomy":"product_brand","embeddable":true,"href":"https:\/\/roveyayinevi.com.tr\/index.php\/wp-json\/wp\/v2\/product_brand?post=763096"},{"taxonomy":"product_cat","embeddable":true,"href":"https:\/\/roveyayinevi.com.tr\/index.php\/wp-json\/wp\/v2\/product_cat?post=763096"},{"taxonomy":"product_tag","embeddable":true,"href":"https:\/\/roveyayinevi.com.tr\/index.php\/wp-json\/wp\/v2\/product_tag?post=763096"}],"curies":[{"name":"wp","href":"https:\/\/api.w.org\/{rel}","templated":true}]}}