{"id":763095,"date":"2025-08-28T10:30:26","date_gmt":"2025-08-28T07:30:26","guid":{"rendered":"https:\/\/roveyayinevi.com.tr\/index.php\/urun\/moda-psikolojisi\/"},"modified":"2026-04-15T03:28:34","modified_gmt":"2026-04-15T00:28:34","slug":"moda-psikolojisi","status":"publish","type":"product","link":"https:\/\/roveyayinevi.com.tr\/index.php\/urun\/moda-psikolojisi\/","title":{"rendered":"Moda Psikolojisi"},"content":{"rendered":"<p>T\u00fcrkiye\u2019nin ilk moda psikolo\u011fu Mutlu Bar\u0131\u015f, yine T\u00fcrkiye\u2019de yaz\u0131lm\u0131\u015f kurgu olmayan, ilk Moda Psikolojisi kitab\u0131na imzas\u0131n\u0131 at\u0131yor ve insan-k\u0131yafet ili\u015fkisini, giyim ve ruh hali aras\u0131ndaki ili\u015fkiyi, giyim terapisini ve k\u0131yafetlerin \u00fczerimizdeki g\u00fcc\u00fcn\u00fc okurlar\u0131na sunuyor. Mutlu Bar\u0131\u015f, \u0130talya\u2019da moda e\u011fitimi alm\u0131\u015f bir psikolog ve terapisttir. \u0130lk kitab\u0131 \u201cGiyim Terapisti\u201d bir moda psikolo\u011funun hikayesini anlat\u0131yordu ve bir moda psikolo\u011funun yapt\u0131\u011f\u0131 i\u015fe dair bir i\u00e7g\u00f6r\u00fc sunuyordu. \u0130kinci kitab\u0131 ise, k\u0131yafetlerin g\u00fcc\u00fc, giyim terapisi ve gardrobunuzun size anlatt\u0131klar\u0131 gibi konular\u0131 ele alan, moda psikolojisine bir giri\u015f niteli\u011finde. E\u011flenceli, ilgi \u00e7ekici ve okumaya de\u011fer bir kitap. Sayfalar\u0131n\u0131 a\u00e7\u0131n ve Uzman Mutlu Bar\u0131\u015f\u2019\u0131n ellerinden, moda psikolojisi d\u00fcnyas\u0131na ad\u0131m at\u0131n.Prof. Jamie Hacker Hughes \u0130ngiliz Psikoloji Derne\u011fi Eski Ba\u015fkan\u0131   \u201cFark\u0131ndal\u0131k kavram\u0131n\u0131n \u00f6zellikle vurguland\u0131\u011f\u0131 bu zaman diliminde, giyim arac\u0131l\u0131\u011f\u0131yla d\u0131\u015f d\u00fcnyaya yans\u0131t\u0131lan kimlik ile i\u00e7 d\u00fcnyalar\u0131m\u0131zda olup bitenler aras\u0131ndaki ba\u011f\u0131 inceleyen, bilimsel verilerle desteklenmi\u015f bir eser. \u0130\u00e7ine moda psikolojisi ba\u011flam\u0131nda, t\u00fcketici davran\u0131\u015flar\u0131n\u0131 yordama, \u00f6z-\u015fefkat, fark\u0131ndal\u0131k, ba\u011f kurma gibi kavramlar abart\u0131lmadan entegre edilmi\u015f. Konuya ilgi duyanlar i\u00e7in rehber niteli\u011finde bir eser. Yolu a\u00e7\u0131k olsun\u201d   Prof. Dr. Mehmet Sungur Uluslararas\u0131 Kognitif Terapiler Birli\u011fi Ba\u015fkan\u0131 <\/p>\n","protected":false},"excerpt":{"rendered":"<p>T\u00fcrkiye\u2019nin ilk moda psikolo\u011fu Mutlu Bar\u0131\u015f, yine T\u00fcrkiye\u2019de yaz\u0131lm\u0131\u015f kurgu olmayan, ilk Moda Psikolojisi kitab\u0131na imzas\u0131n\u0131 at\u0131yor ve insan-k\u0131yafet ili\u015fkisini, giyim ve ruh hali aras\u0131ndaki ili\u015fkiyi,<span class=\"excerpt-hellip\"> [\u2026]<\/span><\/p>\n","protected":false},"featured_media":0,"template":"","meta":{"_monsterinsights_skip_tracking":false,"_monsterinsights_sitenote_active":false,"_monsterinsights_sitenote_note":"","_monsterinsights_sitenote_category":0},"product_brand":[],"product_cat":[12357],"product_tag":[],"class_list":{"0":"post-763095","1":"product","2":"type-product","3":"status-publish","5":"product_cat-psikoloji","6":"pa_cilt-ciltsiz","7":"pa_tur-kitap","8":"pa_yayinevi-destek-yayinlari","9":"pa_yazar-mutlu-baris","11":"first","12":"instock","13":"sale","14":"shipping-taxable","15":"purchasable","16":"product-type-simple"},"_links":{"self":[{"href":"https:\/\/roveyayinevi.com.tr\/index.php\/wp-json\/wp\/v2\/product\/763095","targetHints":{"allow":["GET"]}}],"collection":[{"href":"https:\/\/roveyayinevi.com.tr\/index.php\/wp-json\/wp\/v2\/product"}],"about":[{"href":"https:\/\/roveyayinevi.com.tr\/index.php\/wp-json\/wp\/v2\/types\/product"}],"wp:attachment":[{"href":"https:\/\/roveyayinevi.com.tr\/index.php\/wp-json\/wp\/v2\/media?parent=763095"}],"wp:term":[{"taxonomy":"product_brand","embeddable":true,"href":"https:\/\/roveyayinevi.com.tr\/index.php\/wp-json\/wp\/v2\/product_brand?post=763095"},{"taxonomy":"product_cat","embeddable":true,"href":"https:\/\/roveyayinevi.com.tr\/index.php\/wp-json\/wp\/v2\/product_cat?post=763095"},{"taxonomy":"product_tag","embeddable":true,"href":"https:\/\/roveyayinevi.com.tr\/index.php\/wp-json\/wp\/v2\/product_tag?post=763095"}],"curies":[{"name":"wp","href":"https:\/\/api.w.org\/{rel}","templated":true}]}}