{"id":763093,"date":"2025-08-28T10:30:21","date_gmt":"2025-08-28T07:30:21","guid":{"rendered":"https:\/\/roveyayinevi.com.tr\/index.php\/urun\/bi-kahve-icmeye-gelir-misin\/"},"modified":"2026-04-15T03:28:34","modified_gmt":"2026-04-15T00:28:34","slug":"bi-kahve-icmeye-gelir-misin","status":"publish","type":"product","link":"https:\/\/roveyayinevi.com.tr\/index.php\/urun\/bi-kahve-icmeye-gelir-misin\/","title":{"rendered":"Bi\u2019 Kahve \u0130\u00e7meye Gelir misin?"},"content":{"rendered":"<p>Onu, \u201cBi\u2019 kahve i\u00e7meye gelir misin?\u201d diye yukar\u0131 davet etti\u011fimde, ikimiz de biliyorduk bu davetin kahve ile alakal\u0131 olmad\u0131\u011f\u0131n\u0131. Malum, bug\u00fcn d\u00fcnya fl\u00f6rt\u00fcn\u00fcn en pop\u00fcler tetikleyici c\u00fcmlesidir bu: \u201cBi\u2019 kahve i\u00e7meye gelir misin?&#8230;\u201d   \u201cSevi\u015felim mi?\u201d diyemedi\u011fi i\u00e7in, olay\u0131n ad\u0131n\u0131 \u201ckahve\u201d koymu\u015f d\u00fcnyal\u0131lar.   Selda Terek\u2019in metaforik anlat\u0131m tekni\u011fi ile g\u00fcn\u00fcm\u00fcz insan\u0131n\u0131n i\u00e7sesleriyle birle\u015ftirip usta \u00fcslubuyla kaleme ald\u0131\u011f\u0131, mizah \u00f6\u011feleri de i\u00e7eren bu hik\u00e2yesinde kendinizden \u00e7ok fazla par\u00e7a bulacaks\u0131n\u0131z. Ve soruyor yazar: \u201cYery\u00fcz\u00fcndeki hangi hazz\u0131 \u2018a\u015fk\u2019 ile takas edebilirsiniz?\u201d <\/p>\n","protected":false},"excerpt":{"rendered":"<p>Onu, \u201cBi\u2019 kahve i\u00e7meye gelir misin?\u201d diye yukar\u0131 davet etti\u011fimde, ikimiz de biliyorduk bu davetin kahve ile alakal\u0131 olmad\u0131\u011f\u0131n\u0131. Malum, bug\u00fcn d\u00fcnya fl\u00f6rt\u00fcn\u00fcn en pop\u00fcler tetikleyici<span class=\"excerpt-hellip\"> [\u2026]<\/span><\/p>\n","protected":false},"featured_media":0,"template":"","meta":{"_monsterinsights_skip_tracking":false,"_monsterinsights_sitenote_active":false,"_monsterinsights_sitenote_note":"","_monsterinsights_sitenote_category":0},"product_brand":[],"product_cat":[12291,18202],"product_tag":[],"class_list":{"0":"post-763093","1":"product","2":"type-product","3":"status-publish","5":"product_cat-edebiyat","6":"product_cat-hikaye","7":"pa_cilt-ciltsiz","8":"pa_tur-kitap","9":"pa_yayinevi-destek-yayinlari","10":"pa_yazar-selda-terek","12":"first","13":"instock","14":"sale","15":"shipping-taxable","16":"purchasable","17":"product-type-simple"},"_links":{"self":[{"href":"https:\/\/roveyayinevi.com.tr\/index.php\/wp-json\/wp\/v2\/product\/763093","targetHints":{"allow":["GET"]}}],"collection":[{"href":"https:\/\/roveyayinevi.com.tr\/index.php\/wp-json\/wp\/v2\/product"}],"about":[{"href":"https:\/\/roveyayinevi.com.tr\/index.php\/wp-json\/wp\/v2\/types\/product"}],"wp:attachment":[{"href":"https:\/\/roveyayinevi.com.tr\/index.php\/wp-json\/wp\/v2\/media?parent=763093"}],"wp:term":[{"taxonomy":"product_brand","embeddable":true,"href":"https:\/\/roveyayinevi.com.tr\/index.php\/wp-json\/wp\/v2\/product_brand?post=763093"},{"taxonomy":"product_cat","embeddable":true,"href":"https:\/\/roveyayinevi.com.tr\/index.php\/wp-json\/wp\/v2\/product_cat?post=763093"},{"taxonomy":"product_tag","embeddable":true,"href":"https:\/\/roveyayinevi.com.tr\/index.php\/wp-json\/wp\/v2\/product_tag?post=763093"}],"curies":[{"name":"wp","href":"https:\/\/api.w.org\/{rel}","templated":true}]}}