{"id":763091,"date":"2025-08-28T10:30:17","date_gmt":"2025-08-28T07:30:17","guid":{"rendered":"https:\/\/roveyayinevi.com.tr\/index.php\/urun\/el-alem-ne-der\/"},"modified":"2026-04-15T03:28:34","modified_gmt":"2026-04-15T00:28:34","slug":"el-alem-ne-der","status":"publish","type":"product","link":"https:\/\/roveyayinevi.com.tr\/index.php\/urun\/el-alem-ne-der\/","title":{"rendered":"El Alem Ne Der?"},"content":{"rendered":"<p>Ben onlar\u0131, cinsiyetleri ne olursa olsun \u00e7ok seviyorum, onlar da birbirlerini ve beni&#8230; Yani annem ve babam onlar benim. Birbirlerine ba\u011fl\u0131lar, bana her zaman sevgi ve s\u0131cak bir yuva verdiler. Ger\u00e7i \u015fimdi onlara ne \u015fekilde hitap edece\u011fimi bilmiyorum. Bana hep annelik yapm\u0131\u015f olan babama, anne; bana hep babal\u0131k yapm\u0131\u015f olan anneme, baba m\u0131 desem? Yoksa \u015fu cinsiyet ayr\u0131m\u0131na g\u00f6re s\u00fcregelmi\u015f rol payla\u015f\u0131m\u0131 konusunu k\u00fclliyen akl\u0131mdan silip direkt isimleriyle mi hitap etsem, bilemedim&#8230; Sizce ne yapmal\u0131y\u0131m?   Bir g\u00fcn kartlar yeniden da\u011f\u0131t\u0131l\u0131r ve ezberiniz bozulursa yad\u0131rgamay\u0131n, hayat hep yapar bunu&#8230; Siz as\u0131l olan\u0131n \u201csevgi\u201d oldu\u011funu unutmay\u0131n yeter! <\/p>\n","protected":false},"excerpt":{"rendered":"<p>Ben onlar\u0131, cinsiyetleri ne olursa olsun \u00e7ok seviyorum, onlar da birbirlerini ve beni&#8230; Yani annem ve babam onlar benim. Birbirlerine ba\u011fl\u0131lar, bana her zaman sevgi ve<span class=\"excerpt-hellip\"> [\u2026]<\/span><\/p>\n","protected":false},"featured_media":0,"template":"","meta":{"_monsterinsights_skip_tracking":false,"_monsterinsights_sitenote_active":false,"_monsterinsights_sitenote_note":"","_monsterinsights_sitenote_category":0},"product_brand":[],"product_cat":[12291,18202],"product_tag":[],"class_list":{"0":"post-763091","1":"product","2":"type-product","3":"status-publish","5":"product_cat-edebiyat","6":"product_cat-hikaye","7":"pa_cilt-ciltsiz","8":"pa_tur-kitap","9":"pa_yayinevi-destek-yayinlari","10":"pa_yazar-selda-terek","12":"first","13":"instock","14":"sale","15":"shipping-taxable","16":"purchasable","17":"product-type-simple"},"_links":{"self":[{"href":"https:\/\/roveyayinevi.com.tr\/index.php\/wp-json\/wp\/v2\/product\/763091","targetHints":{"allow":["GET"]}}],"collection":[{"href":"https:\/\/roveyayinevi.com.tr\/index.php\/wp-json\/wp\/v2\/product"}],"about":[{"href":"https:\/\/roveyayinevi.com.tr\/index.php\/wp-json\/wp\/v2\/types\/product"}],"wp:attachment":[{"href":"https:\/\/roveyayinevi.com.tr\/index.php\/wp-json\/wp\/v2\/media?parent=763091"}],"wp:term":[{"taxonomy":"product_brand","embeddable":true,"href":"https:\/\/roveyayinevi.com.tr\/index.php\/wp-json\/wp\/v2\/product_brand?post=763091"},{"taxonomy":"product_cat","embeddable":true,"href":"https:\/\/roveyayinevi.com.tr\/index.php\/wp-json\/wp\/v2\/product_cat?post=763091"},{"taxonomy":"product_tag","embeddable":true,"href":"https:\/\/roveyayinevi.com.tr\/index.php\/wp-json\/wp\/v2\/product_tag?post=763091"}],"curies":[{"name":"wp","href":"https:\/\/api.w.org\/{rel}","templated":true}]}}