{"id":763089,"date":"2025-08-28T10:30:12","date_gmt":"2025-08-28T07:30:12","guid":{"rendered":"https:\/\/roveyayinevi.com.tr\/index.php\/urun\/affedebilecek-misin\/"},"modified":"2026-04-15T03:28:34","modified_gmt":"2026-04-15T00:28:34","slug":"affedebilecek-misin","status":"publish","type":"product","link":"https:\/\/roveyayinevi.com.tr\/index.php\/urun\/affedebilecek-misin\/","title":{"rendered":"Affedebilecek misin?"},"content":{"rendered":"<p>Do\u011fum g\u00fcn\u00fcme gelecek misafirlere haz\u0131rl\u0131k yap\u0131yordum. Banyodan gelen korkun\u00e7 sesi duydu\u011fumda du\u015f kabininin cam\u0131 patlad\u0131 sand\u0131m. Akl\u0131ma ilk gelen bu oldu nedense. Mikseri \u00e7\u0131rpmakta oldu\u011fum yumurtan\u0131n taba\u011f\u0131na b\u0131rakt\u0131\u011f\u0131m gibi banyoya ko\u015ftum.   Bu hik\u00e2yenin ger\u00e7ek hayatta ya\u015fand\u0131\u011f\u0131na inanmak o kadar zor ki. Ama maalesef ger\u00e7ek bu! Kendini banyoda tabancas\u0131yla vuran bir gen\u00e7&#8230; Geriye \u0131st\u0131raptan ba\u015fka ne kal\u0131yor bir bakal\u0131m m\u0131? Yazar soruyor: \u201cKendini yok ederek seni de \u00f6ld\u00fcrenler var; onlar\u0131 affetmen m\u00fcmk\u00fcn m\u00fc?\u201d   Hayat \u00f6yle ya da b\u00f6yle devam ediyor; y\u00fckleri, travmalar\u0131, d\u00fc\u011f\u00fcmleriyle&#8230; Ama her beladan g\u00fc\u00e7lenerek \u00e7\u0131kmak m\u00fcmk\u00fcn&#8230; Ba\u015fkalar\u0131n\u0131 can\u0131na k\u0131yarak cezaland\u0131rma! Senden sonra da g\u00fcl\u00fcmsemeyi ba\u015faracaklar. <\/p>\n","protected":false},"excerpt":{"rendered":"<p>Do\u011fum g\u00fcn\u00fcme gelecek misafirlere haz\u0131rl\u0131k yap\u0131yordum. Banyodan gelen korkun\u00e7 sesi duydu\u011fumda du\u015f kabininin cam\u0131 patlad\u0131 sand\u0131m. Akl\u0131ma ilk gelen bu oldu nedense. Mikseri \u00e7\u0131rpmakta oldu\u011fum yumurtan\u0131n<span class=\"excerpt-hellip\"> [\u2026]<\/span><\/p>\n","protected":false},"featured_media":0,"template":"","meta":{"_monsterinsights_skip_tracking":false,"_monsterinsights_sitenote_active":false,"_monsterinsights_sitenote_note":"","_monsterinsights_sitenote_category":0},"product_brand":[],"product_cat":[12291,18202],"product_tag":[],"class_list":{"0":"post-763089","1":"product","2":"type-product","3":"status-publish","5":"product_cat-edebiyat","6":"product_cat-hikaye","7":"pa_cilt-ciltsiz","8":"pa_tur-kitap","9":"pa_yayinevi-destek-yayinlari","10":"pa_yazar-selda-terek","12":"first","13":"instock","14":"sale","15":"shipping-taxable","16":"purchasable","17":"product-type-simple"},"_links":{"self":[{"href":"https:\/\/roveyayinevi.com.tr\/index.php\/wp-json\/wp\/v2\/product\/763089","targetHints":{"allow":["GET"]}}],"collection":[{"href":"https:\/\/roveyayinevi.com.tr\/index.php\/wp-json\/wp\/v2\/product"}],"about":[{"href":"https:\/\/roveyayinevi.com.tr\/index.php\/wp-json\/wp\/v2\/types\/product"}],"wp:attachment":[{"href":"https:\/\/roveyayinevi.com.tr\/index.php\/wp-json\/wp\/v2\/media?parent=763089"}],"wp:term":[{"taxonomy":"product_brand","embeddable":true,"href":"https:\/\/roveyayinevi.com.tr\/index.php\/wp-json\/wp\/v2\/product_brand?post=763089"},{"taxonomy":"product_cat","embeddable":true,"href":"https:\/\/roveyayinevi.com.tr\/index.php\/wp-json\/wp\/v2\/product_cat?post=763089"},{"taxonomy":"product_tag","embeddable":true,"href":"https:\/\/roveyayinevi.com.tr\/index.php\/wp-json\/wp\/v2\/product_tag?post=763089"}],"curies":[{"name":"wp","href":"https:\/\/api.w.org\/{rel}","templated":true}]}}