{"id":763082,"date":"2025-08-28T10:29:59","date_gmt":"2025-08-28T07:29:59","guid":{"rendered":"https:\/\/roveyayinevi.com.tr\/index.php\/urun\/l-o-l-surprise-hep-birlikte-sahnede\/"},"modified":"2026-04-15T03:28:34","modified_gmt":"2026-04-15T00:28:34","slug":"l-o-l-surprise-hep-birlikte-sahnede","status":"publish","type":"product","link":"https:\/\/roveyayinevi.com.tr\/index.php\/urun\/l-o-l-surprise-hep-birlikte-sahnede\/","title":{"rendered":"L.O.L Surprise! Hep Birlikte Sahnede"},"content":{"rendered":"<p>Twang oldum olas\u0131 m\u00fczi\u011fe tutkun. Bu y\u00fczden de Coffee Queen\u2019de bir \u015fark\u0131 yar\u0131\u015fmas\u0131 d\u00fczenledi\u011finde kat\u0131lmaya karar veriyor. Ama Twang \u00e7ok da utanga\u00e7 biri! En iyi arkada\u015f\u0131 Metal Babe onu sahnede \u015fark\u0131 s\u00f6ylemeye ikna etmeyi ba\u015far\u0131yor. Acaba Twang yar\u0131\u015fmay\u0131 kazanabilecek mi? <\/p>\n","protected":false},"excerpt":{"rendered":"<p>Twang oldum olas\u0131 m\u00fczi\u011fe tutkun. Bu y\u00fczden de Coffee Queen\u2019de bir \u015fark\u0131 yar\u0131\u015fmas\u0131 d\u00fczenledi\u011finde kat\u0131lmaya karar veriyor. Ama Twang \u00e7ok da utanga\u00e7 biri! En iyi arkada\u015f\u0131<span class=\"excerpt-hellip\"> [\u2026]<\/span><\/p>\n","protected":false},"featured_media":0,"template":"","meta":{"_monsterinsights_skip_tracking":false,"_monsterinsights_sitenote_active":false,"_monsterinsights_sitenote_note":"","_monsterinsights_sitenote_category":0},"product_brand":[],"product_cat":[12274,12518],"product_tag":[],"class_list":{"0":"post-763082","1":"product","2":"type-product","3":"status-publish","5":"product_cat-cocuk-ve-genclik-kitaplari","6":"product_cat-okul-oncesi-kitaplar","7":"pa_cilt-ciltsiz","8":"pa_tur-kitap","9":"pa_yayinevi-dogan-cocuk","10":"pa_yazar-kolektif","12":"first","13":"instock","14":"sale","15":"shipping-taxable","16":"purchasable","17":"product-type-simple"},"_links":{"self":[{"href":"https:\/\/roveyayinevi.com.tr\/index.php\/wp-json\/wp\/v2\/product\/763082","targetHints":{"allow":["GET"]}}],"collection":[{"href":"https:\/\/roveyayinevi.com.tr\/index.php\/wp-json\/wp\/v2\/product"}],"about":[{"href":"https:\/\/roveyayinevi.com.tr\/index.php\/wp-json\/wp\/v2\/types\/product"}],"wp:attachment":[{"href":"https:\/\/roveyayinevi.com.tr\/index.php\/wp-json\/wp\/v2\/media?parent=763082"}],"wp:term":[{"taxonomy":"product_brand","embeddable":true,"href":"https:\/\/roveyayinevi.com.tr\/index.php\/wp-json\/wp\/v2\/product_brand?post=763082"},{"taxonomy":"product_cat","embeddable":true,"href":"https:\/\/roveyayinevi.com.tr\/index.php\/wp-json\/wp\/v2\/product_cat?post=763082"},{"taxonomy":"product_tag","embeddable":true,"href":"https:\/\/roveyayinevi.com.tr\/index.php\/wp-json\/wp\/v2\/product_tag?post=763082"}],"curies":[{"name":"wp","href":"https:\/\/api.w.org\/{rel}","templated":true}]}}