{"id":763081,"date":"2025-08-28T10:29:57","date_gmt":"2025-08-28T07:29:57","guid":{"rendered":"https:\/\/roveyayinevi.com.tr\/index.php\/urun\/oyunun-kurali\/"},"modified":"2026-04-15T03:28:34","modified_gmt":"2026-04-15T00:28:34","slug":"oyunun-kurali","status":"publish","type":"product","link":"https:\/\/roveyayinevi.com.tr\/index.php\/urun\/oyunun-kurali\/","title":{"rendered":"Oyunun Kural\u0131"},"content":{"rendered":"<p>Voleybolda T\u00fcrkiye\u2019nin en b\u00fcy\u00fck menajerlik ajans\u0131n\u0131 kuran, star oyuncular\u0131n dan\u0131\u015fman\u0131 Tun\u00e7 Af\u015far ya\u015fad\u0131klar\u0131n\u0131, \u00f6\u011frendiklerini ve \u00f6nerilerini anlat\u0131yor.   Cansu \u00d6zbay: Tun\u00e7 Abinin yeri benim kalbimde ve hayat\u0131mda bamba\u015fka. Duru\u015fu, karakteri, insanl\u0131\u011f\u0131 bamba\u015fka bir boyutta  benim i\u00e7in. Onunla tan\u0131\u015ft\u0131\u011f\u0131mda 18 ya\u015f\u0131ndayd\u0131m ve hi\u00e7bir \u015fey bilmiyordum. \u015eu an 28 ya\u015f\u0131nday\u0131m ve bu zamana kadar ya\u015fad\u0131\u011f\u0131m\u0131z her olayda yan\u0131mda olup, bana en do\u011frusunu g\u00f6stermeye \u00e7al\u0131\u015f\u0131p, ko\u015fulsuz destek oldu. Onun benimle oldu\u011funu bilmek bana her zaman kendimi g\u00fcvende hissettirdi ve hissettiriyor. Yeri geldi baba oldu, yeri geldi karde\u015f, yeri  geldi arkada\u015f oldu. 7\/24 dinledi. Demem o ki, onun gibi bir  menajere sahip oldu\u011fum i\u00e7in \u00e7ok \u015fansl\u0131y\u0131m!   Tu\u011fba \u015eeno\u011flu \u0130vegin: \u0130nan\u0131lmaz y\u00fcksek abilik, arkada\u015fl\u0131k ve aile duygusuna sahip olmas\u0131 d\u0131\u015f\u0131nda, konulara \u00e7ok farkl\u0131 a\u00e7\u0131dan bak\u0131p insan\u0131n  g\u00f6z\u00fcndeki perdeyi bir anda kald\u0131r\u0131p, olaylar\u0131 daha iyi analiz  etmesini sa\u011flamas\u0131 beni en \u00e7ok etkileyen y\u00f6n\u00fc san\u0131r\u0131m. Ben sahada g\u00f6revimi \u00f6nemseyip elimden geleni yaparken, i\u015fin geri kalan k\u0131sm\u0131nda Shining Stars\u2019\u0131n kariyerim  i\u00e7in her \u015feyi kusursuz yapt\u0131\u011f\u0131ndan emin oluyorum. Bu da  bir sporcu i\u00e7in \u00e7ok kuvvetli motivasyon sebebidir. Zehra G\u00fcne\u015f: Tun\u00e7 Af\u015far, ailemden bir par\u00e7a. Uzun yolculu\u011fumda  bana e\u015flik eden, beni ve ailemi \u00e7ok iyi tan\u0131yan biri. Perspektifi olan, farkl\u0131 a\u00e7\u0131lardan bakmam\u0131 sa\u011flayan bir dost. Shining Stars, kendimi bu yolculukta daima bir ailenin  par\u00e7as\u0131 gibi hissetmemi sa\u011flad\u0131. G\u00fcven duygusu tam olarak. Profesyonel sporcu olarak, her zaman en iyisi olmak  istersiniz. Shining Stars da benim kendi potansiyelimi ortaya \u00e7\u0131karma ve kendi en iyi olma halime \u00e7ok b\u00fcy\u00fck katk\u0131  sa\u011flad\u0131, sa\u011flamaya da devam ediyor.<\/p>\n","protected":false},"excerpt":{"rendered":"<p>Voleybolda T\u00fcrkiye\u2019nin en b\u00fcy\u00fck menajerlik ajans\u0131n\u0131 kuran, star oyuncular\u0131n dan\u0131\u015fman\u0131 Tun\u00e7 Af\u015far ya\u015fad\u0131klar\u0131n\u0131, \u00f6\u011frendiklerini ve \u00f6nerilerini anlat\u0131yor. Cansu \u00d6zbay: Tun\u00e7 Abinin yeri benim kalbimde ve hayat\u0131mda<span class=\"excerpt-hellip\"> [\u2026]<\/span><\/p>\n","protected":false},"featured_media":0,"template":"","meta":{"_monsterinsights_skip_tracking":false,"_monsterinsights_sitenote_active":false,"_monsterinsights_sitenote_note":"","_monsterinsights_sitenote_category":0},"product_brand":[],"product_cat":[12364],"product_tag":[],"class_list":{"0":"post-763081","1":"product","2":"type-product","3":"status-publish","5":"product_cat-genel-konular","6":"pa_cilt-ciltsiz","7":"pa_tur-kitap","8":"pa_yayinevi-alfa-yayinlari","9":"pa_yazar-tunc-afsar","11":"first","12":"instock","13":"sale","14":"shipping-taxable","15":"purchasable","16":"product-type-simple"},"_links":{"self":[{"href":"https:\/\/roveyayinevi.com.tr\/index.php\/wp-json\/wp\/v2\/product\/763081","targetHints":{"allow":["GET"]}}],"collection":[{"href":"https:\/\/roveyayinevi.com.tr\/index.php\/wp-json\/wp\/v2\/product"}],"about":[{"href":"https:\/\/roveyayinevi.com.tr\/index.php\/wp-json\/wp\/v2\/types\/product"}],"wp:attachment":[{"href":"https:\/\/roveyayinevi.com.tr\/index.php\/wp-json\/wp\/v2\/media?parent=763081"}],"wp:term":[{"taxonomy":"product_brand","embeddable":true,"href":"https:\/\/roveyayinevi.com.tr\/index.php\/wp-json\/wp\/v2\/product_brand?post=763081"},{"taxonomy":"product_cat","embeddable":true,"href":"https:\/\/roveyayinevi.com.tr\/index.php\/wp-json\/wp\/v2\/product_cat?post=763081"},{"taxonomy":"product_tag","embeddable":true,"href":"https:\/\/roveyayinevi.com.tr\/index.php\/wp-json\/wp\/v2\/product_tag?post=763081"}],"curies":[{"name":"wp","href":"https:\/\/api.w.org\/{rel}","templated":true}]}}