{"id":763077,"date":"2025-08-28T10:29:48","date_gmt":"2025-08-28T07:29:48","guid":{"rendered":"https:\/\/roveyayinevi.com.tr\/index.php\/urun\/ilk-cizgi-romanim-my-little-pony-eve-donus\/"},"modified":"2026-04-15T03:28:34","modified_gmt":"2026-04-15T00:28:34","slug":"ilk-cizgi-romanim-my-little-pony-eve-donus","status":"publish","type":"product","link":"https:\/\/roveyayinevi.com.tr\/index.php\/urun\/ilk-cizgi-romanim-my-little-pony-eve-donus\/","title":{"rendered":"\u0130lk \u00c7izgi Roman\u0131m My Little Pony-Eve D\u00f6n\u00fc\u015f"},"content":{"rendered":"<p>\u0130\u015fte, en sevdi\u011fim yerler!   Izzy ve Sunny, Dizginkoru\u2019ya gidiyor ve eve d\u00f6nmenin ger\u00e7ek anlam\u0131n\u0131 \u00f6\u011freniyor.   \u0130lk \u00c7izgi Roman\u0131m serisi, \u00e7ocuklar\u0131 \u00e7izgi romanlar\u0131n renkli d\u00fcnyas\u0131yla tan\u0131\u015ft\u0131r\u0131yor.  Yeni okumaya ba\u015flayan \u00e7ocuklara uygun sade ve k\u0131sa metinler \u00c7ocuklar\u0131n hem ebeveynleriyle hem de kendi ba\u015flar\u0131na okuyabilecekleri maceralar <\/p>\n","protected":false},"excerpt":{"rendered":"<p>\u0130\u015fte, en sevdi\u011fim yerler! Izzy ve Sunny, Dizginkoru\u2019ya gidiyor ve eve d\u00f6nmenin ger\u00e7ek anlam\u0131n\u0131 \u00f6\u011freniyor. \u0130lk \u00c7izgi Roman\u0131m serisi, \u00e7ocuklar\u0131 \u00e7izgi romanlar\u0131n renkli d\u00fcnyas\u0131yla tan\u0131\u015ft\u0131r\u0131yor. Yeni<span class=\"excerpt-hellip\"> [\u2026]<\/span><\/p>\n","protected":false},"featured_media":0,"template":"","meta":{"_monsterinsights_skip_tracking":false,"_monsterinsights_sitenote_active":false,"_monsterinsights_sitenote_note":"","_monsterinsights_sitenote_category":0},"product_brand":[],"product_cat":[12689,12274],"product_tag":[],"class_list":{"0":"post-763077","1":"product","2":"type-product","3":"status-publish","5":"product_cat-cizgi-roman-cocuk-ve-genclik-kitaplari","6":"product_cat-cocuk-ve-genclik-kitaplari","7":"pa_cilt-ciltsiz","8":"pa_tur-kitap","9":"pa_yayinevi-dogan-cocuk","10":"pa_yazar-megan-roth-agnes-garbowska","12":"first","13":"instock","14":"sale","15":"shipping-taxable","16":"purchasable","17":"product-type-simple"},"_links":{"self":[{"href":"https:\/\/roveyayinevi.com.tr\/index.php\/wp-json\/wp\/v2\/product\/763077","targetHints":{"allow":["GET"]}}],"collection":[{"href":"https:\/\/roveyayinevi.com.tr\/index.php\/wp-json\/wp\/v2\/product"}],"about":[{"href":"https:\/\/roveyayinevi.com.tr\/index.php\/wp-json\/wp\/v2\/types\/product"}],"wp:attachment":[{"href":"https:\/\/roveyayinevi.com.tr\/index.php\/wp-json\/wp\/v2\/media?parent=763077"}],"wp:term":[{"taxonomy":"product_brand","embeddable":true,"href":"https:\/\/roveyayinevi.com.tr\/index.php\/wp-json\/wp\/v2\/product_brand?post=763077"},{"taxonomy":"product_cat","embeddable":true,"href":"https:\/\/roveyayinevi.com.tr\/index.php\/wp-json\/wp\/v2\/product_cat?post=763077"},{"taxonomy":"product_tag","embeddable":true,"href":"https:\/\/roveyayinevi.com.tr\/index.php\/wp-json\/wp\/v2\/product_tag?post=763077"}],"curies":[{"name":"wp","href":"https:\/\/api.w.org\/{rel}","templated":true}]}}