{"id":763076,"date":"2025-08-28T10:29:46","date_gmt":"2025-08-28T07:29:46","guid":{"rendered":"https:\/\/roveyayinevi.com.tr\/index.php\/urun\/kedimin-adi-odin-4-vedalasmak-icin-uc-gun\/"},"modified":"2026-04-15T03:28:34","modified_gmt":"2026-04-15T00:28:34","slug":"kedimin-adi-odin-4-vedalasmak-icin-uc-gun","status":"publish","type":"product","link":"https:\/\/roveyayinevi.com.tr\/index.php\/urun\/kedimin-adi-odin-4-vedalasmak-icin-uc-gun\/","title":{"rendered":"Kedimin Ad\u0131 Odin 4 Vedala\u015fmak \u0130\u00e7in \u00dc\u00e7 G\u00fcn"},"content":{"rendered":"<p>Odin ve arkada\u015flar\u0131n\u0131n D\u00fcnya&#8217;y\u0131 kurtarmak i\u00e7in son bir g\u00f6revi daha var. Odin bir y\u0131ld\u0131r Petra ve Aldo\u2019nun hayat\u0131nda. Birlikte birka\u00e7 kez d\u00fcnyay\u0131 kurtard\u0131lar ve g\u00fcnler huzur i\u00e7inde ak\u0131p gitti. Peki \u015fimdi b\u00fcy\u00fck bir iplik yuma\u011f\u0131n\u0131 a\u00e7an k\u00fc\u00e7\u00fck bir k\u0131z, ipli\u011fi keskin t\u0131rnaklar\u0131yla kontrol eden bir kad\u0131n ve en sonunda da onu pasl\u0131 bir makasla kesen \u00fc\u00e7\u00fcnc\u00fc, ya\u015fl\u0131 bir kad\u0131nla ne yapmalar\u0131 gerekiyor? Ve hepsinden \u00f6nemlisi, neden gizemli bir \u015fekilde bir anda evdeki kanepenin \u00fczerinde belirdiler? <\/p>\n","protected":false},"excerpt":{"rendered":"<p>Odin ve arkada\u015flar\u0131n\u0131n D\u00fcnya&#8217;y\u0131 kurtarmak i\u00e7in son bir g\u00f6revi daha var. Odin bir y\u0131ld\u0131r Petra ve Aldo\u2019nun hayat\u0131nda. Birlikte birka\u00e7 kez d\u00fcnyay\u0131 kurtard\u0131lar ve g\u00fcnler huzur<span class=\"excerpt-hellip\"> [\u2026]<\/span><\/p>\n","protected":false},"featured_media":0,"template":"","meta":{"_monsterinsights_skip_tracking":false,"_monsterinsights_sitenote_active":false,"_monsterinsights_sitenote_note":"","_monsterinsights_sitenote_category":0},"product_brand":[],"product_cat":[12291,12711],"product_tag":[],"class_list":{"0":"post-763076","1":"product","2":"type-product","3":"status-publish","5":"product_cat-edebiyat","6":"product_cat-roman-oyku","7":"pa_cilt-ciltsiz","8":"pa_tur-kitap","9":"pa_yayinevi-dogan-cocuk","10":"pa_yazar-francesco-bedini","12":"first","13":"instock","14":"sale","15":"shipping-taxable","16":"purchasable","17":"product-type-simple"},"_links":{"self":[{"href":"https:\/\/roveyayinevi.com.tr\/index.php\/wp-json\/wp\/v2\/product\/763076","targetHints":{"allow":["GET"]}}],"collection":[{"href":"https:\/\/roveyayinevi.com.tr\/index.php\/wp-json\/wp\/v2\/product"}],"about":[{"href":"https:\/\/roveyayinevi.com.tr\/index.php\/wp-json\/wp\/v2\/types\/product"}],"wp:attachment":[{"href":"https:\/\/roveyayinevi.com.tr\/index.php\/wp-json\/wp\/v2\/media?parent=763076"}],"wp:term":[{"taxonomy":"product_brand","embeddable":true,"href":"https:\/\/roveyayinevi.com.tr\/index.php\/wp-json\/wp\/v2\/product_brand?post=763076"},{"taxonomy":"product_cat","embeddable":true,"href":"https:\/\/roveyayinevi.com.tr\/index.php\/wp-json\/wp\/v2\/product_cat?post=763076"},{"taxonomy":"product_tag","embeddable":true,"href":"https:\/\/roveyayinevi.com.tr\/index.php\/wp-json\/wp\/v2\/product_tag?post=763076"}],"curies":[{"name":"wp","href":"https:\/\/api.w.org\/{rel}","templated":true}]}}