{"id":763074,"date":"2025-08-28T10:29:43","date_gmt":"2025-08-28T07:29:43","guid":{"rendered":"https:\/\/roveyayinevi.com.tr\/index.php\/urun\/tarih-ve-toplum-yeni-yaklasimlar-sayi-23\/"},"modified":"2026-04-15T03:28:34","modified_gmt":"2026-04-15T00:28:34","slug":"tarih-ve-toplum-yeni-yaklasimlar-sayi-23","status":"publish","type":"product","link":"https:\/\/roveyayinevi.com.tr\/index.php\/urun\/tarih-ve-toplum-yeni-yaklasimlar-sayi-23\/","title":{"rendered":"Tarih ve Toplum Yeni Yakla\u015f\u0131mlar Say\u0131 23"},"content":{"rendered":"<p>Y. Do\u011fan \u00c7etinkaya &#8211; Kerem \u00dcn\u00fcvar 5- Sunu\u015f Fikret Y\u0131lmaz 9- 1782&#8217;de K\u0131z\u0131lba\u015f Katliam\u0131: Haf\u0131za, karalama ve \u015fiddet Nadir \u00d6zbek 72- \u0130ktisadi d\u00fc\u015f\u00fcnme tarih\u00e7ili\u011fi, modern kamu maaliyesi ve Osmanl\u0131, maaliyecileri 1876-1908 Yal\u00e7\u0131n \u00c7akmak 96- Kay\u0131p bir \u00e7oban ile &#8220;kerametleri&#8221;nin izinde: Munzur Baba ve efsaneleri Ronald Grigor Suny 130- Duygusal e\u011filimler, Bol\u015fevizm ve Stalinizm: Stalin&#8217;in duygu d\u00fcnyas\u0131n\u0131n rasyonel taraf\u0131 Erol Ortaba\u011f 149- S\u0131ra d\u0131\u015f\u0131 bir i\u015fadam\u0131n\u0131n s\u0131ra d\u0131\u015f\u0131 olmayan \u00f6nerileri: Muzaffer Halim Neyzi&#8217;nin B\u00fcy\u00fck \u0130stirham&#8217;\u0131 BELGE BA\u011eLAM \u0130dil \u00c7etin 175- Osmanl\u0131 foto\u011fraf tarihi literat\u00fcr\u00fc: Bir tarihyaz\u0131m\u0131n\u0131n tarihi TARTI\u015eMA\/ELE\u015eT\u0130R\u0130 Aytek Soner Alpan 209-Mezar ta\u015flar\u0131, alt\u0131nlar, hayaletler ve ironiler aras\u0131nda: Tarihi Hrisula&#8217;yla aramak 238 \u00d6zetler 243 Abstracts<\/p>\n","protected":false},"excerpt":{"rendered":"<p>Y. Do\u011fan \u00c7etinkaya &#8211; Kerem \u00dcn\u00fcvar 5- Sunu\u015f Fikret Y\u0131lmaz 9- 1782&#8217;de K\u0131z\u0131lba\u015f Katliam\u0131: Haf\u0131za, karalama ve \u015fiddet Nadir \u00d6zbek 72- \u0130ktisadi d\u00fc\u015f\u00fcnme tarih\u00e7ili\u011fi, modern kamu<span class=\"excerpt-hellip\"> [\u2026]<\/span><\/p>\n","protected":false},"featured_media":0,"template":"","meta":{"_monsterinsights_skip_tracking":false,"_monsterinsights_sitenote_active":false,"_monsterinsights_sitenote_note":"","_monsterinsights_sitenote_category":0},"product_brand":[],"product_cat":[13527],"product_tag":[],"class_list":{"0":"post-763074","1":"product","2":"type-product","3":"status-publish","5":"product_cat-sureli-yayinlar","6":"pa_cilt-ciltsiz","7":"pa_tur-dergi","8":"pa_yayinevi-iletisim-yayinlari","9":"pa_yazar-kolektif","11":"first","12":"instock","13":"sale","14":"shipping-taxable","15":"purchasable","16":"product-type-simple"},"_links":{"self":[{"href":"https:\/\/roveyayinevi.com.tr\/index.php\/wp-json\/wp\/v2\/product\/763074","targetHints":{"allow":["GET"]}}],"collection":[{"href":"https:\/\/roveyayinevi.com.tr\/index.php\/wp-json\/wp\/v2\/product"}],"about":[{"href":"https:\/\/roveyayinevi.com.tr\/index.php\/wp-json\/wp\/v2\/types\/product"}],"wp:attachment":[{"href":"https:\/\/roveyayinevi.com.tr\/index.php\/wp-json\/wp\/v2\/media?parent=763074"}],"wp:term":[{"taxonomy":"product_brand","embeddable":true,"href":"https:\/\/roveyayinevi.com.tr\/index.php\/wp-json\/wp\/v2\/product_brand?post=763074"},{"taxonomy":"product_cat","embeddable":true,"href":"https:\/\/roveyayinevi.com.tr\/index.php\/wp-json\/wp\/v2\/product_cat?post=763074"},{"taxonomy":"product_tag","embeddable":true,"href":"https:\/\/roveyayinevi.com.tr\/index.php\/wp-json\/wp\/v2\/product_tag?post=763074"}],"curies":[{"name":"wp","href":"https:\/\/api.w.org\/{rel}","templated":true}]}}