{"id":763072,"date":"2025-08-28T10:29:39","date_gmt":"2025-08-28T07:29:39","guid":{"rendered":"https:\/\/roveyayinevi.com.tr\/index.php\/urun\/astronot-sirin-altinci-kitap-peyodan-iki-sirin-hikayesi\/"},"modified":"2026-04-15T03:28:34","modified_gmt":"2026-04-15T00:28:34","slug":"astronot-sirin-altinci-kitap-peyodan-iki-sirin-hikayesi","status":"publish","type":"product","link":"https:\/\/roveyayinevi.com.tr\/index.php\/urun\/astronot-sirin-altinci-kitap-peyodan-iki-sirin-hikayesi\/","title":{"rendered":"Astronot \u015eirin &#8211; Alt\u0131nc\u0131 Kitap Peyo\u2019dan \u0130ki \u015eirin Hikayesi"},"content":{"rendered":"<p>Uzun uzun y\u0131llar \u00f6nce, orman\u0131n derinliklerinde k\u00fc\u00e7\u00fck yarat\u0131klar\u0131n ya\u015fad\u0131\u011f\u0131 gizli bir k\u00f6y vard\u0131. Onlar kendilerine \u015firin derdi; mavi renkleri, beyaz \u015fapkalar\u0131, her biri kendine has karakteriyle orman\u0131n derinliklerinde \u015eirin Baba\u2019n\u0131n g\u00f6zetimi alt\u0131nda mutlu mesut ya\u015farlard\u0131. Tabii \u00fczerlerindeki g\u00f6lgeyi saymazsak\u2026K\u00f6t\u00fc kalpli b\u00fcy\u00fcc\u00fc Gargamel ve ac\u0131mas\u0131z kedisi Azman k\u00f6\u015fe bucak \u015firinleri arard\u0131. Ama endi\u015felenmeyin, \u015firinler \u015firin olduklar\u0131 kadar gizlenmekte de ustalard\u0131! Ormana gezmeye gitti\u011finizde etraf\u0131 dikkatli dinlerseniz Gargamel\u2019in \u00e7\u0131\u011fl\u0131klar\u0131n\u0131 duyabilirsiniz. Ve iyi bir okur olursan\u0131z belki \u015firinleri bile g\u00f6rebilirsiniz!<\/p>\n","protected":false},"excerpt":{"rendered":"<p>Uzun uzun y\u0131llar \u00f6nce, orman\u0131n derinliklerinde k\u00fc\u00e7\u00fck yarat\u0131klar\u0131n ya\u015fad\u0131\u011f\u0131 gizli bir k\u00f6y vard\u0131. Onlar kendilerine \u015firin derdi; mavi renkleri, beyaz \u015fapkalar\u0131, her biri kendine has karakteriyle<span class=\"excerpt-hellip\"> [\u2026]<\/span><\/p>\n","protected":false},"featured_media":0,"template":"","meta":{"_monsterinsights_skip_tracking":false,"_monsterinsights_sitenote_active":false,"_monsterinsights_sitenote_note":"","_monsterinsights_sitenote_category":0},"product_brand":[],"product_cat":[12689,12274],"product_tag":[],"class_list":{"0":"post-763072","1":"product","2":"type-product","3":"status-publish","5":"product_cat-cizgi-roman-cocuk-ve-genclik-kitaplari","6":"product_cat-cocuk-ve-genclik-kitaplari","7":"pa_cilt-ciltsiz","8":"pa_tur-kitap","9":"pa_yayinevi-alfa-yayinlari","10":"pa_yazar-peyo","12":"first","13":"instock","14":"sale","15":"shipping-taxable","16":"purchasable","17":"product-type-simple"},"_links":{"self":[{"href":"https:\/\/roveyayinevi.com.tr\/index.php\/wp-json\/wp\/v2\/product\/763072","targetHints":{"allow":["GET"]}}],"collection":[{"href":"https:\/\/roveyayinevi.com.tr\/index.php\/wp-json\/wp\/v2\/product"}],"about":[{"href":"https:\/\/roveyayinevi.com.tr\/index.php\/wp-json\/wp\/v2\/types\/product"}],"wp:attachment":[{"href":"https:\/\/roveyayinevi.com.tr\/index.php\/wp-json\/wp\/v2\/media?parent=763072"}],"wp:term":[{"taxonomy":"product_brand","embeddable":true,"href":"https:\/\/roveyayinevi.com.tr\/index.php\/wp-json\/wp\/v2\/product_brand?post=763072"},{"taxonomy":"product_cat","embeddable":true,"href":"https:\/\/roveyayinevi.com.tr\/index.php\/wp-json\/wp\/v2\/product_cat?post=763072"},{"taxonomy":"product_tag","embeddable":true,"href":"https:\/\/roveyayinevi.com.tr\/index.php\/wp-json\/wp\/v2\/product_tag?post=763072"}],"curies":[{"name":"wp","href":"https:\/\/api.w.org\/{rel}","templated":true}]}}