{"id":763071,"date":"2025-08-28T10:29:37","date_gmt":"2025-08-28T07:29:37","guid":{"rendered":"https:\/\/roveyayinevi.com.tr\/index.php\/urun\/ilk-boyama-kitabim-dinozorlar\/"},"modified":"2026-04-15T03:28:34","modified_gmt":"2026-04-15T00:28:34","slug":"ilk-boyama-kitabim-dinozorlar","status":"publish","type":"product","link":"https:\/\/roveyayinevi.com.tr\/index.php\/urun\/ilk-boyama-kitabim-dinozorlar\/","title":{"rendered":"\u0130lk Boyama Kitab\u0131m &#8211; Dinozorlar"},"content":{"rendered":"<p>E\u011flenirken \u00f6\u011frenmeye var m\u0131s\u0131n\u0131z? &#8220;\u0130lk Boyama Kitab\u0131m Dinozorlar&#8221; ile bebe\u011finiz sevimli dinozorlar\u0131 ne\u015feyle boyarken hem hayal g\u00fcc\u00fc geli\u015fecek hem de renk paletinde sevdi\u011fi renkleri ke\u015ffedecek. Sevgili anneler babalar ilk boyama serisiyle bebe\u011finizin ilk kitapl\u0131\u011f\u0131n\u0131 olu\u015fturabilirsiniz. <\/p>\n","protected":false},"excerpt":{"rendered":"<p>E\u011flenirken \u00f6\u011frenmeye var m\u0131s\u0131n\u0131z? &#8220;\u0130lk Boyama Kitab\u0131m Dinozorlar&#8221; ile bebe\u011finiz sevimli dinozorlar\u0131 ne\u015feyle boyarken hem hayal g\u00fcc\u00fc geli\u015fecek hem de renk paletinde sevdi\u011fi renkleri ke\u015ffedecek. Sevgili<span class=\"excerpt-hellip\"> [\u2026]<\/span><\/p>\n","protected":false},"featured_media":0,"template":"","meta":{"_monsterinsights_skip_tracking":false,"_monsterinsights_sitenote_active":false,"_monsterinsights_sitenote_note":"","_monsterinsights_sitenote_category":0},"product_brand":[],"product_cat":[12644,12274],"product_tag":[],"class_list":{"0":"post-763071","1":"product","2":"type-product","3":"status-publish","5":"product_cat-boyama-kitaplari","6":"product_cat-cocuk-ve-genclik-kitaplari","7":"pa_cilt-ciltsiz","8":"pa_tur-kitap","9":"pa_yayinevi-masalperest","10":"pa_yazar-kolektif","12":"first","13":"instock","14":"sale","15":"shipping-taxable","16":"purchasable","17":"product-type-simple"},"_links":{"self":[{"href":"https:\/\/roveyayinevi.com.tr\/index.php\/wp-json\/wp\/v2\/product\/763071","targetHints":{"allow":["GET"]}}],"collection":[{"href":"https:\/\/roveyayinevi.com.tr\/index.php\/wp-json\/wp\/v2\/product"}],"about":[{"href":"https:\/\/roveyayinevi.com.tr\/index.php\/wp-json\/wp\/v2\/types\/product"}],"wp:attachment":[{"href":"https:\/\/roveyayinevi.com.tr\/index.php\/wp-json\/wp\/v2\/media?parent=763071"}],"wp:term":[{"taxonomy":"product_brand","embeddable":true,"href":"https:\/\/roveyayinevi.com.tr\/index.php\/wp-json\/wp\/v2\/product_brand?post=763071"},{"taxonomy":"product_cat","embeddable":true,"href":"https:\/\/roveyayinevi.com.tr\/index.php\/wp-json\/wp\/v2\/product_cat?post=763071"},{"taxonomy":"product_tag","embeddable":true,"href":"https:\/\/roveyayinevi.com.tr\/index.php\/wp-json\/wp\/v2\/product_tag?post=763071"}],"curies":[{"name":"wp","href":"https:\/\/api.w.org\/{rel}","templated":true}]}}