{"id":763068,"date":"2025-08-28T10:29:32","date_gmt":"2025-08-28T07:29:32","guid":{"rendered":"https:\/\/roveyayinevi.com.tr\/index.php\/urun\/makinedeki-kan\/"},"modified":"2026-04-15T03:28:34","modified_gmt":"2026-04-15T00:28:34","slug":"makinedeki-kan","status":"publish","type":"product","link":"https:\/\/roveyayinevi.com.tr\/index.php\/urun\/makinedeki-kan\/","title":{"rendered":"Makinedeki Kan"},"content":{"rendered":"<p>Modern teknolojinin en acil kodlu hik\u00e2yesi Silikon Vadisi\u2019nde de\u011fil, iki y\u00fczy\u0131l \u00f6nce \u0130ngiltere\u2019nin k\u0131rsal kesiminde, Luddistler olarak bilinen emek\u00e7ilerin, ge\u00e7im kaynaklar\u0131n\u0131 ellerinden almak i\u00e7in otomatik makineler kullanan fabrika sahiplerine kar\u015f\u0131 a\u00e7l\u0131ktan \u00f6lmek yerine ayaklanmas\u0131yla ba\u015flar. Luddistler o\u0308lu\u0308m cezas\u0131na \u00e7arpt\u0131r\u0131lma pahas\u0131na bu makineleri par\u00e7alamak i\u00e7in bask\u0131nlar d\u00fczenlediler ve \u015fair Lord Byron\u2019\u0131n deste\u011fini kazand\u0131lar, \u0130ngiltere Kral\u0131n\u0131 \u00e7\u0131lg\u0131na \u00e7evirdiler ve bilimkurgu yaz\u0131n\u0131n\u0131n do\u011fu\u015funa ilham verdiler. Unutulmaya y\u00fcz tutmu\u015f\u0327 bu s\u0131n\u0131f m\u00fccadelesi on dokuzuncu y\u00fczy\u0131l \u0130ngilteresini dize getirmi\u015fti. Bug\u00fcn de teknoloji milyonlarca i\u015fi tehlikeye at\u0131yor, robotlar fabrikalar\u0131 dolduruyor.   Yapay zeka\u0302 yak\u0131nda ekonomimizin her alan\u0131na n\u00fcfuz edecek. Bu durum ya\u015fam bi\u00e7imimizi nas\u0131l de\u011fi\u015ftirecek? Bu konuda ne yapabiliriz? Bu ve benzeri sorular\u0131n cevaplar\u0131 Makinedeki Kan\u2019da. Brian Merchant, i\u00e7inde bulundu\u011fumuz \u00e7a\u011f\u0131 Luddistlerin hik\u00e2yesiyle ic\u0327 i\u00e7e ge\u00e7irerek, otomasyonun d\u00fcnyam\u0131z\u0131 nas\u0131l de\u011fi\u015ftirdi\u011fini ve gelece\u011fimizi \u015fekillendirdi\u011fini net bir s\u0327ekilde g\u00f6steriyor.   The New Yorker, Wired ve Financial Times taraf\u0131ndan 2023 y\u0131l\u0131n\u0131n en iyi kitaplar\u0131 aras\u0131nda g\u00f6sterilen Makinedeki Kan\u2019\u0131 okurken yapay zek\u00e2 tart\u0131\u015fmalar\u0131n\u0131 tarihi bir perspektiften de\u011ferlendirerek teknolojinin insan\u0131 geri plana iten karanl\u0131k y\u00fcz\u00fcn\u00fc g\u00f6receksiniz. <\/p>\n","protected":false},"excerpt":{"rendered":"<p>Modern teknolojinin en acil kodlu hik\u00e2yesi Silikon Vadisi\u2019nde de\u011fil, iki y\u00fczy\u0131l \u00f6nce \u0130ngiltere\u2019nin k\u0131rsal kesiminde, Luddistler olarak bilinen emek\u00e7ilerin, ge\u00e7im kaynaklar\u0131n\u0131 ellerinden almak i\u00e7in otomatik makineler<span class=\"excerpt-hellip\"> [\u2026]<\/span><\/p>\n","protected":false},"featured_media":0,"template":"","meta":{"_monsterinsights_skip_tracking":false,"_monsterinsights_sitenote_active":false,"_monsterinsights_sitenote_note":"","_monsterinsights_sitenote_category":0},"product_brand":[],"product_cat":[13005,13006],"product_tag":[],"class_list":{"0":"post-763068","1":"product","2":"type-product","3":"status-publish","5":"product_cat-bilim-muhendislik","6":"product_cat-populer-bilim","7":"pa_cilt-ciltsiz","8":"pa_tur-kitap","9":"pa_yayinevi-elma-yayinevi","10":"pa_yazar-brian-merchant","12":"first","13":"instock","14":"sale","15":"shipping-taxable","16":"purchasable","17":"product-type-simple"},"_links":{"self":[{"href":"https:\/\/roveyayinevi.com.tr\/index.php\/wp-json\/wp\/v2\/product\/763068","targetHints":{"allow":["GET"]}}],"collection":[{"href":"https:\/\/roveyayinevi.com.tr\/index.php\/wp-json\/wp\/v2\/product"}],"about":[{"href":"https:\/\/roveyayinevi.com.tr\/index.php\/wp-json\/wp\/v2\/types\/product"}],"wp:attachment":[{"href":"https:\/\/roveyayinevi.com.tr\/index.php\/wp-json\/wp\/v2\/media?parent=763068"}],"wp:term":[{"taxonomy":"product_brand","embeddable":true,"href":"https:\/\/roveyayinevi.com.tr\/index.php\/wp-json\/wp\/v2\/product_brand?post=763068"},{"taxonomy":"product_cat","embeddable":true,"href":"https:\/\/roveyayinevi.com.tr\/index.php\/wp-json\/wp\/v2\/product_cat?post=763068"},{"taxonomy":"product_tag","embeddable":true,"href":"https:\/\/roveyayinevi.com.tr\/index.php\/wp-json\/wp\/v2\/product_tag?post=763068"}],"curies":[{"name":"wp","href":"https:\/\/api.w.org\/{rel}","templated":true}]}}