{"id":763067,"date":"2025-08-28T10:29:29","date_gmt":"2025-08-28T07:29:29","guid":{"rendered":"https:\/\/roveyayinevi.com.tr\/index.php\/urun\/kilicin-sarkisi-son-krallik-serisi-4-kitap\/"},"modified":"2026-04-15T03:28:34","modified_gmt":"2026-04-15T00:28:34","slug":"kilicin-sarkisi-son-krallik-serisi-4-kitap","status":"publish","type":"product","link":"https:\/\/roveyayinevi.com.tr\/index.php\/urun\/kilicin-sarkisi-son-krallik-serisi-4-kitap\/","title":{"rendered":"K\u0131l\u0131c\u0131n \u015eark\u0131s\u0131 &#8211; Son Krall\u0131k Serisi 4. Kitap"},"content":{"rendered":"<p>\u201cMersiya\u2019n\u0131n bir kral\u0131 yoktu. \u00c6thelred krall\u0131kta hak iddia edebilirdi, ama kuzenim Alfred&#8217;in deste\u011fi olmadan bir hi\u00e7ti ve Alfred Mersiya&#8217;da kimsenin kral olarak an\u0131lmas\u0131n\u0131 istemiyordu.\u201d    Y\u0131l 885 ve \u0130ngiltere bar\u0131\u015f i\u00e7indedir. Topraklar, kuzeydeki Danimarka Krall\u0131\u011f\u0131 ile g\u00fcneydeki Sakson Wessex Krall\u0131\u011f\u0131 aras\u0131nda b\u00f6l\u00fcnm\u00fc\u015f durumda. Sava\u015f\u00e7\u0131 i\u00e7g\u00fcd\u00fcs\u00fcyle do\u011fu\u015ftan Viking olan, Northumbrian lordunun m\u00fclks\u00fcz o\u011flu Uhtred&#8217;in topra\u011f\u0131, kar\u0131s\u0131 ve \u00e7ocuklar\u0131 vard\u0131r ve Kral Alfred&#8217;e kar\u015f\u0131 Thames Nehri&#8217;ndeki s\u0131n\u0131r\u0131 koruma g\u00f6revini yerine getirmesi gerekiyordur. T\u00fcm bu huzur ortam\u0131nda \u00f6l\u00fc bir adam\u0131n tekrar ortaya \u00e7\u0131kmas\u0131yla Vikingler, Wessex&#8217;i fethetme hayalleriyle, \u00e7\u00fcr\u00fcm\u00fc\u015f Londra&#8217;y\u0131 istila etmi\u015ftir&#8230; Uhtred&#8217;in yard\u0131m\u0131yla. Birdenbire krala etti\u011fi yemini, de\u011fi\u015fen ba\u011fl\u0131l\u0131klar\u0131 ve \u00f6l\u00fcmc\u00fcl g\u00fc\u00e7 m\u00fccadelelerinin tehlikeli taraf\u0131n\u0131 g\u00f6ren ve bunlar\u0131 tartan krall\u0131\u011f\u0131n en keskin k\u0131l\u0131c\u0131 Uhtred, \u015fimdi \u0130ngiltere&#8217;nin gelece\u011fini belirleyecek bir se\u00e7im yapmak zorundad\u0131r.<\/p>\n","protected":false},"excerpt":{"rendered":"<p>\u201cMersiya\u2019n\u0131n bir kral\u0131 yoktu. \u00c6thelred krall\u0131kta hak iddia edebilirdi, ama kuzenim Alfred&#8217;in deste\u011fi olmadan bir hi\u00e7ti ve Alfred Mersiya&#8217;da kimsenin kral olarak an\u0131lmas\u0131n\u0131 istemiyordu.\u201d Y\u0131l 885<span class=\"excerpt-hellip\"> [\u2026]<\/span><\/p>\n","protected":false},"featured_media":0,"template":"","meta":{"_monsterinsights_skip_tracking":false,"_monsterinsights_sitenote_active":false,"_monsterinsights_sitenote_note":"","_monsterinsights_sitenote_category":0},"product_brand":[],"product_cat":[12291,12711],"product_tag":[],"class_list":{"0":"post-763067","1":"product","2":"type-product","3":"status-publish","5":"product_cat-edebiyat","6":"product_cat-roman-oyku","7":"pa_cilt-ciltsiz","8":"pa_tur-kitap","9":"pa_yayinevi-artemis-yayinlari","10":"pa_yazar-bernard-cornwell","12":"first","13":"instock","14":"sale","15":"shipping-taxable","16":"purchasable","17":"product-type-simple"},"_links":{"self":[{"href":"https:\/\/roveyayinevi.com.tr\/index.php\/wp-json\/wp\/v2\/product\/763067","targetHints":{"allow":["GET"]}}],"collection":[{"href":"https:\/\/roveyayinevi.com.tr\/index.php\/wp-json\/wp\/v2\/product"}],"about":[{"href":"https:\/\/roveyayinevi.com.tr\/index.php\/wp-json\/wp\/v2\/types\/product"}],"wp:attachment":[{"href":"https:\/\/roveyayinevi.com.tr\/index.php\/wp-json\/wp\/v2\/media?parent=763067"}],"wp:term":[{"taxonomy":"product_brand","embeddable":true,"href":"https:\/\/roveyayinevi.com.tr\/index.php\/wp-json\/wp\/v2\/product_brand?post=763067"},{"taxonomy":"product_cat","embeddable":true,"href":"https:\/\/roveyayinevi.com.tr\/index.php\/wp-json\/wp\/v2\/product_cat?post=763067"},{"taxonomy":"product_tag","embeddable":true,"href":"https:\/\/roveyayinevi.com.tr\/index.php\/wp-json\/wp\/v2\/product_tag?post=763067"}],"curies":[{"name":"wp","href":"https:\/\/api.w.org\/{rel}","templated":true}]}}