{"id":763065,"date":"2025-08-28T10:29:25","date_gmt":"2025-08-28T07:29:25","guid":{"rendered":"https:\/\/roveyayinevi.com.tr\/index.php\/urun\/unutmanin-el-kitabi\/"},"modified":"2026-04-15T03:28:33","modified_gmt":"2026-04-15T00:28:33","slug":"unutmanin-el-kitabi","status":"publish","type":"product","link":"https:\/\/roveyayinevi.com.tr\/index.php\/urun\/unutmanin-el-kitabi\/","title":{"rendered":"Unutman\u0131n El Kitab\u0131"},"content":{"rendered":"<p>Unutman\u0131n Elkitab\u0131, akademisyen ve edebiyat\u00e7\u0131 Lewis Hyde\u2019\u0131n unutman\u0131n yarat\u0131c\u0131 ve siyasi bir g\u00fc\u00e7 olarak \u015fimdiki zamana ne gibi olanaklar sa\u011flayabilece\u011fini ele alan, \u00e7arp\u0131c\u0131 g\u00fczellikteki kitab\u0131. Hyde, mitler ve efsanelerden \u00e7e\u015fitli siyasi meselelere, tarihsel travmalardan ki\u015fisel an\u0131lar\u0131na kadar uzanan geni\u015f bir alan\u0131 benzersiz bir incelik ve duyarl\u0131l\u0131kla i\u015fliyor.   &#8220;Unutman\u0131n Elkitab\u0131 uzun zamand\u0131r okudu\u011fum en \u00f6zg\u00fcn ve \u2026 en derin kitap.&#8221; \u2013David Rieff   \u201cBa\u011f\u0131\u015flama \u00fczerine &#8230; ba\u015fkalar\u0131yla uyumlu \u015fekilde bir arada ya\u015famak i\u00e7in neler yap\u0131labilece\u011fi, \u00f6zellikle de siyasi farklar aras\u0131ndaki u\u00e7urumun dostane yoldan nas\u0131l a\u015f\u0131labilece\u011fi \u00fczerine bir d\u00fc\u015f\u00fcnme denemesi.\u201d \u2013Lydia Davis   &#8220;Bu kitap yaz\u0131lm\u0131\u015f gibi de\u011fil de, d\u00fcnyay\u0131 kurtarmak i\u00e7in her birimizin duydu\u011fu arzudan yola \u00e7\u0131karak \u2018hat\u0131ralardan\u2019 sayfalara d\u00f6k\u00fclm\u00fc\u015f gibi hissettiriyor.\u201d \u2013Jonathan Lethem <\/p>\n","protected":false},"excerpt":{"rendered":"<p>Unutman\u0131n Elkitab\u0131, akademisyen ve edebiyat\u00e7\u0131 Lewis Hyde\u2019\u0131n unutman\u0131n yarat\u0131c\u0131 ve siyasi bir g\u00fc\u00e7 olarak \u015fimdiki zamana ne gibi olanaklar sa\u011flayabilece\u011fini ele alan, \u00e7arp\u0131c\u0131 g\u00fczellikteki kitab\u0131. Hyde,<span class=\"excerpt-hellip\"> [\u2026]<\/span><\/p>\n","protected":false},"featured_media":0,"template":"","meta":{"_monsterinsights_skip_tracking":false,"_monsterinsights_sitenote_active":false,"_monsterinsights_sitenote_note":"","_monsterinsights_sitenote_category":0},"product_brand":[],"product_cat":[13072,12291],"product_tag":[],"class_list":{"0":"post-763065","1":"product","2":"type-product","3":"status-publish","5":"product_cat-arastirma-inceleme-referans","6":"product_cat-edebiyat","7":"pa_cilt-ciltsiz","8":"pa_tur-kitap","9":"pa_yayinevi-alfa-yayinlari","10":"pa_yazar-lewis-hyde","12":"first","13":"instock","14":"sale","15":"shipping-taxable","16":"purchasable","17":"product-type-simple"},"_links":{"self":[{"href":"https:\/\/roveyayinevi.com.tr\/index.php\/wp-json\/wp\/v2\/product\/763065","targetHints":{"allow":["GET"]}}],"collection":[{"href":"https:\/\/roveyayinevi.com.tr\/index.php\/wp-json\/wp\/v2\/product"}],"about":[{"href":"https:\/\/roveyayinevi.com.tr\/index.php\/wp-json\/wp\/v2\/types\/product"}],"wp:attachment":[{"href":"https:\/\/roveyayinevi.com.tr\/index.php\/wp-json\/wp\/v2\/media?parent=763065"}],"wp:term":[{"taxonomy":"product_brand","embeddable":true,"href":"https:\/\/roveyayinevi.com.tr\/index.php\/wp-json\/wp\/v2\/product_brand?post=763065"},{"taxonomy":"product_cat","embeddable":true,"href":"https:\/\/roveyayinevi.com.tr\/index.php\/wp-json\/wp\/v2\/product_cat?post=763065"},{"taxonomy":"product_tag","embeddable":true,"href":"https:\/\/roveyayinevi.com.tr\/index.php\/wp-json\/wp\/v2\/product_tag?post=763065"}],"curies":[{"name":"wp","href":"https:\/\/api.w.org\/{rel}","templated":true}]}}