{"id":763064,"date":"2025-08-28T10:29:23","date_gmt":"2025-08-28T07:29:23","guid":{"rendered":"https:\/\/roveyayinevi.com.tr\/index.php\/urun\/duygulanim-toplumlari\/"},"modified":"2026-04-15T03:28:33","modified_gmt":"2026-04-15T00:28:33","slug":"duygulanim-toplumlari","status":"publish","type":"product","link":"https:\/\/roveyayinevi.com.tr\/index.php\/urun\/duygulanim-toplumlari\/","title":{"rendered":"Duygulan\u0131m Toplumlar\u0131"},"content":{"rendered":"<p>\u201cDuygulan\u0131m ve duygu, 21. y\u00fczy\u0131l ba\u015f\u0131 toplumsal ve politik hayat\u0131n egemen s\u00f6ylemi haline geldi. Politikada, pop\u00fclizmin ve yeni rekabet tarzlar\u0131n\u0131n y\u00fckseli\u015fi (&#8230;) dinsel \u00e7at\u0131\u015fmalar\u0131n art\u0131\u015f\u0131, duygulan\u0131msal bir yerden anla\u015f\u0131l\u0131yor ve \u00f6fkenin, hiddetin, incinme ve i\u00e7erlemenin bu bitmek bilmeyen \u00e7at\u0131\u015fmadaki \u00f6nemi \u00f6ne \u00e7\u0131kar\u0131l\u0131yor. Kapitalist ekonomiler giderek daha fazla, yaln\u0131zca insanlar\u0131n bili\u015fsel ve bedensel kapasitelerinin de\u011fil, ayn\u0131 zamanda duygular\u0131n\u0131n da s\u00f6m\u00fcr\u00fclmesi olarak anla\u015f\u0131l\u0131yor. Sosyal medya s\u0131kl\u0131kla yo\u011fun duygulan\u0131mlar\u0131n ortaya kondu\u011fu bir mecraya d\u00f6n\u00fc\u015ft\u00fc ve pek \u00e7ok durumda da bireylere ya da gruplara y\u00f6nelik a\u00e7\u0131k d\u00fc\u015fmanl\u0131k, hatta \u015fiddet ifadeleriyle dolu.\u201dJan Slaby ve Christian von Scheve&#8217;nin derledi\u011fi kitap, toplumlar\u0131 \u201cduygulan\u0131m toplumlar\u0131\u201d olarak kuramsalla\u015ft\u0131rmak ve bu y\u00f6nelimle ampirik ara\u015ft\u0131rmalar yapmak i\u00e7in gerekli kavramlar\u0131n e\u015fsiz bir derlemesini sunuyor. Kavramlar, toplumlar\u0131n bir arada ya\u015famalar\u0131n\u0131n duygulan\u0131msal temellerine dair bir kavray\u0131\u015f\u0131n yolunu a\u00e7\u0131yorlar ve g\u00f6\u00e7, pop\u00fclizm, yerel ve k\u00fcresel e\u015fitsizlikler, kimlik-aidiyet gibi \u00e7at\u0131\u015fma alanlar\u0131n\u0131n duygulan\u0131msal do\u011fas\u0131n\u0131 alg\u0131lamak i\u00e7in vazge\u00e7ilmezler.Duygulan\u0131m Toplumlar\u0131, yol g\u00f6sterici bir anlat\u0131 kuruyor, tarihsel bir perspektif sunuyor, ele al\u0131nan kavramlar\u0131 ayr\u0131nt\u0131l\u0131 bi\u00e7imde tan\u0131ml\u0131yor, anla\u015f\u0131l\u0131r ara\u015ft\u0131rma \u00f6rnekleri veriyor ve her b\u00f6l\u00fcm\u00fcn sonunda genel bir bak\u0131\u015f sunuyor. Zihin felsefesinden antropolojiye, sosyolojiden k\u00fclt\u00fcrel \u00e7al\u0131\u015fmalara, performans \u00e7al\u0131\u015fmalar\u0131ndan sanat tarihine, siyaset biliminden geli\u015fimsel ve k\u00fclt\u00fcrel psikolojiye uzanan \u00e7ok geni\u015f bir disiplinleraras\u0131 ara\u015ft\u0131rma ufkuna dayanan bir eser.<\/p>\n","protected":false},"excerpt":{"rendered":"<p>\u201cDuygulan\u0131m ve duygu, 21. y\u00fczy\u0131l ba\u015f\u0131 toplumsal ve politik hayat\u0131n egemen s\u00f6ylemi haline geldi. Politikada, pop\u00fclizmin ve yeni rekabet tarzlar\u0131n\u0131n y\u00fckseli\u015fi (&#8230;) dinsel \u00e7at\u0131\u015fmalar\u0131n art\u0131\u015f\u0131, duygulan\u0131msal<span class=\"excerpt-hellip\"> [\u2026]<\/span><\/p>\n","protected":false},"featured_media":0,"template":"","meta":{"_monsterinsights_skip_tracking":false,"_monsterinsights_sitenote_active":false,"_monsterinsights_sitenote_note":"","_monsterinsights_sitenote_category":0},"product_brand":[],"product_cat":[12325,12324],"product_tag":[],"class_list":{"0":"post-763064","1":"product","2":"type-product","3":"status-publish","5":"product_cat-diger-sosyoloji","6":"product_cat-sosyoloji","7":"pa_cilt-ciltsiz","8":"pa_tur-kitap","9":"pa_yayinevi-iletisim-yayinlari","10":"pa_yazar-kolektif","12":"first","13":"instock","14":"sale","15":"shipping-taxable","16":"purchasable","17":"product-type-simple"},"_links":{"self":[{"href":"https:\/\/roveyayinevi.com.tr\/index.php\/wp-json\/wp\/v2\/product\/763064","targetHints":{"allow":["GET"]}}],"collection":[{"href":"https:\/\/roveyayinevi.com.tr\/index.php\/wp-json\/wp\/v2\/product"}],"about":[{"href":"https:\/\/roveyayinevi.com.tr\/index.php\/wp-json\/wp\/v2\/types\/product"}],"wp:attachment":[{"href":"https:\/\/roveyayinevi.com.tr\/index.php\/wp-json\/wp\/v2\/media?parent=763064"}],"wp:term":[{"taxonomy":"product_brand","embeddable":true,"href":"https:\/\/roveyayinevi.com.tr\/index.php\/wp-json\/wp\/v2\/product_brand?post=763064"},{"taxonomy":"product_cat","embeddable":true,"href":"https:\/\/roveyayinevi.com.tr\/index.php\/wp-json\/wp\/v2\/product_cat?post=763064"},{"taxonomy":"product_tag","embeddable":true,"href":"https:\/\/roveyayinevi.com.tr\/index.php\/wp-json\/wp\/v2\/product_tag?post=763064"}],"curies":[{"name":"wp","href":"https:\/\/api.w.org\/{rel}","templated":true}]}}