{"id":763063,"date":"2025-08-28T10:29:22","date_gmt":"2025-08-28T07:29:22","guid":{"rendered":"https:\/\/roveyayinevi.com.tr\/index.php\/urun\/siyaset-sosyolojisi-5\/"},"modified":"2026-04-15T03:28:33","modified_gmt":"2026-04-15T00:28:33","slug":"siyaset-sosyolojisi-5","status":"publish","type":"product","link":"https:\/\/roveyayinevi.com.tr\/index.php\/urun\/siyaset-sosyolojisi-5\/","title":{"rendered":"Siyaset Sosyolojisi"},"content":{"rendered":"<p>Siyasetle ilgili t\u00fcm alt disiplinlerde oldu\u011fu gibi, siyaset sosyolojisi a\u00e7\u0131s\u0131ndan da iktidar esasl\u0131 bir inceleme alan\u0131d\u0131r. G\u00fcndelik kullan\u0131mda daha \u00e7ok \u201cy\u00fcr\u00fctme erki\u201d ile \u00f6zde\u015fle\u015ftirilen iktidar kavram\u0131, siyaset sosyolojisi a\u00e7\u0131s\u0131ndan toplumsal ili\u015fkilere ve faillere odaklanmay\u0131 gerektirir. B\u00f6yle ele al\u0131nd\u0131\u011f\u0131nda iktidar analizi kurumsal mekanizmalar\u0131 oldu\u011fu kadar, toplumsal \u00f6zneleri, bunlar aras\u0131ndaki ili\u015fkileri, bireysel \u00f6znellikleri \u015fekillendiren ili\u015fki ve mekanizmalar\u0131 da kapsar hale gelir. Bu nedenle siyaset sosyolojisi s\u0131n\u0131f, toplumsal cinsiyet, kimlik gibi toplumsal ve bireysel varolu\u015fu olu\u015fturan ili\u015fkileri merkezine al\u0131r. Siyaset, neredeyse ya\u015fam\u0131n her alan\u0131nda \u00f6rt\u00fck veya a\u00e7\u0131k bi\u00e7imde kendini g\u00f6sterir. Dolay\u0131s\u0131yla hem bireysel hem de toplumsal planda insanlar\u0131 etkiler ve insanlardan etkilenir. Ahmet Bekmen\u2019in derledi\u011fi Siyaset Sosyolojisi: Siyasalla\u015fman\u0131n Alanlar\u0131, \u00d6zneleri ve Ara\u00e7lar\u0131 hem alanla ilgilenenlere\/\u00f6\u011frencilere hem de genel okura hitap ederek siyaseti toplumsal ili\u015fkilerin i\u00e7erisinden ve yaln\u0131zca kurumsal yap\u0131lara odaklanmadan ele al\u0131yor. Haz\u0131r ve basit a\u00e7\u0131klamalara yaslanmaktan ka\u00e7\u0131n\u0131yor, g\u00fcn\u00fcm\u00fcz\u00fcn temel politik g\u00fcndemlerini \u0131skalamadan \u201csiyasal alanla toplumsal alan aras\u0131ndaki ili\u015fkiyi yeniden ele almay\u0131\u201d \u00f6neriyor.<\/p>\n","protected":false},"excerpt":{"rendered":"<p>Siyasetle ilgili t\u00fcm alt disiplinlerde oldu\u011fu gibi, siyaset sosyolojisi a\u00e7\u0131s\u0131ndan da iktidar esasl\u0131 bir inceleme alan\u0131d\u0131r. G\u00fcndelik kullan\u0131mda daha \u00e7ok \u201cy\u00fcr\u00fctme erki\u201d ile \u00f6zde\u015fle\u015ftirilen iktidar kavram\u0131,<span class=\"excerpt-hellip\"> [\u2026]<\/span><\/p>\n","protected":false},"featured_media":0,"template":"","meta":{"_monsterinsights_skip_tracking":false,"_monsterinsights_sitenote_active":false,"_monsterinsights_sitenote_note":"","_monsterinsights_sitenote_category":0},"product_brand":[],"product_cat":[12351,12324],"product_tag":[],"class_list":{"0":"post-763063","1":"product","2":"type-product","3":"status-publish","5":"product_cat-siyaset-sosyolojisi","6":"product_cat-sosyoloji","7":"pa_cilt-ciltsiz","8":"pa_tur-kitap","9":"pa_yayinevi-iletisim-yayinlari","10":"pa_yazar-kolektif","12":"first","13":"instock","14":"sale","15":"shipping-taxable","16":"purchasable","17":"product-type-simple"},"_links":{"self":[{"href":"https:\/\/roveyayinevi.com.tr\/index.php\/wp-json\/wp\/v2\/product\/763063","targetHints":{"allow":["GET"]}}],"collection":[{"href":"https:\/\/roveyayinevi.com.tr\/index.php\/wp-json\/wp\/v2\/product"}],"about":[{"href":"https:\/\/roveyayinevi.com.tr\/index.php\/wp-json\/wp\/v2\/types\/product"}],"wp:attachment":[{"href":"https:\/\/roveyayinevi.com.tr\/index.php\/wp-json\/wp\/v2\/media?parent=763063"}],"wp:term":[{"taxonomy":"product_brand","embeddable":true,"href":"https:\/\/roveyayinevi.com.tr\/index.php\/wp-json\/wp\/v2\/product_brand?post=763063"},{"taxonomy":"product_cat","embeddable":true,"href":"https:\/\/roveyayinevi.com.tr\/index.php\/wp-json\/wp\/v2\/product_cat?post=763063"},{"taxonomy":"product_tag","embeddable":true,"href":"https:\/\/roveyayinevi.com.tr\/index.php\/wp-json\/wp\/v2\/product_tag?post=763063"}],"curies":[{"name":"wp","href":"https:\/\/api.w.org\/{rel}","templated":true}]}}