{"id":763060,"date":"2025-08-28T10:29:16","date_gmt":"2025-08-28T07:29:16","guid":{"rendered":"https:\/\/roveyayinevi.com.tr\/index.php\/urun\/05-45-istanbul\/"},"modified":"2026-04-15T03:28:33","modified_gmt":"2026-04-15T00:28:33","slug":"05-45-istanbul","status":"publish","type":"product","link":"https:\/\/roveyayinevi.com.tr\/index.php\/urun\/05-45-istanbul\/","title":{"rendered":"05.45 \u0130stanbul"},"content":{"rendered":"<p>&#8220;Ben bir katilim, o bir tutsak. Benzeyen ve benzemeyen y\u00f6nlerimiz var. \u0130kimiz de zaman\u0131n i\u00e7ine hapsolmu\u015f, zaman\u0131n \u00f6n\u00fcm\u00fcze \u00e7\u0131kard\u0131\u011f\u0131 se\u00e7eneklere k\u00f6rlemesine dal\u0131p duruyoruz. Plana, bilgiye, \u00e7ekilen eziyete ra\u011fmen se\u00e7enekler belirsiz. Zamana uyup bizim i\u00e7in \u00f6ng\u00f6rd\u00fc\u011f\u00fc hayat\u0131 m\u0131 ya\u015fayaca\u011f\u0131z yoksa yeni hayata bamba\u015fka bir yerden mi dahil olaca\u011f\u0131z?&#8221;G\u00f6k\u00e7e Bilgin, 05.45 \u0130stanbul adl\u0131 roman\u0131nda bir seri katil hik\u00e2yesi anlat\u0131yor. Ama kahraman\u0131m\u0131z al\u0131\u015f\u0131lageldik bir seri katil gibi davranm\u0131yor. \u00d6ld\u00fcrd\u00fc\u011f\u00fc insanlar\u0131n \u00e7e\u015fitli uzuvlar\u0131ndan bir robot yarat\u0131yor. Bazen \u0130stanbul&#8217;un sokaklar\u0131n\u0131, bazen hapishanede ge\u00e7en g\u00fcnlerini, bazen de hayata kar\u015f\u0131 hissettiklerini ona, kendine, hatta bo\u015flu\u011fa bile anlat\u0131p duruyor. G\u00fcr\u00fclt\u00fcl\u00fc \u015fehirlerde ya\u015fayanlara suskunlu\u011fun yak\u0131\u015fmayaca\u011f\u0131n\u0131 ispat etmek ister gibi.05.45 \u0130stanbul, bilimkurgunun, fantasti\u011fin s\u0131n\u0131rlar\u0131nda dola\u015ft\u0131r\u0131rken \u0130stanbul \u00f6zelinde, b\u00fcy\u00fck \u015fehirde ya\u015faman\u0131n ve orada ya\u015farken &#8220;kendin\u201d olman\u0131n detaylar\u0131na da yer veriyor.<\/p>\n","protected":false},"excerpt":{"rendered":"<p>&#8220;Ben bir katilim, o bir tutsak. Benzeyen ve benzemeyen y\u00f6nlerimiz var. \u0130kimiz de zaman\u0131n i\u00e7ine hapsolmu\u015f, zaman\u0131n \u00f6n\u00fcm\u00fcze \u00e7\u0131kard\u0131\u011f\u0131 se\u00e7eneklere k\u00f6rlemesine dal\u0131p duruyoruz. Plana, bilgiye, \u00e7ekilen<span class=\"excerpt-hellip\"> [\u2026]<\/span><\/p>\n","protected":false},"featured_media":0,"template":"","meta":{"_monsterinsights_skip_tracking":false,"_monsterinsights_sitenote_active":false,"_monsterinsights_sitenote_note":"","_monsterinsights_sitenote_category":0},"product_brand":[],"product_cat":[12291,12711],"product_tag":[],"class_list":{"0":"post-763060","1":"product","2":"type-product","3":"status-publish","5":"product_cat-edebiyat","6":"product_cat-roman-oyku","7":"pa_cilt-ciltsiz","8":"pa_tur-kitap","9":"pa_yayinevi-iletisim-yayinlari","10":"pa_yazar-gokce-bilgin","12":"first","13":"instock","14":"sale","15":"shipping-taxable","16":"purchasable","17":"product-type-simple"},"_links":{"self":[{"href":"https:\/\/roveyayinevi.com.tr\/index.php\/wp-json\/wp\/v2\/product\/763060","targetHints":{"allow":["GET"]}}],"collection":[{"href":"https:\/\/roveyayinevi.com.tr\/index.php\/wp-json\/wp\/v2\/product"}],"about":[{"href":"https:\/\/roveyayinevi.com.tr\/index.php\/wp-json\/wp\/v2\/types\/product"}],"wp:attachment":[{"href":"https:\/\/roveyayinevi.com.tr\/index.php\/wp-json\/wp\/v2\/media?parent=763060"}],"wp:term":[{"taxonomy":"product_brand","embeddable":true,"href":"https:\/\/roveyayinevi.com.tr\/index.php\/wp-json\/wp\/v2\/product_brand?post=763060"},{"taxonomy":"product_cat","embeddable":true,"href":"https:\/\/roveyayinevi.com.tr\/index.php\/wp-json\/wp\/v2\/product_cat?post=763060"},{"taxonomy":"product_tag","embeddable":true,"href":"https:\/\/roveyayinevi.com.tr\/index.php\/wp-json\/wp\/v2\/product_tag?post=763060"}],"curies":[{"name":"wp","href":"https:\/\/api.w.org\/{rel}","templated":true}]}}