{"id":763058,"date":"2025-08-28T10:29:12","date_gmt":"2025-08-28T07:29:12","guid":{"rendered":"https:\/\/roveyayinevi.com.tr\/index.php\/urun\/hayali-arkadaslar-ve-onlari-yaratan-cocuklar\/"},"modified":"2026-04-15T03:28:33","modified_gmt":"2026-04-15T00:28:33","slug":"hayali-arkadaslar-ve-onlari-yaratan-cocuklar","status":"publish","type":"product","link":"https:\/\/roveyayinevi.com.tr\/index.php\/urun\/hayali-arkadaslar-ve-onlari-yaratan-cocuklar\/","title":{"rendered":"Hayali Arkada\u015flar ve Onlar\u0131 Yaratan \u00c7ocuklar"},"content":{"rendered":"<p>Bir\u00e7ok ebeveyn, \u00e7ocuklar\u0131n\u0131n bir hayali arkada\u015fa sahip olmas\u0131na sevinir. Onlara g\u00f6re bu, canl\u0131 bir hayal g\u00fcc\u00fcn\u00fcn ve yarat\u0131c\u0131 bir zihnin g\u00f6stergesidir. Ancak ayn\u0131 ebeveynler bu hayali arkada\u015fa y\u00f6nelik bir endi\u015fe de duyar: Acaba bu arkada\u015f bir \u015feylerin yanl\u0131\u015f gitti\u011finin i\u015fareti midir? Hayali bir arkada\u015f\u0131n varl\u0131\u011f\u0131, \u00e7ocu\u011fun duygusal bir s\u0131k\u0131nt\u0131 i\u00e7inde oldu\u011fu anlam\u0131na m\u0131 gelir? Marjorie Taylor, bu b\u00fcy\u00fcleyici \u00e7al\u0131\u015fmada hayali arkada\u015flar\u0131 ve \u00e7ocuklar\u0131n onlar\u0131 yaratma nedenlerini a\u00e7\u0131klaman\u0131n yan\u0131 s\u0131ra, \u00e7ocuklar\u0131n fantezi d\u00fcnyalar\u0131n\u0131n di\u011fer y\u00f6nlerini de tart\u0131\u015f\u0131yor. Ge\u00e7mi\u015fte, hayali arkada\u015f\u0131 olan bir \u00e7ocuk tuhaf, utanga\u00e7 hatta sorunlu olarak g\u00f6r\u00fclebilirdi; ancak Taylor\u2019a g\u00f6re ger\u00e7eklik \u00e7ok daha olumlu ve ilgin\u00e7. Hayali arkada\u015flar sadece \u015fa\u015f\u0131rt\u0131c\u0131 derecede yayg\u0131n de\u011fil, ayn\u0131 zamanda bu arkada\u015flara sahip \u00e7ocuklar di\u011fer \u00e7ocuklara g\u00f6re daha az utanga\u00e7 olma e\u011filiminde. Hayali Arkada\u015flar ve Onlar\u0131 Yaratan \u00c7ocuklar, pratik kayg\u0131lara da de\u011finerek ebeveynler i\u00e7in bir\u00e7ok faydal\u0131 \u00f6neri sunarken, \u00e7ocu\u011funuzun hayali arkada\u015flar\u0131n\u0131n duygusal ya\u015famlar\u0131ndaki rollerini anlaman\u0131zda size yard\u0131mc\u0131 olacak. <\/p>\n","protected":false},"excerpt":{"rendered":"<p>Bir\u00e7ok ebeveyn, \u00e7ocuklar\u0131n\u0131n bir hayali arkada\u015fa sahip olmas\u0131na sevinir. Onlara g\u00f6re bu, canl\u0131 bir hayal g\u00fcc\u00fcn\u00fcn ve yarat\u0131c\u0131 bir zihnin g\u00f6stergesidir. Ancak ayn\u0131 ebeveynler bu hayali<span class=\"excerpt-hellip\"> [\u2026]<\/span><\/p>\n","protected":false},"featured_media":0,"template":"","meta":{"_monsterinsights_skip_tracking":false,"_monsterinsights_sitenote_active":false,"_monsterinsights_sitenote_note":"","_monsterinsights_sitenote_category":0},"product_brand":[],"product_cat":[26509,13365],"product_tag":[],"class_list":{"0":"post-763058","1":"product","2":"type-product","3":"status-publish","5":"product_cat-cocuk-gelisimi","6":"product_cat-saglik","7":"pa_cilt-ciltsiz","8":"pa_tur-kitap","9":"pa_yayinevi-nova-kitap","10":"pa_yazar-marjorie-taylor","12":"first","13":"instock","14":"sale","15":"shipping-taxable","16":"purchasable","17":"product-type-simple"},"_links":{"self":[{"href":"https:\/\/roveyayinevi.com.tr\/index.php\/wp-json\/wp\/v2\/product\/763058","targetHints":{"allow":["GET"]}}],"collection":[{"href":"https:\/\/roveyayinevi.com.tr\/index.php\/wp-json\/wp\/v2\/product"}],"about":[{"href":"https:\/\/roveyayinevi.com.tr\/index.php\/wp-json\/wp\/v2\/types\/product"}],"wp:attachment":[{"href":"https:\/\/roveyayinevi.com.tr\/index.php\/wp-json\/wp\/v2\/media?parent=763058"}],"wp:term":[{"taxonomy":"product_brand","embeddable":true,"href":"https:\/\/roveyayinevi.com.tr\/index.php\/wp-json\/wp\/v2\/product_brand?post=763058"},{"taxonomy":"product_cat","embeddable":true,"href":"https:\/\/roveyayinevi.com.tr\/index.php\/wp-json\/wp\/v2\/product_cat?post=763058"},{"taxonomy":"product_tag","embeddable":true,"href":"https:\/\/roveyayinevi.com.tr\/index.php\/wp-json\/wp\/v2\/product_tag?post=763058"}],"curies":[{"name":"wp","href":"https:\/\/api.w.org\/{rel}","templated":true}]}}