{"id":763057,"date":"2025-08-28T10:29:10","date_gmt":"2025-08-28T07:29:10","guid":{"rendered":"https:\/\/roveyayinevi.com.tr\/index.php\/urun\/olumsuz-kizlar\/"},"modified":"2026-04-15T03:28:33","modified_gmt":"2026-04-15T00:28:33","slug":"olumsuz-kizlar","status":"publish","type":"product","link":"https:\/\/roveyayinevi.com.tr\/index.php\/urun\/olumsuz-kizlar\/","title":{"rendered":"\u00d6l\u00fcms\u00fcz K\u0131zlar"},"content":{"rendered":"<p>On yedi ya\u015f\u0131ndaki Lil ve ikiz k\u0131z karde\u015fi Kizzy, bir Gezgin toplulu\u011funda do\u011fmu\u015f ve b\u00fcy\u00fcm\u00fc\u015flerdi. D\u00fcnyalar\u0131 ailelerinin ve arkada\u015flar\u0131n\u0131n s\u0131cakl\u0131\u011f\u0131yla \u00e7evriliydi. Ta ki kaderlerini \u00f6\u011frenecekleri kehanet g\u00fcn\u00fcnde Lord Valcar taraf\u0131ndan ka\u00e7\u0131r\u0131lana ve \u00e7ok sevdikleri topluluklar\u0131ndan uzakla\u015ft\u0131r\u0131lana kadar.   K\u0131zlar kendilerini Lord Valcar\u2019\u0131n kalesinde bulmu\u015f, kalenin karanl\u0131k ve korkutucu mutfaklar\u0131nda k\u00f6le olarak \u00e7al\u0131\u015fmaya zorlanm\u0131\u015ft\u0131. \u00d6zg\u00fcrl\u00fcklerine kavu\u015fman\u0131n yollar\u0131n\u0131 arad\u0131klar\u0131 s\u0131rada, kalenin karanl\u0131k koridorlar\u0131nda gezinen vampirlerle kar\u015f\u0131 kar\u015f\u0131ya kalacaklar\u0131ndan habersizlerdi.   Hayatta kalmak i\u00e7in verdikleri m\u00fccadele s\u0131ras\u0131nda birbirlerine duyduklar\u0131 sevgi ve ba\u011f daha da g\u00fc\u00e7lenen Lil ve Kizzy, kaderin onlar i\u00e7in \u00e7izdi\u011fi yollar\u0131 y\u00fcr\u00fcmekten ka\u00e7amayacaklard\u0131.   Tekinsiz, t\u00fcyler \u00fcrpertici ama ayn\u0131 zamanda arkada\u015fl\u0131\u011fa ve a\u015fka da de\u011finen bir hik\u00e2ye. \u2015The Independent   \u00d6l\u00fcms\u00fcz K\u0131zlar, Hargrave&#8217;den bekledi\u011fimiz gibi zarif bir \u015fekilde yaz\u0131lm\u0131\u015f, s\u00fcr\u00fckleyici, mest edici ve kesinlikle elinizden d\u00fc\u015f\u00fcremeyece\u011finiz bir roman. \u2015Louise O&#8217;Neill   Karanl\u0131k bir atmosfere sahip; arzuyu, cinsel kimli\u011fi ke\u015ffetmeyi, \u00f6nyarg\u0131y\u0131, sadakati ve karde\u015f sevgisini ele al\u0131yor. \u2015The Daily Mail   \u00d6l\u00fcms\u00fcz K\u0131zlar, Drakula&#8217;n\u0131n gelinlerinin ortaya \u00e7\u0131k\u0131\u015f hik\u00e2yesini feminist bir bak\u0131\u015f a\u00e7\u0131s\u0131yla anlat\u0131yor. Her zaman oldu\u011fu gibi, Kiran Millwood Hargrave&#8217;in yazarl\u0131\u011f\u0131 nefes kesici\u2026 Bu hik\u00e2ye bir mit olman\u0131n \u00e7ok \u00f6tesine ge\u00e7erek farkl\u0131l\u0131k, k\u0131z karde\u015flik ve romantizm temalar\u0131n\u0131 ele al\u0131yor. \u2015Those Precious Stolen Moments   Hargrave, Drakula&#8217;n\u0131n gelinlerine feminist bir g\u00fc\u00e7 katan, modern bir yazar. \u2015Daily Telegraph <\/p>\n","protected":false},"excerpt":{"rendered":"<p>On yedi ya\u015f\u0131ndaki Lil ve ikiz k\u0131z karde\u015fi Kizzy, bir Gezgin toplulu\u011funda do\u011fmu\u015f ve b\u00fcy\u00fcm\u00fc\u015flerdi. D\u00fcnyalar\u0131 ailelerinin ve arkada\u015flar\u0131n\u0131n s\u0131cakl\u0131\u011f\u0131yla \u00e7evriliydi. Ta ki kaderlerini \u00f6\u011frenecekleri kehanet<span class=\"excerpt-hellip\"> [\u2026]<\/span><\/p>\n","protected":false},"featured_media":0,"template":"","meta":{"_monsterinsights_skip_tracking":false,"_monsterinsights_sitenote_active":false,"_monsterinsights_sitenote_note":"","_monsterinsights_sitenote_category":0},"product_brand":[],"product_cat":[12291,14777],"product_tag":[],"class_list":{"0":"post-763057","1":"product","2":"type-product","3":"status-publish","5":"product_cat-edebiyat","6":"product_cat-fantastik","7":"pa_cilt-ciltsiz","8":"pa_tur-kitap","9":"pa_yayinevi-yabanci-yayinevi","10":"pa_yazar-kiran-millwood-hargrave","12":"first","13":"instock","14":"sale","15":"shipping-taxable","16":"purchasable","17":"product-type-simple"},"_links":{"self":[{"href":"https:\/\/roveyayinevi.com.tr\/index.php\/wp-json\/wp\/v2\/product\/763057","targetHints":{"allow":["GET"]}}],"collection":[{"href":"https:\/\/roveyayinevi.com.tr\/index.php\/wp-json\/wp\/v2\/product"}],"about":[{"href":"https:\/\/roveyayinevi.com.tr\/index.php\/wp-json\/wp\/v2\/types\/product"}],"wp:attachment":[{"href":"https:\/\/roveyayinevi.com.tr\/index.php\/wp-json\/wp\/v2\/media?parent=763057"}],"wp:term":[{"taxonomy":"product_brand","embeddable":true,"href":"https:\/\/roveyayinevi.com.tr\/index.php\/wp-json\/wp\/v2\/product_brand?post=763057"},{"taxonomy":"product_cat","embeddable":true,"href":"https:\/\/roveyayinevi.com.tr\/index.php\/wp-json\/wp\/v2\/product_cat?post=763057"},{"taxonomy":"product_tag","embeddable":true,"href":"https:\/\/roveyayinevi.com.tr\/index.php\/wp-json\/wp\/v2\/product_tag?post=763057"}],"curies":[{"name":"wp","href":"https:\/\/api.w.org\/{rel}","templated":true}]}}