{"id":763055,"date":"2025-08-28T10:29:06","date_gmt":"2025-08-28T07:29:06","guid":{"rendered":"https:\/\/roveyayinevi.com.tr\/index.php\/urun\/abaddon-gecidi-enginlik-serisi-3-kitap\/"},"modified":"2026-04-15T03:28:33","modified_gmt":"2026-04-15T00:28:33","slug":"abaddon-gecidi-enginlik-serisi-3-kitap","status":"publish","type":"product","link":"https:\/\/roveyayinevi.com.tr\/index.php\/urun\/abaddon-gecidi-enginlik-serisi-3-kitap\/","title":{"rendered":"Abaddon Ge\u00e7idi \u2013 Enginlik Serisi 3. Kitap"},"content":{"rendered":"<p>2020 HUGO EN \u0130Y\u0130 SER\u0130 \u00d6D\u00dcL\u00dc 2014 LOCUS EN \u0130Y\u0130 B\u0130L\u0130MKURGU ROMANI \u00d6D\u00dcL\u00dc   \u201cSerinin \u015fu ana kadarki en iyi kitab\u0131.\u201d \u2013Publishers Weekly   Son y\u0131llar\u0131n en iyi uzay maceras\u0131 olarak g\u00f6sterilen Enginlik serisi e\u015fsiz yolculu\u011funa devam ediyor.   G\u00fcne\u015f Sistemi \u2013Mars, Ay, Asteroit Ku\u015fa\u011f\u0131\u2013 nesillerdir insanl\u0131\u011f\u0131n en b\u00fcy\u00fck s\u0131n\u0131r\u0131yd\u0131. Ven\u00fcs\u2019\u00fcn bulutlar\u0131 alt\u0131nda program\u0131n\u0131 uygulayan uzayl\u0131 olu\u015fum, Uran\u00fcs y\u00f6r\u00fcngesinde kendisini g\u00f6sterip y\u0131ld\u0131zs\u0131z bir karanl\u0131\u011fa a\u00e7\u0131lan bir ge\u00e7it in\u015fa edene dek.   Jim Holden ile Rocinante\u2019nin m\u00fcrettebat\u0131 bu olu\u015fumu incelemeye giden b\u00fcy\u00fck bir bilimsel ve askeri gemiler filosunun par\u00e7as\u0131d\u0131r. Fakat perde arkas\u0131nda amac\u0131 Holden\u2019\u0131 yok etmek olan karma\u015f\u0131k bir entrika d\u00f6nmektedir. \u0130nsan \u0131rk\u0131n\u0131n el\u00e7ileri ge\u00e7idin bir f\u0131rsat m\u0131 yoksa bir tehdit mi oldu\u011funu anlamaya \u00e7al\u0131\u015f\u0131rlarken asl\u0131nda en b\u00fcy\u00fck tehlikeyi yanlar\u0131nda getirmi\u015flerdir.<\/p>\n","protected":false},"excerpt":{"rendered":"<p>2020 HUGO EN \u0130Y\u0130 SER\u0130 \u00d6D\u00dcL\u00dc 2014 LOCUS EN \u0130Y\u0130 B\u0130L\u0130MKURGU ROMANI \u00d6D\u00dcL\u00dc \u201cSerinin \u015fu ana kadarki en iyi kitab\u0131.\u201d \u2013Publishers Weekly Son y\u0131llar\u0131n en iyi<span class=\"excerpt-hellip\"> [\u2026]<\/span><\/p>\n","protected":false},"featured_media":0,"template":"","meta":{"_monsterinsights_skip_tracking":false,"_monsterinsights_sitenote_active":false,"_monsterinsights_sitenote_note":"","_monsterinsights_sitenote_category":0},"product_brand":[],"product_cat":[12540,12291],"product_tag":[],"class_list":{"0":"post-763055","1":"product","2":"type-product","3":"status-publish","5":"product_cat-bilim-kurgu","6":"product_cat-edebiyat","7":"pa_cilt-ciltsiz","8":"pa_tur-kitap","9":"pa_yayinevi-ithaki-yayinlari","10":"pa_yazar-james-s-a-corey","12":"first","13":"instock","14":"sale","15":"shipping-taxable","16":"purchasable","17":"product-type-simple"},"_links":{"self":[{"href":"https:\/\/roveyayinevi.com.tr\/index.php\/wp-json\/wp\/v2\/product\/763055","targetHints":{"allow":["GET"]}}],"collection":[{"href":"https:\/\/roveyayinevi.com.tr\/index.php\/wp-json\/wp\/v2\/product"}],"about":[{"href":"https:\/\/roveyayinevi.com.tr\/index.php\/wp-json\/wp\/v2\/types\/product"}],"wp:attachment":[{"href":"https:\/\/roveyayinevi.com.tr\/index.php\/wp-json\/wp\/v2\/media?parent=763055"}],"wp:term":[{"taxonomy":"product_brand","embeddable":true,"href":"https:\/\/roveyayinevi.com.tr\/index.php\/wp-json\/wp\/v2\/product_brand?post=763055"},{"taxonomy":"product_cat","embeddable":true,"href":"https:\/\/roveyayinevi.com.tr\/index.php\/wp-json\/wp\/v2\/product_cat?post=763055"},{"taxonomy":"product_tag","embeddable":true,"href":"https:\/\/roveyayinevi.com.tr\/index.php\/wp-json\/wp\/v2\/product_tag?post=763055"}],"curies":[{"name":"wp","href":"https:\/\/api.w.org\/{rel}","templated":true}]}}