{"id":763054,"date":"2025-08-28T10:29:04","date_gmt":"2025-08-28T07:29:04","guid":{"rendered":"https:\/\/roveyayinevi.com.tr\/index.php\/urun\/beastars-cilt-4\/"},"modified":"2026-04-15T03:28:33","modified_gmt":"2026-04-15T00:28:33","slug":"beastars-cilt-4","status":"publish","type":"product","link":"https:\/\/roveyayinevi.com.tr\/index.php\/urun\/beastars-cilt-4\/","title":{"rendered":"Beastars Cilt 4"},"content":{"rendered":"<p>Legoshi, Hal\u2019a olan hisleriyle bo\u011fu\u015furken Hal\u2019\u0131n ba\u015fka birinden ho\u015fland\u0131\u011f\u0131n\u0131 fark ediyor. Bu s\u0131rada t\u00fcrde\u015fi g\u00fczeller g\u00fczeli Juno, Legoshi\u2019ye abay\u0131 yak\u0131yor. Karaborsa\u2019da yolu Doktor Panda\u2019yla kesi\u015fince Legoshi, Hal\u2019a duydu\u011fu ilgiyi sorgulamaya ba\u015fl\u0131yor. \u0130lgisi i\u00e7g\u00fcd\u00fclerinden mi kaynaklan\u0131yor, yoksa hissetti\u011fi \u015fey a\u015fk\u0131n ta kendisi mi? \u00c7\u0131kmaza giren bu gen\u00e7lik a\u015fk\u0131, sevgililerin g\u00f6zde etkinli\u011fi olan Meteor Festivali yakla\u015f\u0131rken ivme kazan\u0131yor!<\/p>\n","protected":false},"excerpt":{"rendered":"<p>Legoshi, Hal\u2019a olan hisleriyle bo\u011fu\u015furken Hal\u2019\u0131n ba\u015fka birinden ho\u015fland\u0131\u011f\u0131n\u0131 fark ediyor. Bu s\u0131rada t\u00fcrde\u015fi g\u00fczeller g\u00fczeli Juno, Legoshi\u2019ye abay\u0131 yak\u0131yor. Karaborsa\u2019da yolu Doktor Panda\u2019yla kesi\u015fince Legoshi,<span class=\"excerpt-hellip\"> [\u2026]<\/span><\/p>\n","protected":false},"featured_media":0,"template":"","meta":{"_monsterinsights_skip_tracking":false,"_monsterinsights_sitenote_active":false,"_monsterinsights_sitenote_note":"","_monsterinsights_sitenote_category":0},"product_brand":[],"product_cat":[12416,12291],"product_tag":[],"class_list":{"0":"post-763054","1":"product","2":"type-product","3":"status-publish","5":"product_cat-cizgi-roman","6":"product_cat-edebiyat","7":"pa_cilt-ciltsiz","8":"pa_tur-kitap","9":"pa_yayinevi-kayip-kita-yayinlari","10":"pa_yazar-paru-itagaki","12":"first","13":"instock","14":"sale","15":"shipping-taxable","16":"purchasable","17":"product-type-simple"},"_links":{"self":[{"href":"https:\/\/roveyayinevi.com.tr\/index.php\/wp-json\/wp\/v2\/product\/763054","targetHints":{"allow":["GET"]}}],"collection":[{"href":"https:\/\/roveyayinevi.com.tr\/index.php\/wp-json\/wp\/v2\/product"}],"about":[{"href":"https:\/\/roveyayinevi.com.tr\/index.php\/wp-json\/wp\/v2\/types\/product"}],"wp:attachment":[{"href":"https:\/\/roveyayinevi.com.tr\/index.php\/wp-json\/wp\/v2\/media?parent=763054"}],"wp:term":[{"taxonomy":"product_brand","embeddable":true,"href":"https:\/\/roveyayinevi.com.tr\/index.php\/wp-json\/wp\/v2\/product_brand?post=763054"},{"taxonomy":"product_cat","embeddable":true,"href":"https:\/\/roveyayinevi.com.tr\/index.php\/wp-json\/wp\/v2\/product_cat?post=763054"},{"taxonomy":"product_tag","embeddable":true,"href":"https:\/\/roveyayinevi.com.tr\/index.php\/wp-json\/wp\/v2\/product_tag?post=763054"}],"curies":[{"name":"wp","href":"https:\/\/api.w.org\/{rel}","templated":true}]}}