{"id":763053,"date":"2025-08-28T10:29:01","date_gmt":"2025-08-28T07:29:01","guid":{"rendered":"https:\/\/roveyayinevi.com.tr\/index.php\/urun\/evlilik-anlasmasi-2\/"},"modified":"2026-04-15T03:28:33","modified_gmt":"2026-04-15T00:28:33","slug":"evlilik-anlasmasi-2","status":"publish","type":"product","link":"https:\/\/roveyayinevi.com.tr\/index.php\/urun\/evlilik-anlasmasi-2\/","title":{"rendered":"Evlilik Anla\u015fmas\u0131"},"content":{"rendered":"<p>\u201cBir g\u00fcn istedi\u011fin gibi sad\u0131k bir e\u015fe sahip olaca\u011f\u0131na \u015f\u00fcphe yok. Ama \u015fimdilik, burada benimle birliktesin; y\u00fcz\u00fc\u011f\u00fcm\u00fc tak\u0131yorsun, benim evimde ya\u015f\u0131yorsun, benim soyad\u0131m\u0131 kullan\u0131yorsun.\u201d \u201cHaz\u0131r oldu\u011fumda gitmene izin verece\u011fim.\u201d Vienna Stratton su\u00e7lanacak tek ki\u015finin kendisi oldu\u011funu biliyordu. Yard\u0131m\u0131na ne kadar ihtiyac\u0131n\u0131z olursa olsun, Dane Davenport gibi bir adama bor\u00e7lanmazd\u0131n\u0131z. Ki\u015fisel asistan\u0131 olarak, d\u00fcnya \u00e7ap\u0131nda ba\u015far\u0131l\u0131 CEO&#8217;nun ac\u0131mas\u0131z ve affetmeyen biri oldu\u011funun fark\u0131ndayd\u0131. Elbette, on iki ay boyunca kar\u0131s\u0131 olmas\u0131n\u0131 isteyece\u011fini bilseydi, yard\u0131m\u0131n\u0131 kabul etmekte teredd\u00fct ederdi; \u00e7\u00fcnk\u00fc Dane&#8217;den \u00f6\u011frendi\u011fi \u015fey, \u015feytan\u0131n \u00e7irkin ve korkutucu olmad\u0131\u011f\u0131yd\u0131. \u015eeytan, ba\u015ftan \u00e7\u0131kar\u0131c\u0131 ve b\u00fcy\u00fcleyiciydi. Ayart\u0131c\u0131 f\u0131s\u0131lt\u0131larla m\u0131r\u0131ldan\u0131yor, g\u00fcnaha davet ediyordu. Sahip oldu\u011funuz her ihtiyac\u0131 ve fanteziyi uyand\u0131rabilirdi. Onu sevmenizi bile sa\u011flayabilirdi.<\/p>\n","protected":false},"excerpt":{"rendered":"<p>\u201cBir g\u00fcn istedi\u011fin gibi sad\u0131k bir e\u015fe sahip olaca\u011f\u0131na \u015f\u00fcphe yok. Ama \u015fimdilik, burada benimle birliktesin; y\u00fcz\u00fc\u011f\u00fcm\u00fc tak\u0131yorsun, benim evimde ya\u015f\u0131yorsun, benim soyad\u0131m\u0131 kullan\u0131yorsun.\u201d \u201cHaz\u0131r oldu\u011fumda<span class=\"excerpt-hellip\"> [\u2026]<\/span><\/p>\n","protected":false},"featured_media":0,"template":"","meta":{"_monsterinsights_skip_tracking":false,"_monsterinsights_sitenote_active":false,"_monsterinsights_sitenote_note":"","_monsterinsights_sitenote_category":0},"product_brand":[],"product_cat":[12291,12711],"product_tag":[],"class_list":{"0":"post-763053","1":"product","2":"type-product","3":"status-publish","5":"product_cat-edebiyat","6":"product_cat-roman-oyku","7":"pa_cilt-ciltsiz","8":"pa_tur-kitap","9":"pa_yayinevi-ren-kitap","10":"pa_yazar-suzanne-wright","12":"first","13":"instock","14":"sale","15":"shipping-taxable","16":"purchasable","17":"product-type-simple"},"_links":{"self":[{"href":"https:\/\/roveyayinevi.com.tr\/index.php\/wp-json\/wp\/v2\/product\/763053","targetHints":{"allow":["GET"]}}],"collection":[{"href":"https:\/\/roveyayinevi.com.tr\/index.php\/wp-json\/wp\/v2\/product"}],"about":[{"href":"https:\/\/roveyayinevi.com.tr\/index.php\/wp-json\/wp\/v2\/types\/product"}],"wp:attachment":[{"href":"https:\/\/roveyayinevi.com.tr\/index.php\/wp-json\/wp\/v2\/media?parent=763053"}],"wp:term":[{"taxonomy":"product_brand","embeddable":true,"href":"https:\/\/roveyayinevi.com.tr\/index.php\/wp-json\/wp\/v2\/product_brand?post=763053"},{"taxonomy":"product_cat","embeddable":true,"href":"https:\/\/roveyayinevi.com.tr\/index.php\/wp-json\/wp\/v2\/product_cat?post=763053"},{"taxonomy":"product_tag","embeddable":true,"href":"https:\/\/roveyayinevi.com.tr\/index.php\/wp-json\/wp\/v2\/product_tag?post=763053"}],"curies":[{"name":"wp","href":"https:\/\/api.w.org\/{rel}","templated":true}]}}