{"id":763050,"date":"2025-08-28T10:28:55","date_gmt":"2025-08-28T07:28:55","guid":{"rendered":"https:\/\/roveyayinevi.com.tr\/index.php\/urun\/1915-bir-olum-yolculugu-krikor-zohrab\/"},"modified":"2026-04-15T03:28:33","modified_gmt":"2026-04-15T00:28:33","slug":"1915-bir-olum-yolculugu-krikor-zohrab","status":"publish","type":"product","link":"https:\/\/roveyayinevi.com.tr\/index.php\/urun\/1915-bir-olum-yolculugu-krikor-zohrab\/","title":{"rendered":"1915 Bir \u00d6l\u00fcm Yolculu\u011fu : Krikor Zohrab"},"content":{"rendered":"<p>\u201dMeclis-i Mebusan&#8217;da s\u00f6yledi\u011fim gibi, size de \u015funu s\u00f6ylememe izin verin: Ben sosyalistim, inanm\u0131\u015f bir sosyalistim. Sosyalist ne hayduttur ne de ter\u00f6rist&#8230; Diyebilirim ki b\u00fct\u00fcn \u00f6mr\u00fcm Osmanl\u0131 yasalar\u0131m incelemekle ge\u00e7mi\u015ftir. \u0130nan\u0131yorum ki, Ermenili\u011fin kurtulu\u015fu, Osmanl\u0131l\u0131\u011f\u0131n kurtulu\u015fundad\u0131r. Son d\u00f6rt y\u0131ll\u0131k siyasi ya\u015fam\u0131mda Do\u011fu Anadolu sorununu, benzer sorunlarla birlikte t\u00fcm\u00fcyle inceledim. Ve sorunlar\u0131n asl\u0131n\u0131, eski ve yeni i\u00e7i\u015fleri bakanlar\u0131ndan daha iyi kavram\u0131\u015f bir Osmanl\u0131 olarak b\u00fct\u00fcn kalbimle y\u00fcksek \u015fahs\u0131n\u0131z\u0131 temin ederim ki, gelecekte yeni belalara sahne olma\u011fa aday olan bu y\u00f6reler, bu yaz\u0131da belirtilen \u00e7\u00f6z\u00fcmler sayesinde sakinle\u015fecek ve k\u0131sa zamanda bay\u0131nd\u0131r hale gelerek olas\u0131 sald\u0131r\u0131lara kar\u015f\u0131 sa\u011flam bir duvar olu\u015fturacakt\u0131r. Burada do\u011fdum, burada b\u00fcy\u00fcd\u00fcm, burada ya\u015fad\u0131m ve b\u00fct\u00fcn samimiyetimle burada uzun ya\u015famak isterdim. Yaz\u0131k! \u015eimdi, sevgili kar\u0131c\u0131\u011f\u0131m, bizim i\u00e7in son perde a\u00e7\u0131l\u0131rken, daha fazla yazacak g\u00fcc\u00fcm kalmad\u0131. Hayatta kalamazsam, \u00e7ocuklar\u0131ma son \u00f6\u011f\u00fcd\u00fcm ve arzum; her zaman birbirleriyle uyum i\u00e7inde olsunlar, sana sayg\u0131 g\u00f6stersinler, senin kalbini k\u0131rmas\u0131nlar ve beni de hat\u0131rlas\u0131nlar.\u201d <\/p>\n","protected":false},"excerpt":{"rendered":"<p>\u201dMeclis-i Mebusan&#8217;da s\u00f6yledi\u011fim gibi, size de \u015funu s\u00f6ylememe izin verin: Ben sosyalistim, inanm\u0131\u015f bir sosyalistim. Sosyalist ne hayduttur ne de ter\u00f6rist&#8230; Diyebilirim ki b\u00fct\u00fcn \u00f6mr\u00fcm Osmanl\u0131<span class=\"excerpt-hellip\"> [\u2026]<\/span><\/p>\n","protected":false},"featured_media":0,"template":"","meta":{"_monsterinsights_skip_tracking":false,"_monsterinsights_sitenote_active":false,"_monsterinsights_sitenote_note":"","_monsterinsights_sitenote_category":0},"product_brand":[],"product_cat":[14009,12291],"product_tag":[],"class_list":{"0":"post-763050","1":"product","2":"type-product","3":"status-publish","5":"product_cat-biyografi-otobiyografi-edebiyat","6":"product_cat-edebiyat","7":"pa_cilt-ciltsiz","8":"pa_tur-kitap","9":"pa_yayinevi-kor-kitap","10":"pa_yazar-nesim-ovadya-izrail","12":"first","13":"instock","14":"sale","15":"shipping-taxable","16":"purchasable","17":"product-type-simple"},"_links":{"self":[{"href":"https:\/\/roveyayinevi.com.tr\/index.php\/wp-json\/wp\/v2\/product\/763050","targetHints":{"allow":["GET"]}}],"collection":[{"href":"https:\/\/roveyayinevi.com.tr\/index.php\/wp-json\/wp\/v2\/product"}],"about":[{"href":"https:\/\/roveyayinevi.com.tr\/index.php\/wp-json\/wp\/v2\/types\/product"}],"wp:attachment":[{"href":"https:\/\/roveyayinevi.com.tr\/index.php\/wp-json\/wp\/v2\/media?parent=763050"}],"wp:term":[{"taxonomy":"product_brand","embeddable":true,"href":"https:\/\/roveyayinevi.com.tr\/index.php\/wp-json\/wp\/v2\/product_brand?post=763050"},{"taxonomy":"product_cat","embeddable":true,"href":"https:\/\/roveyayinevi.com.tr\/index.php\/wp-json\/wp\/v2\/product_cat?post=763050"},{"taxonomy":"product_tag","embeddable":true,"href":"https:\/\/roveyayinevi.com.tr\/index.php\/wp-json\/wp\/v2\/product_tag?post=763050"}],"curies":[{"name":"wp","href":"https:\/\/api.w.org\/{rel}","templated":true}]}}