{"id":763049,"date":"2025-08-28T10:28:53","date_gmt":"2025-08-28T07:28:53","guid":{"rendered":"https:\/\/roveyayinevi.com.tr\/index.php\/urun\/kanatcikov-carlik-rusyasinda-devrimci-bir-iscinin-anilari\/"},"modified":"2025-11-21T10:44:08","modified_gmt":"2025-11-21T07:44:08","slug":"kanatcikov-carlik-rusyasinda-devrimci-bir-iscinin-anilari","status":"publish","type":"product","link":"https:\/\/roveyayinevi.com.tr\/index.php\/urun\/kanatcikov-carlik-rusyasinda-devrimci-bir-iscinin-anilari\/","title":{"rendered":"Kanat\u00e7ikov -\u00c7arl\u0131k Rusyas\u0131\u2019nda Devrimci Bir I\u015f\u00e7inin An\u0131lar\u0131-"},"content":{"rendered":"<p>&#8220;\u0130skra d\u00f6neminin Bol\u015fevik i\u015f\u00e7i nesli tarihsel sava\u015f alan\u0131nda t\u00fckenmi\u015f ve (az say\u0131daki istisna d\u0131\u015f\u0131nda) yok olmu\u015ftu. \u0130simleri bile \u00e7o\u011fu durumda haf\u0131zam\u0131zdan silinip gitmi\u015fti. Yine de bu nesil, Lenin&#8217;le birlikte devrimci bir partinin kurulmas\u0131nda ve i\u015f\u00e7i kitlelerinin \u00f6rg\u00fctlenmesinde \u00e7ok b\u00fcy\u00fck ba\u015far\u0131lar, kazan\u0131mlar elde etmi\u015ftir. Yetenekleri, s\u0131n\u0131f d\u00fc\u015fmanlar\u0131yla sava\u015fma y\u00f6ntemleri, \u015fiddetli ve \u0131st\u0131rap dolu m\u00fccadelenin ate\u015fi i\u00e7inde d\u00f6v\u00fclen ilkeleri, devrimin \u00e7\u0131karlar\u0131na adanm\u0131\u015f hayatlar\u0131 di\u011fer nesle \u00f6nemli bir \u00f6rnek sunmu\u015ftur.&#8221; S. Kanat\u00e7ikov.          Elinizde tuttu\u011funuz bu kitab\u0131n yazar\u0131 ve ba\u015fkahraman\u0131 olan Semyon Kanat\u00e7ikov, s\u0131radan, politik olmayan yoksul bir ailede do\u011fmu\u015f birisi olarak t\u00fcm hayat\u0131n\u0131 kendinin, s\u0131n\u0131f\u0131n\u0131n, insanl\u0131\u011f\u0131 ve d\u00fcnyan\u0131n kurtulu\u015funa adam\u0131\u015f devrimci bir i\u015f\u00e7idir. Kaleme ald\u0131\u011f\u0131 an\u0131lar\u0131nda ortaya koydu\u011fu bu deneyimler, hem ulusun boyunduruk alt\u0131nda tutuldu\u011fu hem de k\u00f6yl\u00fcl\u00fc\u011f\u00fcn ve i\u015f\u00e7i s\u0131n\u0131f\u0131n\u0131n a\u011f\u0131r bir s\u00f6m\u00fcr\u00fc alt\u0131nda can \u00e7eki\u015fti\u011fi bir imparatorlu\u011fu son d\u00f6nemlerini resmetmekte hem de bu ko\u015fullar alt\u0131nda i\u015f\u00e7i s\u0131n\u0131f\u0131n\u0131n \u00c7arl\u0131k Rusya\u2019s\u0131ndaki m\u00fccadelelerinin, \u00f6rg\u00fctlerinin ve nihayetinde i\u015f\u00e7i s\u0131n\u0131fin\u0131n dahliyle ger\u00e7ekle\u015fen devrimlerin i\u00e7eriden ve tabandan bir anlat\u0131s\u0131n\u0131 sunmaktad\u0131r. T\u00fcm bu zor ko\u015fullar alt\u0131nda ve toplumsal alt\u00fcst olu\u015flar s\u0131ras\u0131nca kendini \u00f6rg\u00fct\u00fcne ve devrim m\u00fccadelesine adam\u0131\u015f &#8220;s\u0131radan&#8221; bir i\u015f\u00e7i ve militan olan Semyon Kanat\u00e7ikov\u2019un an\u0131lar\u0131 bug\u00fcn bile t\u00fcm d\u00fcnyadaki i\u015f\u00e7i s\u0131n\u0131f\u0131n\u0131n devrimci militanlar\u0131na \u0131\u015f\u0131k tutabilecek niteliktedir. <\/p>\n","protected":false},"excerpt":{"rendered":"<p>&#8220;\u0130skra d\u00f6neminin Bol\u015fevik i\u015f\u00e7i nesli tarihsel sava\u015f alan\u0131nda t\u00fckenmi\u015f ve (az say\u0131daki istisna d\u0131\u015f\u0131nda) yok olmu\u015ftu. \u0130simleri bile \u00e7o\u011fu durumda haf\u0131zam\u0131zdan silinip gitmi\u015fti. Yine de bu<span class=\"excerpt-hellip\"> [\u2026]<\/span><\/p>\n","protected":false},"featured_media":0,"template":"","meta":{"_monsterinsights_skip_tracking":false,"_monsterinsights_sitenote_active":false,"_monsterinsights_sitenote_note":"","_monsterinsights_sitenote_category":0},"product_brand":[],"product_cat":[12291,12711],"product_tag":[],"class_list":{"0":"post-763049","1":"product","2":"type-product","3":"status-publish","5":"product_cat-edebiyat","6":"product_cat-roman-oyku","7":"pa_cilt-ciltsiz","8":"pa_tur-kitap","9":"pa_yayinevi-kor-kitap","10":"pa_yazar-semyon-ivanovic-kanatcikov","12":"first","13":"instock","14":"sale","15":"shipping-taxable","16":"purchasable","17":"product-type-simple"},"_links":{"self":[{"href":"https:\/\/roveyayinevi.com.tr\/index.php\/wp-json\/wp\/v2\/product\/763049","targetHints":{"allow":["GET"]}}],"collection":[{"href":"https:\/\/roveyayinevi.com.tr\/index.php\/wp-json\/wp\/v2\/product"}],"about":[{"href":"https:\/\/roveyayinevi.com.tr\/index.php\/wp-json\/wp\/v2\/types\/product"}],"wp:attachment":[{"href":"https:\/\/roveyayinevi.com.tr\/index.php\/wp-json\/wp\/v2\/media?parent=763049"}],"wp:term":[{"taxonomy":"product_brand","embeddable":true,"href":"https:\/\/roveyayinevi.com.tr\/index.php\/wp-json\/wp\/v2\/product_brand?post=763049"},{"taxonomy":"product_cat","embeddable":true,"href":"https:\/\/roveyayinevi.com.tr\/index.php\/wp-json\/wp\/v2\/product_cat?post=763049"},{"taxonomy":"product_tag","embeddable":true,"href":"https:\/\/roveyayinevi.com.tr\/index.php\/wp-json\/wp\/v2\/product_tag?post=763049"}],"curies":[{"name":"wp","href":"https:\/\/api.w.org\/{rel}","templated":true}]}}