{"id":763047,"date":"2025-08-28T10:28:49","date_gmt":"2025-08-28T07:28:49","guid":{"rendered":"https:\/\/roveyayinevi.com.tr\/index.php\/urun\/cocuklu-cami\/"},"modified":"2026-04-15T03:28:33","modified_gmt":"2026-04-15T00:28:33","slug":"cocuklu-cami","status":"publish","type":"product","link":"https:\/\/roveyayinevi.com.tr\/index.php\/urun\/cocuklu-cami\/","title":{"rendered":"\u00c7ocuklu Cami"},"content":{"rendered":"<p>\u0130brahim ve Mirza hayal kurmay\u0131 \u00e7ok seviyorlard\u0131. Ancak onlar\u0131n kurduklar\u0131 hayaller di\u011fer \u00e7ocuklar\u0131n hayallerinden biraz farkl\u0131yd\u0131. \u0130brahim, i\u00e7inde \u00e7ocuklar\u0131n g\u00fcl\u00fc\u015fmeleri ile dolup ta\u015fan bir cami hayal ediyordu. Sizce bu hayali ger\u00e7ek olacak m\u0131? Haydi, kitab\u0131m\u0131z\u0131 okuyup bunu \u00f6\u011frenelim. <\/p>\n","protected":false},"excerpt":{"rendered":"<p>\u0130brahim ve Mirza hayal kurmay\u0131 \u00e7ok seviyorlard\u0131. Ancak onlar\u0131n kurduklar\u0131 hayaller di\u011fer \u00e7ocuklar\u0131n hayallerinden biraz farkl\u0131yd\u0131. \u0130brahim, i\u00e7inde \u00e7ocuklar\u0131n g\u00fcl\u00fc\u015fmeleri ile dolup ta\u015fan bir cami hayal<span class=\"excerpt-hellip\"> [\u2026]<\/span><\/p>\n","protected":false},"featured_media":0,"template":"","meta":{"_monsterinsights_skip_tracking":false,"_monsterinsights_sitenote_active":false,"_monsterinsights_sitenote_note":"","_monsterinsights_sitenote_category":0},"product_brand":[],"product_cat":[12274,12284],"product_tag":[],"class_list":{"0":"post-763047","1":"product","2":"type-product","3":"status-publish","5":"product_cat-cocuk-ve-genclik-kitaplari","6":"product_cat-hikayeler","7":"pa_cilt-ciltsiz","8":"pa_tur-kitap","9":"pa_yayinevi-cinaralti-yayinlari","10":"pa_yazar-ibrahim-aslan","12":"first","13":"instock","14":"sale","15":"shipping-taxable","16":"purchasable","17":"product-type-simple"},"_links":{"self":[{"href":"https:\/\/roveyayinevi.com.tr\/index.php\/wp-json\/wp\/v2\/product\/763047","targetHints":{"allow":["GET"]}}],"collection":[{"href":"https:\/\/roveyayinevi.com.tr\/index.php\/wp-json\/wp\/v2\/product"}],"about":[{"href":"https:\/\/roveyayinevi.com.tr\/index.php\/wp-json\/wp\/v2\/types\/product"}],"wp:attachment":[{"href":"https:\/\/roveyayinevi.com.tr\/index.php\/wp-json\/wp\/v2\/media?parent=763047"}],"wp:term":[{"taxonomy":"product_brand","embeddable":true,"href":"https:\/\/roveyayinevi.com.tr\/index.php\/wp-json\/wp\/v2\/product_brand?post=763047"},{"taxonomy":"product_cat","embeddable":true,"href":"https:\/\/roveyayinevi.com.tr\/index.php\/wp-json\/wp\/v2\/product_cat?post=763047"},{"taxonomy":"product_tag","embeddable":true,"href":"https:\/\/roveyayinevi.com.tr\/index.php\/wp-json\/wp\/v2\/product_tag?post=763047"}],"curies":[{"name":"wp","href":"https:\/\/api.w.org\/{rel}","templated":true}]}}