{"id":763034,"date":"2025-08-28T10:28:25","date_gmt":"2025-08-28T07:28:25","guid":{"rendered":"https:\/\/roveyayinevi.com.tr\/index.php\/urun\/omurluk-yaslar\/"},"modified":"2026-04-15T03:28:33","modified_gmt":"2026-04-15T00:28:33","slug":"omurluk-yaslar","status":"publish","type":"product","link":"https:\/\/roveyayinevi.com.tr\/index.php\/urun\/omurluk-yaslar\/","title":{"rendered":"\u00d6m\u00fcrl\u00fck Yaslar"},"content":{"rendered":"<p>Bu kitap, politik gerek\u00e7elerle suikasta u\u011frayan ayd\u0131n ve gazeteci yak\u0131nlar\u0131yla yap\u0131lan g\u00f6r\u00fc\u015fmelere dayan\u0131yor. T\u00fcrkiye gibi ifade ve ileti\u015fim \u00f6zg\u00fcrl\u00fc\u011f\u00fc ile demokratik hak ve taleplerin fark\u0131ndal\u0131\u011f\u0131n\u0131n zay\u0131f oldu\u011fu \u00fclkelerde halka ger\u00e7ekleri anlatmak i\u00e7in \u00e7abalayan gazetecilerin ve ayd\u0131nlar\u0131n \u00e7e\u015fitli nedenlerle ve baz\u0131 g\u00fc\u00e7 odaklar\u0131 taraf\u0131ndan \u00f6ld\u00fcr\u00fclmesine yeterince g\u00fc\u00e7l\u00fc bir toplumsal tepki verilmemi\u015ftir. U\u011fur Mumcu ve Hrant Dink cinayetleri ba\u015fta olmak \u00fczere baz\u0131lar\u0131na verilen g\u00fc\u00e7l\u00fc tepkilerse cinayetlerin ger\u00e7ek faillerinin bulunmas\u0131na ya da etkili bir yarg\u0131lamayla sonu\u00e7lanmas\u0131na vesile olmam\u0131\u015ft\u0131r. Neredeyse k\u0131sa T\u00fcrkiye tarihi i\u00e7inde i\u015flenen hi\u00e7bir siyasi cinayetin as\u0131l failleri a\u00e7\u0131k\u00e7a saptan\u0131p cezas\u0131 verilmemi\u015ftir. Fail diye yakalananlar genellikle eylemin sadece g\u00f6r\u00fcn\u00fcrdeki y\u00fcz\u00fc, ancak as\u0131l azmettiriciler ve cinayetlerin ger\u00e7ek nedeni asla ortaya \u00e7\u0131kar\u0131lamam\u0131\u015ft\u0131r. Bu t\u00fcr cinayetlerle ilgili olarak giderek daha da yayg\u0131nla\u015fan ve kan\u0131ksanan cezas\u0131zl\u0131k pratikleri, toplumdaki adalet duygusunu da derinden yaralam\u0131\u015f ve bir nevi yenilgi k\u00fclt\u00fcr\u00fc ile \u00f6\u011frenilmi\u015f \u00e7aresizlik ortaya \u00e7\u0131karm\u0131\u015ft\u0131r. Bu \u00e7aresizli\u011fin belki de birincil muhatab\u0131 siyasi cinayete kurban gidenlerin yak\u0131nlar\u0131 olmu\u015ftur. Ne var ki, hem kay\u0131pla ilgili olarak hem de kay\u0131p sonras\u0131ndaki dava s\u00fcre\u00e7leri, anmalar ve kayba tutulan yaslarla ilgili olarak kay\u0131p yak\u0131nlar\u0131n\u0131n d\u00fcnyas\u0131na pek dikkat \u00e7ekilmemi\u015ftir.  Bu kitap bir anlamda sadece bir ara\u015ft\u0131rma, akademik bir merak ve bilimsel bir \u00e7al\u0131\u015fma de\u011fil, ayn\u0131 zamanda politik maktul yak\u0131nlar\u0131yla birlikte ac\u0131yla nas\u0131l ba\u015fa \u00e7\u0131k\u0131labilece\u011fine dair bir \u00f6\u011frenme ve birbirini sa\u011faltma deneyimi olarak g\u00f6r\u00fclmelidir. Bu nedenle kitab\u0131n ac\u0131lar\u0131 de\u015fmek, yaralar\u0131 yeniden kanatmak de\u011fil, ayn\u0131 yaralar\u0131n yeniden a\u00e7\u0131lmamas\u0131 i\u00e7in neler yap\u0131lmas\u0131 gerekti\u011fine dair yol g\u00f6sterici olmak gibi bir meram\u0131 vard\u0131r. Umar\u0131z bu meram\u0131m\u0131z ger\u00e7e\u011fe d\u00f6n\u00fc\u015f\u00fcr. Bu kitap faili me\u015fhur ve me\u00e7hul olan politik maktullerin aziz hat\u0131ralar\u0131na adanm\u0131\u015ft\u0131r. <\/p>\n","protected":false},"excerpt":{"rendered":"<p>Bu kitap, politik gerek\u00e7elerle suikasta u\u011frayan ayd\u0131n ve gazeteci yak\u0131nlar\u0131yla yap\u0131lan g\u00f6r\u00fc\u015fmelere dayan\u0131yor. T\u00fcrkiye gibi ifade ve ileti\u015fim \u00f6zg\u00fcrl\u00fc\u011f\u00fc ile demokratik hak ve taleplerin fark\u0131ndal\u0131\u011f\u0131n\u0131n zay\u0131f<span class=\"excerpt-hellip\"> [\u2026]<\/span><\/p>\n","protected":false},"featured_media":0,"template":"","meta":{"_monsterinsights_skip_tracking":false,"_monsterinsights_sitenote_active":false,"_monsterinsights_sitenote_note":"","_monsterinsights_sitenote_category":0},"product_brand":[],"product_cat":[15983,13488],"product_tag":[],"class_list":{"0":"post-763034","1":"product","2":"type-product","3":"status-publish","5":"product_cat-iletisim-ve-medya","6":"product_cat-toplum-ve-insan","7":"pa_cilt-ciltsiz","8":"pa_tur-kitap","9":"pa_yayinevi-umag-yayinevi","10":"pa_yazar-tezcan-durna-nehir-durna","12":"first","13":"instock","14":"sale","15":"shipping-taxable","16":"purchasable","17":"product-type-simple"},"_links":{"self":[{"href":"https:\/\/roveyayinevi.com.tr\/index.php\/wp-json\/wp\/v2\/product\/763034","targetHints":{"allow":["GET"]}}],"collection":[{"href":"https:\/\/roveyayinevi.com.tr\/index.php\/wp-json\/wp\/v2\/product"}],"about":[{"href":"https:\/\/roveyayinevi.com.tr\/index.php\/wp-json\/wp\/v2\/types\/product"}],"wp:attachment":[{"href":"https:\/\/roveyayinevi.com.tr\/index.php\/wp-json\/wp\/v2\/media?parent=763034"}],"wp:term":[{"taxonomy":"product_brand","embeddable":true,"href":"https:\/\/roveyayinevi.com.tr\/index.php\/wp-json\/wp\/v2\/product_brand?post=763034"},{"taxonomy":"product_cat","embeddable":true,"href":"https:\/\/roveyayinevi.com.tr\/index.php\/wp-json\/wp\/v2\/product_cat?post=763034"},{"taxonomy":"product_tag","embeddable":true,"href":"https:\/\/roveyayinevi.com.tr\/index.php\/wp-json\/wp\/v2\/product_tag?post=763034"}],"curies":[{"name":"wp","href":"https:\/\/api.w.org\/{rel}","templated":true}]}}