{"id":763033,"date":"2025-08-28T10:28:23","date_gmt":"2025-08-28T07:28:23","guid":{"rendered":"https:\/\/roveyayinevi.com.tr\/index.php\/urun\/ilk-cizgi-romanim-my-little-pony-dedektif-hitch\/"},"modified":"2026-04-15T03:28:33","modified_gmt":"2026-04-15T00:28:33","slug":"ilk-cizgi-romanim-my-little-pony-dedektif-hitch","status":"publish","type":"product","link":"https:\/\/roveyayinevi.com.tr\/index.php\/urun\/ilk-cizgi-romanim-my-little-pony-dedektif-hitch\/","title":{"rendered":"\u0130lk \u00c7izgi Roman\u0131m &#8211; My L\u0131ttle Pony-Dedektif H\u0131tch"},"content":{"rendered":"<p>Ponyler i\u015f ba\u015f\u0131nda!   Sunny ve Pipp kay\u0131p! Acaba neredeler? Bu gizemi ancak Dedektif Hitch ve orta\u011f\u0131 \u00e7\u00f6zer.   \u0130lk \u00c7izgi Roman\u0131m serisi, \u00e7ocuklar\u0131 \u00e7izgi romanlar\u0131n renkli d\u00fcnyas\u0131yla tan\u0131\u015ft\u0131r\u0131yor.  Yeni okumaya ba\u015flayan \u00e7ocuklara uygun sade ve k\u0131sa metinler \u00c7ocuklar\u0131n hem ebeveynleriyle hem de kendi ba\u015flar\u0131na okuyabilecekleri maceralar <\/p>\n","protected":false},"excerpt":{"rendered":"<p>Ponyler i\u015f ba\u015f\u0131nda! Sunny ve Pipp kay\u0131p! Acaba neredeler? Bu gizemi ancak Dedektif Hitch ve orta\u011f\u0131 \u00e7\u00f6zer. \u0130lk \u00c7izgi Roman\u0131m serisi, \u00e7ocuklar\u0131 \u00e7izgi romanlar\u0131n renkli d\u00fcnyas\u0131yla<span class=\"excerpt-hellip\"> [\u2026]<\/span><\/p>\n","protected":false},"featured_media":0,"template":"","meta":{"_monsterinsights_skip_tracking":false,"_monsterinsights_sitenote_active":false,"_monsterinsights_sitenote_note":"","_monsterinsights_sitenote_category":0},"product_brand":[],"product_cat":[12689,12274],"product_tag":[],"class_list":{"0":"post-763033","1":"product","2":"type-product","3":"status-publish","5":"product_cat-cizgi-roman-cocuk-ve-genclik-kitaplari","6":"product_cat-cocuk-ve-genclik-kitaplari","7":"pa_cilt-ciltsiz","8":"pa_tur-kitap","9":"pa_yayinevi-dogan-cocuk","10":"pa_yazar-megan-roth-agnes-garbowska","12":"first","13":"instock","14":"sale","15":"shipping-taxable","16":"purchasable","17":"product-type-simple"},"_links":{"self":[{"href":"https:\/\/roveyayinevi.com.tr\/index.php\/wp-json\/wp\/v2\/product\/763033","targetHints":{"allow":["GET"]}}],"collection":[{"href":"https:\/\/roveyayinevi.com.tr\/index.php\/wp-json\/wp\/v2\/product"}],"about":[{"href":"https:\/\/roveyayinevi.com.tr\/index.php\/wp-json\/wp\/v2\/types\/product"}],"wp:attachment":[{"href":"https:\/\/roveyayinevi.com.tr\/index.php\/wp-json\/wp\/v2\/media?parent=763033"}],"wp:term":[{"taxonomy":"product_brand","embeddable":true,"href":"https:\/\/roveyayinevi.com.tr\/index.php\/wp-json\/wp\/v2\/product_brand?post=763033"},{"taxonomy":"product_cat","embeddable":true,"href":"https:\/\/roveyayinevi.com.tr\/index.php\/wp-json\/wp\/v2\/product_cat?post=763033"},{"taxonomy":"product_tag","embeddable":true,"href":"https:\/\/roveyayinevi.com.tr\/index.php\/wp-json\/wp\/v2\/product_tag?post=763033"}],"curies":[{"name":"wp","href":"https:\/\/api.w.org\/{rel}","templated":true}]}}